{"id":2519,"date":"2026-03-13T10:10:21","date_gmt":"2026-03-13T10:10:21","guid":{"rendered":"https:\/\/paris-photoshoot.com\/mapa-do-site\/"},"modified":"2026-03-13T10:29:24","modified_gmt":"2026-03-13T10:29:24","slug":"mapa-do-site","status":"publish","type":"page","link":"https:\/\/paris-photoshoot.com\/pt-pt\/mapa-do-site\/","title":{"rendered":"Mapa do site"},"content":{"rendered":"\t\t<div data-elementor-type=\"wp-page\" data-elementor-id=\"2519\" class=\"elementor elementor-2519 elementor-2516\" data-elementor-post-type=\"page\">\n\t\t\t\t\t\t<section class=\"elementor-section elementor-top-section elementor-element elementor-element-6b582d6 elementor-section-height-min-height elementor-section-boxed elementor-section-height-default elementor-section-items-middle\" data-id=\"6b582d6\" data-element_type=\"section\" data-e-type=\"section\" data-settings=\"{&quot;background_background&quot;:&quot;classic&quot;}\">\n\t\t\t\t\t\t\t<div class=\"elementor-background-overlay\"><\/div>\n\t\t\t\t\t\t\t<div class=\"elementor-container elementor-column-gap-default\">\n\t\t\t\t\t<div class=\"elementor-column elementor-col-100 elementor-top-column elementor-element elementor-element-62a9a8a\" data-id=\"62a9a8a\" data-element_type=\"column\" data-e-type=\"column\">\n\t\t\t<div class=\"elementor-widget-wrap elementor-element-populated\">\n\t\t\t\t\t\t<div class=\"elementor-element elementor-element-e563b5b de_scroll_animation_no elementor-widget elementor-widget-spacer\" data-id=\"e563b5b\" data-element_type=\"widget\" data-e-type=\"widget\" data-widget_type=\"spacer.default\">\n\t\t\t\t<div class=\"elementor-widget-container\">\n\t\t\t\t\t\t\t<div class=\"elementor-spacer\">\n\t\t\t<div class=\"elementor-spacer-inner\"><\/div>\n\t\t<\/div>\n\t\t\t\t\t\t<\/div>\n\t\t\t\t<\/div>\n\t\t\t\t\t<\/div>\n\t\t<\/div>\n\t\t\t\t\t<\/div>\n\t\t<\/section>\n\t\t<div class=\"elementor-element elementor-element-071327b e-flex e-con-boxed e-con e-parent\" data-id=\"071327b\" data-element_type=\"container\" data-e-type=\"container\">\n\t\t\t\t\t<div class=\"e-con-inner\">\n\t\t\t\t<div class=\"elementor-element elementor-element-33f6a03 de_scroll_animation_no elementor-widget elementor-widget-text-editor\" data-id=\"33f6a03\" data-element_type=\"widget\" data-e-type=\"widget\" data-widget_type=\"text-editor.default\">\n\t\t\t\t<div class=\"elementor-widget-container\">\n\t\t\t\t\t\t\t\t\t<p>A estrutura do nosso site facilita-te a navega\u00e7\u00e3o para as diferentes p\u00e1ginas. Basta clicares no artigo que pretendes e ser\u00e1s automaticamente redireccionado para ele.   <\/p>\t\t\t\t\t\t\t\t<\/div>\n\t\t\t\t<\/div>\n\t\t\t\t<div class=\"elementor-element elementor-element-a2d8ad1 de_scroll_animation_no elementor-widget elementor-widget-sitemap\" data-id=\"a2d8ad1\" data-element_type=\"widget\" data-e-type=\"widget\" data-widget_type=\"sitemap.default\">\n\t\t\t\t<div class=\"elementor-widget-container\">\n\t\t\t\t\t<div class=\"elementor-sitemap-wrap\"><div class=\"elementor-sitemap-section\"><h3 class=\"elementor-sitemap-title elementor-sitemap-page-title\">P\u00e1ginas<\/h3><ul class=\"elementor-sitemap-list elementor-sitemap-page-list\"><li class=\"elementor-sitemap-item elementor-sitemap-item-page page_item page-item-2285 menu-item\"><a href=\"https:\/\/paris-photoshoot.com\/pt-pt\/\" class=\"elementor-sitemap-item elementor-sitemap-item-page menu-link\">Casa<\/a><\/li><li class=\"elementor-sitemap-item elementor-sitemap-item-page page_item page-item-2280 menu-item\"><a href=\"https:\/\/paris-photoshoot.com\/pt-pt\/sobre-nos\/\" class=\"elementor-sitemap-item elementor-sitemap-item-page menu-link\">Sobre n\u00f3s<\/a><\/li><li class=\"elementor-sitemap-item elementor-sitemap-item-page page_item page-item-2339 menu-item\"><a href=\"https:\/\/paris-photoshoot.com\/pt-pt\/pacotes\/\" class=\"elementor-sitemap-item elementor-sitemap-item-page menu-link\">Pacotes<\/a><\/li><li class=\"elementor-sitemap-item elementor-sitemap-item-page page_item page-item-2257 menu-item\"><a href=\"https:\/\/paris-photoshoot.com\/pt-pt\/sessao-fotografica-a-solo\/\" class=\"elementor-sitemap-item elementor-sitemap-item-page menu-link\">Sess\u00e3o fotogr\u00e1fica a solo<\/a><\/li><li class=\"elementor-sitemap-item elementor-sitemap-item-page page_item page-item-2256 menu-item\"><a href=\"https:\/\/paris-photoshoot.com\/pt-pt\/sessao-fotografica-de-casal\/\" class=\"elementor-sitemap-item elementor-sitemap-item-page menu-link\">Sess\u00e3o fotogr\u00e1fica de casal<\/a><\/li><li class=\"elementor-sitemap-item elementor-sitemap-item-page page_item page-item-2267 menu-item\"><a href=\"https:\/\/paris-photoshoot.com\/pt-pt\/sessao-fotografica-de-familia\/\" class=\"elementor-sitemap-item elementor-sitemap-item-page menu-link\">Sess\u00e3o fotogr\u00e1fica de fam\u00edlia<\/a><\/li><li class=\"elementor-sitemap-item elementor-sitemap-item-page page_item page-item-2269 menu-item\"><a href=\"https:\/\/paris-photoshoot.com\/pt-pt\/sessao-de-fotos-de-amigos\/\" class=\"elementor-sitemap-item elementor-sitemap-item-page menu-link\">Sess\u00e3o de fotos de amigos<\/a><\/li><li class=\"elementor-sitemap-item elementor-sitemap-item-page page_item page-item-2258 menu-item\"><a href=\"https:\/\/paris-photoshoot.com\/pt-pt\/contacto\/\" class=\"elementor-sitemap-item elementor-sitemap-item-page menu-link\">Contacto<\/a><\/li><li class=\"elementor-sitemap-item elementor-sitemap-item-page page_item page-item-2334 menu-item\"><a href=\"https:\/\/paris-photoshoot.com\/pt-pt\/politica-de-privacidade\/\" class=\"elementor-sitemap-item elementor-sitemap-item-page menu-link\">Pol\u00edtica de privacidade<\/a><\/li><li class=\"elementor-sitemap-item elementor-sitemap-item-page page_item page-item-2365 menu-item\"><a href=\"https:\/\/paris-photoshoot.com\/pt-pt\/faq\/\" class=\"elementor-sitemap-item elementor-sitemap-item-page menu-link\">FAQ<\/a><\/li><li class=\"elementor-sitemap-item elementor-sitemap-item-page page_item page-item-2284 current_page_parent menu-item current-menu-parent\"><a href=\"https:\/\/paris-photoshoot.com\/pt-pt\/blogue\/\" class=\"elementor-sitemap-item elementor-sitemap-item-page menu-link\">Blogue<\/a><\/li><li class=\"elementor-sitemap-item elementor-sitemap-item-page page_item page-item-2268 menu-item\"><a href=\"https:\/\/paris-photoshoot.com\/pt-pt\/a-minha-conta\/\" class=\"elementor-sitemap-item elementor-sitemap-item-page menu-link\">A minha conta<\/a><\/li><li class=\"elementor-sitemap-item elementor-sitemap-item-page page_item page-item-2342 menu-item\"><a href=\"https:\/\/paris-photoshoot.com\/pt-pt\/termos-e-condicoes\/\" class=\"elementor-sitemap-item elementor-sitemap-item-page menu-link\">Termos e condi\u00e7\u00f5es<\/a><\/li><li class=\"elementor-sitemap-item elementor-sitemap-item-page page_item page-item-2335 menu-item\"><a href=\"https:\/\/paris-photoshoot.com\/pt-pt\/aviso-legal-e-termos-de-utilizacao\/\" class=\"elementor-sitemap-item elementor-sitemap-item-page menu-link\">Aviso legal e termos de utiliza\u00e7\u00e3o<\/a><\/li><li class=\"elementor-sitemap-item elementor-sitemap-item-page page_item page-item-2446 menu-item\"><a href=\"https:\/\/paris-photoshoot.com\/pt-pt\/onde-estao-os-melhores-locais-para-sessoes-fotograficas-em-paris\/\" class=\"elementor-sitemap-item elementor-sitemap-item-page menu-link\">Onde est\u00e3o os melhores locais para sess\u00f5es fotogr\u00e1ficas em Paris?<\/a><\/li><li class=\"elementor-sitemap-item elementor-sitemap-item-page page_item page-item-2590 menu-item\"><a href=\"https:\/\/paris-photoshoot.com\/pt-pt\/locais-da-sessao-de-fotos-em-paris\/\" class=\"elementor-sitemap-item elementor-sitemap-item-page menu-link\">Locais da sess\u00e3o de fotos em Paris<\/a><\/li><li class=\"elementor-sitemap-item elementor-sitemap-item-page page_item page-item-2717 menu-item\"><a href=\"https:\/\/paris-photoshoot.com\/pt-pt\/sessao-de-fotos-da-torre-eiffel-em-paris-contrata-um-fotografo-profissional\/\" class=\"elementor-sitemap-item elementor-sitemap-item-page menu-link\">Sess\u00e3o de fotos da Torre Eiffel em Paris | Contrata um fot\u00f3grafo profissional<\/a><\/li><\/ul><\/div><\/div>\t\t\t\t<\/div>\n\t\t\t\t<\/div>\n\t\t\t\t\t<\/div>\n\t\t\t\t<\/div>\n\t\t\t\t<\/div>\n\t\t","protected":false},"excerpt":{"rendered":"<p>A estrutura do nosso site facilita-te a navega\u00e7\u00e3o para as diferentes p\u00e1ginas. Basta clicares no artigo que pretendes e ser\u00e1s automaticamente redireccionado para ele.<\/p>\n","protected":false},"author":1,"featured_media":0,"parent":0,"menu_order":0,"comment_status":"closed","ping_status":"closed","template":"","meta":{"site-sidebar-layout":"no-sidebar","site-content-layout":"","ast-site-content-layout":"full-width-container","site-content-style":"default","site-sidebar-style":"default","ast-global-header-display":"","ast-banner-title-visibility":"","ast-main-header-display":"","ast-hfb-above-header-display":"","ast-hfb-below-header-display":"","ast-hfb-mobile-header-display":"","site-post-title":"disabled","ast-breadcrumbs-content":"","ast-featured-img":"disabled","footer-sml-layout":"","ast-disable-related-posts":"","theme-transparent-header-meta":"","adv-header-id-meta":"","stick-header-meta":"","header-above-stick-meta":"","header-main-stick-meta":"","header-below-stick-meta":"","astra-migrate-meta-layouts":"default","ast-page-background-enabled":"default","ast-page-background-meta":{"desktop":{"background-color":"var(--ast-global-color-4)","background-image":"","background-repeat":"repeat","background-position":"center center","background-size":"auto","background-attachment":"scroll","background-type":"","background-media":"","overlay-type":"","overlay-color":"","overlay-opacity":"","overlay-gradient":""},"tablet":{"background-color":"","background-image":"","background-repeat":"repeat","background-position":"center center","background-size":"auto","background-attachment":"scroll","background-type":"","background-media":"","overlay-type":"","overlay-color":"","overlay-opacity":"","overlay-gradient":""},"mobile":{"background-color":"","background-image":"","background-repeat":"repeat","background-position":"center center","background-size":"auto","background-attachment":"scroll","background-type":"","background-media":"","overlay-type":"","overlay-color":"","overlay-opacity":"","overlay-gradient":""}},"ast-content-background-meta":{"desktop":{"background-color":"var(--ast-global-color-5)","background-image":"","background-repeat":"repeat","background-position":"center center","background-size":"auto","background-attachment":"scroll","background-type":"","background-media":"","overlay-type":"","overlay-color":"","overlay-opacity":"","overlay-gradient":""},"tablet":{"background-color":"var(--ast-global-color-5)","background-image":"","background-repeat":"repeat","background-position":"center center","background-size":"auto","background-attachment":"scroll","background-type":"","background-media":"","overlay-type":"","overlay-color":"","overlay-opacity":"","overlay-gradient":""},"mobile":{"background-color":"var(--ast-global-color-5)","background-image":"","background-repeat":"repeat","background-position":"center center","background-size":"auto","background-attachment":"scroll","background-type":"","background-media":"","overlay-type":"","overlay-color":"","overlay-opacity":"","overlay-gradient":""}},"footnotes":""},"class_list":["post-2519","page","type-page","status-publish","hentry"],"yoast_head":"<!-- This site is optimized with the Yoast SEO plugin v27.4 - https:\/\/yoast.com\/product\/yoast-seo-wordpress\/ -->\n<title>Mapa do site - Paris Photoshoot<\/title>\n<meta name=\"robots\" content=\"index, follow, max-snippet:-1, max-image-preview:large, max-video-preview:-1\" \/>\n<link rel=\"canonical\" href=\"https:\/\/paris-photoshoot.com\/pt-pt\/mapa-do-site\/\" \/>\n<meta property=\"og:locale\" content=\"pt_PT\" \/>\n<meta property=\"og:type\" content=\"article\" \/>\n<meta property=\"og:title\" content=\"Mapa do site - Paris Photoshoot\" \/>\n<meta property=\"og:description\" content=\"A estrutura do nosso site facilita-te a navega\u00e7\u00e3o para as diferentes p\u00e1ginas. Basta clicares no artigo que pretendes e ser\u00e1s automaticamente redireccionado para ele.\" \/>\n<meta property=\"og:url\" content=\"https:\/\/paris-photoshoot.com\/pt-pt\/mapa-do-site\/\" \/>\n<meta property=\"og:site_name\" content=\"Paris Photoshoot\" \/>\n<meta property=\"article:modified_time\" content=\"2026-03-13T10:29:24+00:00\" \/>\n<meta name=\"twitter:card\" content=\"summary_large_image\" \/>\n<script type=\"application\/ld+json\" class=\"yoast-schema-graph\">{\"@context\":\"https:\\\/\\\/schema.org\",\"@graph\":[{\"@type\":\"WebPage\",\"@id\":\"https:\\\/\\\/paris-photoshoot.com\\\/pt-pt\\\/mapa-do-site\\\/\",\"url\":\"https:\\\/\\\/paris-photoshoot.com\\\/pt-pt\\\/mapa-do-site\\\/\",\"name\":\"Mapa do site - Paris Photoshoot\",\"isPartOf\":{\"@id\":\"https:\\\/\\\/paris-photoshoot.com\\\/pt-pt\\\/#website\"},\"datePublished\":\"2026-03-13T10:10:21+00:00\",\"dateModified\":\"2026-03-13T10:29:24+00:00\",\"breadcrumb\":{\"@id\":\"https:\\\/\\\/paris-photoshoot.com\\\/pt-pt\\\/mapa-do-site\\\/#breadcrumb\"},\"inLanguage\":\"pt-PT\",\"potentialAction\":[{\"@type\":\"ReadAction\",\"target\":[\"https:\\\/\\\/paris-photoshoot.com\\\/pt-pt\\\/mapa-do-site\\\/\"]}]},{\"@type\":\"BreadcrumbList\",\"@id\":\"https:\\\/\\\/paris-photoshoot.com\\\/pt-pt\\\/mapa-do-site\\\/#breadcrumb\",\"itemListElement\":[{\"@type\":\"ListItem\",\"position\":1,\"name\":\"Home\",\"item\":\"https:\\\/\\\/paris-photoshoot.com\\\/pt-pt\\\/\"},{\"@type\":\"ListItem\",\"position\":2,\"name\":\"Mapa do site\"}]},{\"@type\":\"WebSite\",\"@id\":\"https:\\\/\\\/paris-photoshoot.com\\\/pt-pt\\\/#website\",\"url\":\"https:\\\/\\\/paris-photoshoot.com\\\/pt-pt\\\/\",\"name\":\"Paris Photoshoot\",\"description\":\"The best Parisian Photoshoot Experience\",\"potentialAction\":[{\"@type\":\"SearchAction\",\"target\":{\"@type\":\"EntryPoint\",\"urlTemplate\":\"https:\\\/\\\/paris-photoshoot.com\\\/pt-pt\\\/?s={search_term_string}\"},\"query-input\":{\"@type\":\"PropertyValueSpecification\",\"valueRequired\":true,\"valueName\":\"search_term_string\"}}],\"inLanguage\":\"pt-PT\"}]}<\/script>\n<!-- \/ Yoast SEO plugin. -->","yoast_head_json":{"title":"Mapa do site - Paris Photoshoot","robots":{"index":"index","follow":"follow","max-snippet":"max-snippet:-1","max-image-preview":"max-image-preview:large","max-video-preview":"max-video-preview:-1"},"canonical":"https:\/\/paris-photoshoot.com\/pt-pt\/mapa-do-site\/","og_locale":"pt_PT","og_type":"article","og_title":"Mapa do site - Paris Photoshoot","og_description":"A estrutura do nosso site facilita-te a navega\u00e7\u00e3o para as diferentes p\u00e1ginas. Basta clicares no artigo que pretendes e ser\u00e1s automaticamente redireccionado para ele.","og_url":"https:\/\/paris-photoshoot.com\/pt-pt\/mapa-do-site\/","og_site_name":"Paris Photoshoot","article_modified_time":"2026-03-13T10:29:24+00:00","twitter_card":"summary_large_image","schema":{"@context":"https:\/\/schema.org","@graph":[{"@type":"WebPage","@id":"https:\/\/paris-photoshoot.com\/pt-pt\/mapa-do-site\/","url":"https:\/\/paris-photoshoot.com\/pt-pt\/mapa-do-site\/","name":"Mapa do site - Paris Photoshoot","isPartOf":{"@id":"https:\/\/paris-photoshoot.com\/pt-pt\/#website"},"datePublished":"2026-03-13T10:10:21+00:00","dateModified":"2026-03-13T10:29:24+00:00","breadcrumb":{"@id":"https:\/\/paris-photoshoot.com\/pt-pt\/mapa-do-site\/#breadcrumb"},"inLanguage":"pt-PT","potentialAction":[{"@type":"ReadAction","target":["https:\/\/paris-photoshoot.com\/pt-pt\/mapa-do-site\/"]}]},{"@type":"BreadcrumbList","@id":"https:\/\/paris-photoshoot.com\/pt-pt\/mapa-do-site\/#breadcrumb","itemListElement":[{"@type":"ListItem","position":1,"name":"Home","item":"https:\/\/paris-photoshoot.com\/pt-pt\/"},{"@type":"ListItem","position":2,"name":"Mapa do site"}]},{"@type":"WebSite","@id":"https:\/\/paris-photoshoot.com\/pt-pt\/#website","url":"https:\/\/paris-photoshoot.com\/pt-pt\/","name":"Paris Photoshoot","description":"The best Parisian Photoshoot Experience","potentialAction":[{"@type":"SearchAction","target":{"@type":"EntryPoint","urlTemplate":"https:\/\/paris-photoshoot.com\/pt-pt\/?s={search_term_string}"},"query-input":{"@type":"PropertyValueSpecification","valueRequired":true,"valueName":"search_term_string"}}],"inLanguage":"pt-PT"}]}},"_links":{"self":[{"href":"https:\/\/paris-photoshoot.com\/pt-pt\/wp-json\/wp\/v2\/pages\/2519","targetHints":{"allow":["GET"]}}],"collection":[{"href":"https:\/\/paris-photoshoot.com\/pt-pt\/wp-json\/wp\/v2\/pages"}],"about":[{"href":"https:\/\/paris-photoshoot.com\/pt-pt\/wp-json\/wp\/v2\/types\/page"}],"author":[{"embeddable":true,"href":"https:\/\/paris-photoshoot.com\/pt-pt\/wp-json\/wp\/v2\/users\/1"}],"replies":[{"embeddable":true,"href":"https:\/\/paris-photoshoot.com\/pt-pt\/wp-json\/wp\/v2\/comments?post=2519"}],"version-history":[{"count":2,"href":"https:\/\/paris-photoshoot.com\/pt-pt\/wp-json\/wp\/v2\/pages\/2519\/revisions"}],"predecessor-version":[{"id":2541,"href":"https:\/\/paris-photoshoot.com\/pt-pt\/wp-json\/wp\/v2\/pages\/2519\/revisions\/2541"}],"wp:attachment":[{"href":"https:\/\/paris-photoshoot.com\/pt-pt\/wp-json\/wp\/v2\/media?parent=2519"}],"curies":[{"name":"wp","href":"https:\/\/api.w.org\/{rel}","templated":true}]}}