{"id":2446,"date":"2026-03-13T08:20:17","date_gmt":"2026-03-13T08:20:17","guid":{"rendered":"https:\/\/paris-photoshoot.com\/onde-estao-os-melhores-locais-para-sessoes-fotograficas-em-paris\/"},"modified":"2026-03-26T13:33:50","modified_gmt":"2026-03-26T13:33:50","slug":"onde-estao-os-melhores-locais-para-sessoes-fotograficas-em-paris","status":"publish","type":"page","link":"https:\/\/paris-photoshoot.com\/pt-pt\/onde-estao-os-melhores-locais-para-sessoes-fotograficas-em-paris\/","title":{"rendered":"Onde est\u00e3o os melhores locais para sess\u00f5es fotogr\u00e1ficas em Paris?"},"content":{"rendered":"\t\t<div data-elementor-type=\"wp-page\" data-elementor-id=\"2446\" class=\"elementor elementor-2446 elementor-2442\" data-elementor-post-type=\"page\">\n\t\t\t\t\t\t<section class=\"elementor-section elementor-top-section elementor-element elementor-element-d8b62e7 elementor-section-height-min-height elementor-section-boxed elementor-section-height-default elementor-section-items-middle\" data-id=\"d8b62e7\" data-element_type=\"section\" data-e-type=\"section\" data-settings=\"{&quot;background_background&quot;:&quot;classic&quot;}\">\n\t\t\t\t\t\t\t<div class=\"elementor-background-overlay\"><\/div>\n\t\t\t\t\t\t\t<div class=\"elementor-container elementor-column-gap-default\">\n\t\t\t\t\t<div class=\"elementor-column elementor-col-100 elementor-top-column elementor-element elementor-element-c95bd66\" data-id=\"c95bd66\" data-element_type=\"column\" data-e-type=\"column\">\n\t\t\t<div class=\"elementor-widget-wrap elementor-element-populated\">\n\t\t\t\t\t\t<div class=\"elementor-element elementor-element-8cd149c de_scroll_animation_no elementor-widget elementor-widget-spacer\" data-id=\"8cd149c\" data-element_type=\"widget\" data-e-type=\"widget\" data-widget_type=\"spacer.default\">\n\t\t\t\t<div class=\"elementor-widget-container\">\n\t\t\t\t\t\t\t<div class=\"elementor-spacer\">\n\t\t\t<div class=\"elementor-spacer-inner\"><\/div>\n\t\t<\/div>\n\t\t\t\t\t\t<\/div>\n\t\t\t\t<\/div>\n\t\t\t\t\t<\/div>\n\t\t<\/div>\n\t\t\t\t\t<\/div>\n\t\t<\/section>\n\t\t<div class=\"elementor-element elementor-element-b051eb7 e-flex e-con-boxed e-con e-parent\" data-id=\"b051eb7\" data-element_type=\"container\" data-e-type=\"container\">\n\t\t\t\t\t<div class=\"e-con-inner\">\n\t\t<div class=\"elementor-element elementor-element-5f90ddb e-con-full e-flex e-con e-child\" data-id=\"5f90ddb\" data-element_type=\"container\" data-e-type=\"container\">\n\t\t\t\t<div class=\"elementor-element elementor-element-13e0381 de_scroll_animation_no elementor-widget elementor-widget-text-editor\" data-id=\"13e0381\" data-element_type=\"widget\" data-e-type=\"widget\" data-widget_type=\"text-editor.default\">\n\t\t\t\t<div class=\"elementor-widget-container\">\n\t\t\t\t\t\t\t\t\t<p><span style=\"font-weight: 400;\">Est\u00e1s a planear uma <\/span><b>sess\u00e3o de fotos em Paris <\/b> <span style=\"font-weight: 400;\">em breve ? Procura por   <\/span><b>locais inspiradores<\/b><span style=\"font-weight: 400;\">  para captares imagens verdadeiramente belas? Claro que trabalhar com um fot\u00f3grafo que conhe\u00e7a a cidade \u00e9 sempre uma boa ideia. Mas tamb\u00e9m ajuda conhecer alguns lugares emblem\u00e1ticos que proporcionam um cen\u00e1rio excecional para uma sess\u00e3o fotogr\u00e1fica em Paris. Aqui tens alguns locais que os fot\u00f3grafos profissionais apreciam particularmente.  <\/span><\/p>\t\t\t\t\t\t\t\t<\/div>\n\t\t\t\t<\/div>\n\t\t\t\t<div class=\"elementor-element elementor-element-99e6eee de_scroll_animation_no elementor-widget elementor-widget-button\" data-id=\"99e6eee\" data-element_type=\"widget\" data-e-type=\"widget\" data-widget_type=\"button.default\">\n\t\t\t\t<div class=\"elementor-widget-container\">\n\t\t\t\t\t\t\t\t\t<div class=\"elementor-button-wrapper\">\n\t\t\t\t\t<a class=\"elementor-button elementor-button-link elementor-size-sm\" href=\"#more\">\n\t\t\t\t\t\t<span class=\"elementor-button-content-wrapper\">\n\t\t\t\t\t\t\t\t\t<span class=\"elementor-button-text\">SABER MAIS<\/span>\n\t\t\t\t\t<\/span>\n\t\t\t\t\t<\/a>\n\t\t\t\t<\/div>\n\t\t\t\t\t\t\t\t<\/div>\n\t\t\t\t<\/div>\n\t\t\t\t<\/div>\n\t\t<div class=\"elementor-element elementor-element-2d432b0 e-con-full e-flex e-con e-child\" data-id=\"2d432b0\" data-element_type=\"container\" data-e-type=\"container\">\n\t\t\t\t<div class=\"elementor-element elementor-element-b97c8a3 de_scroll_animation_no elementor-widget elementor-widget-image\" data-id=\"b97c8a3\" data-element_type=\"widget\" data-e-type=\"widget\" data-widget_type=\"image.default\">\n\t\t\t\t<div class=\"elementor-widget-container\">\n\t\t\t\t\t\t\t\t\t\t\t\t\t\t\t<img fetchpriority=\"high\" decoding=\"async\" width=\"1024\" height=\"731\" src=\"https:\/\/paris-photoshoot.com\/wp-content\/uploads\/2026\/03\/SOL_6887-1024x731-1.jpg\" class=\"attachment-large size-large wp-image-2454\" alt=\"Com Photographe Paris, beneficia da experi\u00eancia de um fot\u00f3grafo profissional que conhece por dentro os melhores locais da capital. Qualquer que seja o teu projeto, reserva a tua sess\u00e3o fotogr\u00e1fica com a nossa equipa e deixa-nos criar para ti imagens \u00fanicas numa das cidades mais fotog\u00e9nicas do mundo.\" srcset=\"https:\/\/paris-photoshoot.com\/wp-content\/uploads\/2026\/03\/SOL_6887-1024x731-1.jpg 1024w, https:\/\/paris-photoshoot.com\/wp-content\/uploads\/2026\/03\/SOL_6887-1024x731-1-300x214.jpg 300w, https:\/\/paris-photoshoot.com\/wp-content\/uploads\/2026\/03\/SOL_6887-1024x731-1-768x548.jpg 768w, https:\/\/paris-photoshoot.com\/wp-content\/uploads\/2026\/03\/SOL_6887-1024x731-1-600x428.jpg 600w\" sizes=\"(max-width: 1024px) 100vw, 1024px\" \/>\t\t\t\t\t\t\t\t\t\t\t\t\t\t\t<\/div>\n\t\t\t\t<\/div>\n\t\t\t\t<\/div>\n\t\t\t\t\t<\/div>\n\t\t\t\t<\/div>\n\t\t<div class=\"elementor-element elementor-element-8a8e4cc e-flex e-con-boxed e-con e-parent\" data-id=\"8a8e4cc\" data-element_type=\"container\" data-e-type=\"container\">\n\t\t\t\t\t<div class=\"e-con-inner\">\n\t\t<div class=\"elementor-element elementor-element-42b621b e-con-full e-flex e-con e-child\" data-id=\"42b621b\" data-element_type=\"container\" data-e-type=\"container\" id=\"more\">\n\t\t\t\t<div class=\"elementor-element elementor-element-3a42ac3 de_scroll_animation_no elementor-widget elementor-widget-text-editor\" data-id=\"3a42ac3\" data-element_type=\"widget\" data-e-type=\"widget\" data-widget_type=\"text-editor.default\">\n\t\t\t\t<div class=\"elementor-widget-container\">\n\t\t\t\t\t\t\t\t\t<h2><span style=\"font-weight: 400;\">Sess\u00e3o de fotos na Torre Eiffel, Paris<\/span><\/h2><p><span style=\"font-weight: 400;\">\u00c9 dif\u00edcil imaginar uma <\/span><b>sess\u00e3o de fotos em Paris<\/b><span style=\"font-weight: 400;\"> sem a famosa <\/span><b>Torre Eiffel.<\/b><span style=\"font-weight: 400;\"> Sendo um dos pontos de refer\u00eancia mais emblem\u00e1ticos da cidade, oferece um dos cen\u00e1rios mais espectaculares para :<\/span><\/p><ul><li aria-level=\"1\"><a href=\"https:\/\/paris-photoshoot.com\/pt-pt\/sessao-fotografica-de-casal\/\"><b>Uma sess\u00e3o de fotos de um casal rom\u00e2ntico<\/b><\/a><\/li><\/ul><ul><li aria-level=\"1\"><b>Retratos individuais<\/b><\/li><\/ul><p><span style=\"font-weight: 400;\">Dependendo do \u00e2ngulo e da perspetiva, a torre pode parecer majestosa, elegante ou surpreendentemente \u00edntima.<\/span><\/p><p><span style=\"font-weight: 400;\">Para uma das vistas mais impressionantes da <\/span><b>Torre Eiffel, os fot\u00f3grafos <\/b><span style=\"font-weight: 400;\">dirigem-se frequentemente aos <\/span><b>Jardins do Trocad\u00e9ro.<\/b><span style=\"font-weight: 400;\"> Os seus terra\u00e7os abertos e as suas fontes criam uma composi\u00e7\u00e3o visual impressionante que enquadra perfeitamente o monumento.<\/span><\/p><p> <\/p><h2><span style=\"font-weight: 400;\">Sess\u00e3o fotogr\u00e1fica no Museu do Louvre, Paris<\/span><\/h2><p><span style=\"font-weight: 400;\">O majestoso<\/span><b> Museu do Louvre<\/b><span style=\"font-weight: 400;\"> \u00e9 um dos locais mais requintados<\/span><b> para uma sess\u00e3o fotogr\u00e1fica elegante em Paris.<\/b><span style=\"font-weight: 400;\"> Com os seus grandes p\u00e1tios, arcos e fachadas hist\u00f3ricas, o cen\u00e1rio \u00e9 ideal para :<\/span><\/p><ul><li aria-level=\"1\"><b>Retratos sofisticados<\/b><\/li><\/ul><ul><li aria-level=\"1\"><b>Sess\u00f5es de casal<\/b><\/li><\/ul><ul><li aria-level=\"1\"><b>Sess\u00f5es fotogr\u00e1ficas de estilo editorial<\/b><\/li><\/ul><p> <\/p><h2><span style=\"font-weight: 400;\">Sess\u00e3o fotogr\u00e1fica em Montmartre, Paris<\/span><\/h2><p><span style=\"font-weight: 400;\">Para uma atmosfera mais \u00edntima e aut\u00eantica, poucos bairros se comparam a <\/span><b>Montmartre<\/b><span style=\"font-weight: 400;\">. Situado numa colina na parte norte de Paris, este bairro hist\u00f3rico \u00e9 famoso pelas suas ruas de pedra, escadas pitorescas e fachadas encantadoras.<\/span><\/p><p><span style=\"font-weight: 400;\">Montmartre \u00e9 perfeito para capturar uma vis\u00e3o rom\u00e2ntica e art\u00edstica de<\/span><b>  Paris. \u00c9 uma excelente localiza\u00e7\u00e3o para : <\/b><\/p><ul><li aria-level=\"1\"><b>Sess\u00e3o fotogr\u00e1fica de um casal<\/b><\/li><\/ul><ul><li aria-level=\"1\"><b>Uma sess\u00e3o fotogr\u00e1fica de estilo de vida  <\/b><\/li><\/ul><ul><li aria-level=\"1\"><a href=\"https:\/\/paris-photoshoot.com\/pt-pt\/sessao-fotografica-de-familia\/\"><b>Uma sess\u00e3o fotogr\u00e1fica de fam\u00edlia<\/b><\/a><\/li><\/ul><p> <\/p><h2><span style=\"font-weight: 400;\">Sess\u00e3o fotogr\u00e1fica nas margens do Sena, Paris<\/span><\/h2><p><b>O Sena<\/b><span style=\"font-weight: 400;\">  flui pelo cora\u00e7\u00e3o da cidade, ligando muitos dos marcos mais famosos de Paris. As margens do rio, as pontes e os reflexos na \u00e1gua criam uma atmosfera elegante e cinematogr\u00e1fica. <\/span><\/p><p><b>Fotografar ao longo do Sena permite aos fot\u00f3grafos<\/b><span style=\"font-weight: 400;\">  para captar a ess\u00eancia rom\u00e2ntica de Paris. Ao p\u00f4r do sol, a luz torna-se especialmente suave e dourada, condi\u00e7\u00f5es ideais para uma fotografia natural e po\u00e9tica <\/span><b>  sess\u00e3o fotogr\u00e1fica.<\/b><\/p><p> <\/p><h2><span style=\"font-weight: 400;\">Sess\u00e3o fotogr\u00e1fica na ponte Bir-Hakeim, Paris<\/span><\/h2><p><span style=\"font-weight: 400;\">A famosa <\/span><b>Ponte Bir-Hakeim<\/b><span style=\"font-weight: 400;\">  \u00e9 uma das pontes mais fotog\u00e9nicas de Paris. Os seus arcos met\u00e1licos e as suas linhas perfeitamente sim\u00e9tricas criam uma atmosfera cinematogr\u00e1fica distinta. <\/span><\/p><p><b>Este local em Paris<\/b><span style=\"font-weight: 400;\"> \u00e9 especialmente popular para :<\/span><\/p><ul><li aria-level=\"1\"><b>Sess\u00f5es fotogr\u00e1ficas de moda<\/b><\/li><\/ul><ul><li aria-level=\"1\"><b>Retratos art\u00edsticos<\/b><\/li><\/ul><ul><li aria-level=\"1\"><b>Sess\u00f5es de casal<\/b><\/li><\/ul><p><span style=\"font-weight: 400;\">Da ponte, tamb\u00e9m podes ter uma bela vista da <\/span><b>Torre Eiffel.<\/b><\/p><p><span style=\"font-weight: 400;\">Esta lista est\u00e1 longe de ser exaustiva. Paris oferece-te uma variedade incr\u00edvel de cen\u00e1rios para fotografar. Para al\u00e9m destes  <\/span> <b> locais emblem\u00e1ticos<\/b><span style=\"font-weight: 400;\">mas tamb\u00e9m podes r<\/span><b>podes fotografar em espa\u00e7os privados, como casas<\/b><span style=\"font-weight: 400;\">ou fotografar em caf\u00e9s, jardins e muitos outros locais \u00fanicos.<\/span><\/p><h2><span style=\"font-weight: 400;\">Planeia a tua sess\u00e3o fotogr\u00e1fica nos locais mais bonitos com Photographe Paris<\/span><\/h2><p><span style=\"font-weight: 400;\">Queres fotografias deslumbrantes no cen\u00e1rio perfeito? Com o   <\/span><a href=\"https:\/\/paris-photoshoot.com\/pt-pt\/\"><b>Fotografa Paris<\/b><\/a><span style=\"font-weight: 400;\">, beneficia da experi\u00eancia de um <\/span><b>fot\u00f3grafo profissional <\/b><span style=\"font-weight: 400;\">que conhece os melhores locais da capital <\/span><b>melhores locais da capital<\/b><span style=\"font-weight: 400;\">  de dentro para fora. Qualquer que seja o teu projeto,   <\/span><b>marca a tua sess\u00e3o fotogr\u00e1fica<\/b><span style=\"font-weight: 400;\"> com a nossa equipa e deixa-nos criar imagens \u00fanicas para ti numa das cidades mais fotog\u00e9nicas do mundo. <\/span> <\/p>\t\t\t\t\t\t\t\t<\/div>\n\t\t\t\t<\/div>\n\t\t\t\t<\/div>\n\t\t\t\t\t<\/div>\n\t\t\t\t<\/div>\n\t\t\t\t<\/div>\n\t\t","protected":false},"excerpt":{"rendered":"<p>Est\u00e1s a planear uma sess\u00e3o de fotos em Paris em breve ? Procura por locais inspiradores para captares imagens verdadeiramente belas? Claro que trabalhar com um fot\u00f3grafo que conhe\u00e7a a cidade \u00e9 sempre uma boa ideia. Mas tamb\u00e9m ajuda conhecer alguns lugares emblem\u00e1ticos que proporcionam um cen\u00e1rio excecional para uma sess\u00e3o fotogr\u00e1fica em Paris. Aqui [&hellip;]<\/p>\n","protected":false},"author":1,"featured_media":0,"parent":0,"menu_order":0,"comment_status":"closed","ping_status":"closed","template":"","meta":{"site-sidebar-layout":"no-sidebar","site-content-layout":"","ast-site-content-layout":"full-width-container","site-content-style":"default","site-sidebar-style":"default","ast-global-header-display":"","ast-banner-title-visibility":"","ast-main-header-display":"","ast-hfb-above-header-display":"","ast-hfb-below-header-display":"","ast-hfb-mobile-header-display":"","site-post-title":"disabled","ast-breadcrumbs-content":"","ast-featured-img":"disabled","footer-sml-layout":"","ast-disable-related-posts":"","theme-transparent-header-meta":"","adv-header-id-meta":"","stick-header-meta":"","header-above-stick-meta":"","header-main-stick-meta":"","header-below-stick-meta":"","astra-migrate-meta-layouts":"default","ast-page-background-enabled":"default","ast-page-background-meta":{"desktop":{"background-color":"var(--ast-global-color-4)","background-image":"","background-repeat":"repeat","background-position":"center center","background-size":"auto","background-attachment":"scroll","background-type":"","background-media":"","overlay-type":"","overlay-color":"","overlay-opacity":"","overlay-gradient":""},"tablet":{"background-color":"","background-image":"","background-repeat":"repeat","background-position":"center center","background-size":"auto","background-attachment":"scroll","background-type":"","background-media":"","overlay-type":"","overlay-color":"","overlay-opacity":"","overlay-gradient":""},"mobile":{"background-color":"","background-image":"","background-repeat":"repeat","background-position":"center center","background-size":"auto","background-attachment":"scroll","background-type":"","background-media":"","overlay-type":"","overlay-color":"","overlay-opacity":"","overlay-gradient":""}},"ast-content-background-meta":{"desktop":{"background-color":"var(--ast-global-color-5)","background-image":"","background-repeat":"repeat","background-position":"center center","background-size":"auto","background-attachment":"scroll","background-type":"","background-media":"","overlay-type":"","overlay-color":"","overlay-opacity":"","overlay-gradient":""},"tablet":{"background-color":"var(--ast-global-color-5)","background-image":"","background-repeat":"repeat","background-position":"center center","background-size":"auto","background-attachment":"scroll","background-type":"","background-media":"","overlay-type":"","overlay-color":"","overlay-opacity":"","overlay-gradient":""},"mobile":{"background-color":"var(--ast-global-color-5)","background-image":"","background-repeat":"repeat","background-position":"center center","background-size":"auto","background-attachment":"scroll","background-type":"","background-media":"","overlay-type":"","overlay-color":"","overlay-opacity":"","overlay-gradient":""}},"footnotes":""},"class_list":["post-2446","page","type-page","status-publish","hentry"],"yoast_head":"<!-- This site is optimized with the Yoast SEO plugin v27.4 - https:\/\/yoast.com\/product\/yoast-seo-wordpress\/ -->\n<title>Os melhores locais para sess\u00f5es fotogr\u00e1ficas em Paris - Paris Photoshoot<\/title>\n<meta name=\"description\" content=\"Descobre os melhores locais para sess\u00f5es fotogr\u00e1ficas em Paris, incluindo a Torre Eiffel, o Louvre, Montmartre e muito mais. Encontra o local perfeito para a tua sess\u00e3o fotogr\u00e1fica em Paris.\" \/>\n<meta name=\"robots\" content=\"index, follow, max-snippet:-1, max-image-preview:large, max-video-preview:-1\" \/>\n<link rel=\"canonical\" href=\"https:\/\/paris-photoshoot.com\/pt-pt\/onde-estao-os-melhores-locais-para-sessoes-fotograficas-em-paris\/\" \/>\n<meta property=\"og:locale\" content=\"pt_PT\" \/>\n<meta property=\"og:type\" content=\"article\" \/>\n<meta property=\"og:title\" content=\"Os melhores locais para sess\u00f5es fotogr\u00e1ficas em Paris - Paris Photoshoot\" \/>\n<meta property=\"og:description\" content=\"Descobre os melhores locais para sess\u00f5es fotogr\u00e1ficas em Paris, incluindo a Torre Eiffel, o Louvre, Montmartre e muito mais. Encontra o local perfeito para a tua sess\u00e3o fotogr\u00e1fica em Paris.\" \/>\n<meta property=\"og:url\" content=\"https:\/\/paris-photoshoot.com\/pt-pt\/onde-estao-os-melhores-locais-para-sessoes-fotograficas-em-paris\/\" \/>\n<meta property=\"og:site_name\" content=\"Paris Photoshoot\" \/>\n<meta property=\"article:modified_time\" content=\"2026-03-26T13:33:50+00:00\" \/>\n<meta property=\"og:image\" content=\"https:\/\/paris-photoshoot.com\/wp-content\/uploads\/2026\/03\/SOL_6887-1024x731-1.jpg\" \/>\n\t<meta property=\"og:image:width\" content=\"1024\" \/>\n\t<meta property=\"og:image:height\" content=\"731\" \/>\n\t<meta property=\"og:image:type\" content=\"image\/jpeg\" \/>\n<meta name=\"twitter:card\" content=\"summary_large_image\" \/>\n<meta name=\"twitter:label1\" content=\"Tempo estimado de leitura\" \/>\n\t<meta name=\"twitter:data1\" content=\"3 minutos\" \/>\n<script type=\"application\/ld+json\" class=\"yoast-schema-graph\">{\"@context\":\"https:\\\/\\\/schema.org\",\"@graph\":[{\"@type\":\"WebPage\",\"@id\":\"https:\\\/\\\/paris-photoshoot.com\\\/pt-pt\\\/onde-estao-os-melhores-locais-para-sessoes-fotograficas-em-paris\\\/\",\"url\":\"https:\\\/\\\/paris-photoshoot.com\\\/pt-pt\\\/onde-estao-os-melhores-locais-para-sessoes-fotograficas-em-paris\\\/\",\"name\":\"Os melhores locais para sess\u00f5es fotogr\u00e1ficas em Paris - Paris Photoshoot\",\"isPartOf\":{\"@id\":\"https:\\\/\\\/paris-photoshoot.com\\\/pt-pt\\\/#website\"},\"primaryImageOfPage\":{\"@id\":\"https:\\\/\\\/paris-photoshoot.com\\\/pt-pt\\\/onde-estao-os-melhores-locais-para-sessoes-fotograficas-em-paris\\\/#primaryimage\"},\"image\":{\"@id\":\"https:\\\/\\\/paris-photoshoot.com\\\/pt-pt\\\/onde-estao-os-melhores-locais-para-sessoes-fotograficas-em-paris\\\/#primaryimage\"},\"thumbnailUrl\":\"https:\\\/\\\/paris-photoshoot.com\\\/wp-content\\\/uploads\\\/2026\\\/03\\\/SOL_6887-1024x731-1.jpg\",\"datePublished\":\"2026-03-13T08:20:17+00:00\",\"dateModified\":\"2026-03-26T13:33:50+00:00\",\"description\":\"Descobre os melhores locais para sess\u00f5es fotogr\u00e1ficas em Paris, incluindo a Torre Eiffel, o Louvre, Montmartre e muito mais. Encontra o local perfeito para a tua sess\u00e3o fotogr\u00e1fica em Paris.\",\"breadcrumb\":{\"@id\":\"https:\\\/\\\/paris-photoshoot.com\\\/pt-pt\\\/onde-estao-os-melhores-locais-para-sessoes-fotograficas-em-paris\\\/#breadcrumb\"},\"inLanguage\":\"pt-PT\",\"potentialAction\":[{\"@type\":\"ReadAction\",\"target\":[\"https:\\\/\\\/paris-photoshoot.com\\\/pt-pt\\\/onde-estao-os-melhores-locais-para-sessoes-fotograficas-em-paris\\\/\"]}]},{\"@type\":\"ImageObject\",\"inLanguage\":\"pt-PT\",\"@id\":\"https:\\\/\\\/paris-photoshoot.com\\\/pt-pt\\\/onde-estao-os-melhores-locais-para-sessoes-fotograficas-em-paris\\\/#primaryimage\",\"url\":\"https:\\\/\\\/paris-photoshoot.com\\\/wp-content\\\/uploads\\\/2026\\\/03\\\/SOL_6887-1024x731-1.jpg\",\"contentUrl\":\"https:\\\/\\\/paris-photoshoot.com\\\/wp-content\\\/uploads\\\/2026\\\/03\\\/SOL_6887-1024x731-1.jpg\"},{\"@type\":\"BreadcrumbList\",\"@id\":\"https:\\\/\\\/paris-photoshoot.com\\\/pt-pt\\\/onde-estao-os-melhores-locais-para-sessoes-fotograficas-em-paris\\\/#breadcrumb\",\"itemListElement\":[{\"@type\":\"ListItem\",\"position\":1,\"name\":\"Home\",\"item\":\"https:\\\/\\\/paris-photoshoot.com\\\/pt-pt\\\/\"},{\"@type\":\"ListItem\",\"position\":2,\"name\":\"Onde est\u00e3o os melhores locais para sess\u00f5es fotogr\u00e1ficas em Paris?\"}]},{\"@type\":\"WebSite\",\"@id\":\"https:\\\/\\\/paris-photoshoot.com\\\/pt-pt\\\/#website\",\"url\":\"https:\\\/\\\/paris-photoshoot.com\\\/pt-pt\\\/\",\"name\":\"Paris Photoshoot\",\"description\":\"The best Parisian Photoshoot Experience\",\"potentialAction\":[{\"@type\":\"SearchAction\",\"target\":{\"@type\":\"EntryPoint\",\"urlTemplate\":\"https:\\\/\\\/paris-photoshoot.com\\\/pt-pt\\\/?s={search_term_string}\"},\"query-input\":{\"@type\":\"PropertyValueSpecification\",\"valueRequired\":true,\"valueName\":\"search_term_string\"}}],\"inLanguage\":\"pt-PT\"}]}<\/script>\n<!-- \/ Yoast SEO plugin. -->","yoast_head_json":{"title":"Os melhores locais para sess\u00f5es fotogr\u00e1ficas em Paris - Paris Photoshoot","description":"Descobre os melhores locais para sess\u00f5es fotogr\u00e1ficas em Paris, incluindo a Torre Eiffel, o Louvre, Montmartre e muito mais. Encontra o local perfeito para a tua sess\u00e3o fotogr\u00e1fica em Paris.","robots":{"index":"index","follow":"follow","max-snippet":"max-snippet:-1","max-image-preview":"max-image-preview:large","max-video-preview":"max-video-preview:-1"},"canonical":"https:\/\/paris-photoshoot.com\/pt-pt\/onde-estao-os-melhores-locais-para-sessoes-fotograficas-em-paris\/","og_locale":"pt_PT","og_type":"article","og_title":"Os melhores locais para sess\u00f5es fotogr\u00e1ficas em Paris - Paris Photoshoot","og_description":"Descobre os melhores locais para sess\u00f5es fotogr\u00e1ficas em Paris, incluindo a Torre Eiffel, o Louvre, Montmartre e muito mais. Encontra o local perfeito para a tua sess\u00e3o fotogr\u00e1fica em Paris.","og_url":"https:\/\/paris-photoshoot.com\/pt-pt\/onde-estao-os-melhores-locais-para-sessoes-fotograficas-em-paris\/","og_site_name":"Paris Photoshoot","article_modified_time":"2026-03-26T13:33:50+00:00","og_image":[{"width":1024,"height":731,"url":"https:\/\/paris-photoshoot.com\/wp-content\/uploads\/2026\/03\/SOL_6887-1024x731-1.jpg","type":"image\/jpeg"}],"twitter_card":"summary_large_image","twitter_misc":{"Tempo estimado de leitura":"3 minutos"},"schema":{"@context":"https:\/\/schema.org","@graph":[{"@type":"WebPage","@id":"https:\/\/paris-photoshoot.com\/pt-pt\/onde-estao-os-melhores-locais-para-sessoes-fotograficas-em-paris\/","url":"https:\/\/paris-photoshoot.com\/pt-pt\/onde-estao-os-melhores-locais-para-sessoes-fotograficas-em-paris\/","name":"Os melhores locais para sess\u00f5es fotogr\u00e1ficas em Paris - Paris Photoshoot","isPartOf":{"@id":"https:\/\/paris-photoshoot.com\/pt-pt\/#website"},"primaryImageOfPage":{"@id":"https:\/\/paris-photoshoot.com\/pt-pt\/onde-estao-os-melhores-locais-para-sessoes-fotograficas-em-paris\/#primaryimage"},"image":{"@id":"https:\/\/paris-photoshoot.com\/pt-pt\/onde-estao-os-melhores-locais-para-sessoes-fotograficas-em-paris\/#primaryimage"},"thumbnailUrl":"https:\/\/paris-photoshoot.com\/wp-content\/uploads\/2026\/03\/SOL_6887-1024x731-1.jpg","datePublished":"2026-03-13T08:20:17+00:00","dateModified":"2026-03-26T13:33:50+00:00","description":"Descobre os melhores locais para sess\u00f5es fotogr\u00e1ficas em Paris, incluindo a Torre Eiffel, o Louvre, Montmartre e muito mais. Encontra o local perfeito para a tua sess\u00e3o fotogr\u00e1fica em Paris.","breadcrumb":{"@id":"https:\/\/paris-photoshoot.com\/pt-pt\/onde-estao-os-melhores-locais-para-sessoes-fotograficas-em-paris\/#breadcrumb"},"inLanguage":"pt-PT","potentialAction":[{"@type":"ReadAction","target":["https:\/\/paris-photoshoot.com\/pt-pt\/onde-estao-os-melhores-locais-para-sessoes-fotograficas-em-paris\/"]}]},{"@type":"ImageObject","inLanguage":"pt-PT","@id":"https:\/\/paris-photoshoot.com\/pt-pt\/onde-estao-os-melhores-locais-para-sessoes-fotograficas-em-paris\/#primaryimage","url":"https:\/\/paris-photoshoot.com\/wp-content\/uploads\/2026\/03\/SOL_6887-1024x731-1.jpg","contentUrl":"https:\/\/paris-photoshoot.com\/wp-content\/uploads\/2026\/03\/SOL_6887-1024x731-1.jpg"},{"@type":"BreadcrumbList","@id":"https:\/\/paris-photoshoot.com\/pt-pt\/onde-estao-os-melhores-locais-para-sessoes-fotograficas-em-paris\/#breadcrumb","itemListElement":[{"@type":"ListItem","position":1,"name":"Home","item":"https:\/\/paris-photoshoot.com\/pt-pt\/"},{"@type":"ListItem","position":2,"name":"Onde est\u00e3o os melhores locais para sess\u00f5es fotogr\u00e1ficas em Paris?"}]},{"@type":"WebSite","@id":"https:\/\/paris-photoshoot.com\/pt-pt\/#website","url":"https:\/\/paris-photoshoot.com\/pt-pt\/","name":"Paris Photoshoot","description":"The best Parisian Photoshoot Experience","potentialAction":[{"@type":"SearchAction","target":{"@type":"EntryPoint","urlTemplate":"https:\/\/paris-photoshoot.com\/pt-pt\/?s={search_term_string}"},"query-input":{"@type":"PropertyValueSpecification","valueRequired":true,"valueName":"search_term_string"}}],"inLanguage":"pt-PT"}]}},"_links":{"self":[{"href":"https:\/\/paris-photoshoot.com\/pt-pt\/wp-json\/wp\/v2\/pages\/2446","targetHints":{"allow":["GET"]}}],"collection":[{"href":"https:\/\/paris-photoshoot.com\/pt-pt\/wp-json\/wp\/v2\/pages"}],"about":[{"href":"https:\/\/paris-photoshoot.com\/pt-pt\/wp-json\/wp\/v2\/types\/page"}],"author":[{"embeddable":true,"href":"https:\/\/paris-photoshoot.com\/pt-pt\/wp-json\/wp\/v2\/users\/1"}],"replies":[{"embeddable":true,"href":"https:\/\/paris-photoshoot.com\/pt-pt\/wp-json\/wp\/v2\/comments?post=2446"}],"version-history":[{"count":12,"href":"https:\/\/paris-photoshoot.com\/pt-pt\/wp-json\/wp\/v2\/pages\/2446\/revisions"}],"predecessor-version":[{"id":2528,"href":"https:\/\/paris-photoshoot.com\/pt-pt\/wp-json\/wp\/v2\/pages\/2446\/revisions\/2528"}],"wp:attachment":[{"href":"https:\/\/paris-photoshoot.com\/pt-pt\/wp-json\/wp\/v2\/media?parent=2446"}],"curies":[{"name":"wp","href":"https:\/\/api.w.org\/{rel}","templated":true}]}}