{"id":2342,"date":"2025-08-09T15:11:45","date_gmt":"2025-08-09T15:11:45","guid":{"rendered":"https:\/\/paris-photoshoot.com\/termos-e-condicoes\/"},"modified":"2026-03-10T18:47:58","modified_gmt":"2026-03-10T18:47:58","slug":"termos-e-condicoes","status":"publish","type":"page","link":"https:\/\/paris-photoshoot.com\/pt-pt\/termos-e-condicoes\/","title":{"rendered":"Termos e condi\u00e7\u00f5es"},"content":{"rendered":"\t\t<div data-elementor-type=\"wp-page\" data-elementor-id=\"2342\" class=\"elementor elementor-2342 elementor-1158\" data-elementor-post-type=\"page\">\n\t\t\t\t\t\t<section class=\"elementor-section elementor-top-section elementor-element elementor-element-b991ca8 elementor-section-height-min-height elementor-section-stretched elementor-section-boxed elementor-section-height-default elementor-section-items-middle\" data-id=\"b991ca8\" data-element_type=\"section\" data-e-type=\"section\" data-settings=\"{&quot;background_background&quot;:&quot;classic&quot;,&quot;stretch_section&quot;:&quot;section-stretched&quot;}\">\n\t\t\t\t\t\t\t<div class=\"elementor-background-overlay\"><\/div>\n\t\t\t\t\t\t\t<div class=\"elementor-container elementor-column-gap-default\">\n\t\t\t\t\t<div class=\"elementor-column elementor-col-100 elementor-top-column elementor-element elementor-element-45acbea\" data-id=\"45acbea\" data-element_type=\"column\" data-e-type=\"column\">\n\t\t\t<div class=\"elementor-widget-wrap elementor-element-populated\">\n\t\t\t\t\t\t\t<\/div>\n\t\t<\/div>\n\t\t\t\t\t<\/div>\n\t\t<\/section>\n\t\t\t\t<section class=\"elementor-section elementor-top-section elementor-element elementor-element-c807e58 elementor-section-boxed elementor-section-height-default elementor-section-height-default\" data-id=\"c807e58\" data-element_type=\"section\" data-e-type=\"section\">\n\t\t\t\t\t\t<div class=\"elementor-container elementor-column-gap-default\">\n\t\t\t\t\t<div class=\"elementor-column elementor-col-100 elementor-top-column elementor-element elementor-element-0a15a97\" data-id=\"0a15a97\" data-element_type=\"column\" data-e-type=\"column\">\n\t\t\t<div class=\"elementor-widget-wrap elementor-element-populated\">\n\t\t\t\t\t\t<div class=\"elementor-element elementor-element-177e952e de_scroll_animation_no elementor-widget elementor-widget-text-editor\" data-id=\"177e952e\" data-element_type=\"widget\" data-e-type=\"widget\" data-widget_type=\"text-editor.default\">\n\t\t\t\t<div class=\"elementor-widget-container\">\n\t\t\t\t\t\t\t\t\t<p>1. OBJECTIVO<br>Os presentes Termos e Condi\u00e7\u00f5es regem todos os servi\u00e7os de fotografia prestados pela Paris Media, incluindo, entre outros: sess\u00f5es fotogr\u00e1ficas, acesso a galerias digitais, edi\u00e7\u00e3o de imagens e servi\u00e7os de styling.<br>Ao reservar um servi\u00e7o, o cliente aceita os presentes Termos e Condi\u00e7\u00f5es na \u00edntegra.<\/p><p>2. RESERVA E PAGAMENTO<br>As sess\u00f5es s\u00e3o reservadas atrav\u00e9s de um link de pagamento seguro.<br>\u00c9 necess\u00e1rio pagar uma taxa de reserva para confirmar uma data, o valor varia consoante os pacotes e as op\u00e7\u00f5es. Esta taxa cobre os preparativos iniciais e reserva o espa\u00e7o de tempo exclusivamente para o cliente.<br>A entrega final s\u00f3 ocorrer\u00e1 quando o pagamento total tiver sido recebido. Os pagamentos em atraso podem implicar taxas adicionais e suspender todos os direitos de entrega.<br>Quaisquer servi\u00e7os adicionais (retoque extra, edi\u00e7\u00e3o, ficheiros de alta resolu\u00e7\u00e3o, cobertura alargada, etc.) s\u00e3o facturados separadamente.<br>Podem aplicar-se taxas de desloca\u00e7\u00e3o fora dos limites da cidade de Paris.<br>Todos os pre\u00e7os apresentados est\u00e3o sujeitos a uma taxa de processamento de 5% para pagamentos online e com cart\u00e3o. Todas as taxas de processamento ou administrativas n\u00e3o s\u00e3o reembols\u00e1veis em nenhuma circunst\u00e2ncia.     <br><span class=\"s1\">A Paris Media reserva-se o direito de recusar, suspender ou cancelar qualquer reserva se houver qualquer suspeita razo\u00e1vel de fraude, comportamento abusivo, cancelamentos repetidos, utiliza\u00e7\u00e3o comercial n\u00e3o autorizada do nosso trabalho ou se o comportamento do cliente sugerir interfer\u00eancia concorrencial ou m\u00e1-f\u00e9, ou se for considerado necess\u00e1rio<\/span><\/p><p>3. ENTREGA E ESTRUTURA DO SERVI\u00c7O<br>O servi\u00e7o \u00e9 composto por duas fases: a primeira fase inclui a sess\u00e3o fotogr\u00e1fica e a disponibiliza\u00e7\u00e3o de uma galeria privada de pr\u00e9-visualiza\u00e7\u00e3o online para sele\u00e7\u00e3o de imagens. Esta galeria destina-se apenas a fins de sele\u00e7\u00e3o e pode incluir um certo n\u00famero de ficheiros de baixa resolu\u00e7\u00e3o escolhidos \u00e0 discri\u00e7\u00e3o da Paris Media e limitados a 1 por cada 30 minutos de sess\u00e3o fotogr\u00e1fica. As imagens de baixa resolu\u00e7\u00e3o s\u00e3o entregues com um m\u00e1ximo de 640 pixels na margem longa.<br>A segunda fase consiste na entrega de imagens a cores de alta resolu\u00e7\u00e3o, com o estilo carater\u00edstico da Paris Media, depois de confirmadas as selec\u00e7\u00f5es e liquidados todos os saldos.<br>A galeria de pr\u00e9-visualiza\u00e7\u00e3o online (n\u00e3o editada) \u00e9 normalmente entregue no prazo de 1 semana. As imagens editadas s\u00e3o geralmente entregues no prazo de 4 semanas a partir da data de sele\u00e7\u00e3o do cliente.<br>Os prazos de entrega s\u00e3o indicativos e podem variar significativamente em fun\u00e7\u00e3o do volume de trabalho e da esta\u00e7\u00e3o do ano.<br>Os ficheiros RAW nunca s\u00e3o fornecidos.<br>Os JPEG de alta resolu\u00e7\u00e3o n\u00e3o editados podem ser adquiridos como complemento (200 euros por hora de fotografia e\/ou locais abrangidos decididos pela Paris Media).<br>Todas as entregas s\u00e3o efectuadas digitalmente.<br>Os clientes n\u00e3o podem cortar, alterar ou aplicar filtros \u00e0s imagens sem o consentimento escrito da Paris Media.   <\/p><p>4. RETOQUE E EDI\u00c7\u00c3O DE IMAGEM<br>Toda a edi\u00e7\u00e3o de imagem efectuada consiste exclusivamente em grada\u00e7\u00e3o de cor e ajustes globais no nosso estilo de assinatura.<br>N\u00e3o s\u00e3o inclu\u00eddas revis\u00f5es das imagens originais como padr\u00e3o.<br>Os pedidos de modifica\u00e7\u00f5es adicionais &#8211; incluindo, mas n\u00e3o se limitando a, remodela\u00e7\u00e3o do corpo, trabalho da pele ou remo\u00e7\u00e3o de objectos &#8211; podem ser considerados \u00e0 nossa discri\u00e7\u00e3o e estar\u00e3o sujeitos a taxas adicionais.<br>Qualquer trabalho de retoque adicional s\u00f3 ser\u00e1 efectuado depois de um or\u00e7amento escrito ter sido fornecido, aceite e pago pelo cliente, especificando tanto o custo como o prazo de entrega.<br>Paris Media reserva-se o direito de recusar qualquer pedido considerado irrealista, excessivo ou incompat\u00edvel com a vis\u00e3o art\u00edstica.<\/p><p>5. CONDI\u00c7\u00d5ES DA SESS\u00c3O E RESULTADO FINAL<br>O resultado visual de uma sess\u00e3o depende de m\u00faltiplos factores fora do nosso controlo, incluindo, entre outros, o clima, a luz natural, as condi\u00e7\u00f5es do local e as varia\u00e7\u00f5es sazonais.<br>Consequentemente, as imagens podem diferir das imagens apresentadas no nosso portf\u00f3lio, que foram criadas em circunst\u00e2ncias espec\u00edficas.<br>As varia\u00e7\u00f5es na ilumina\u00e7\u00e3o, nas cores ou na atmosfera n\u00e3o podem ser consideradas defeitos e n\u00e3o constituem motivo para reembolso ou nova sess\u00e3o.<\/p><p>6. CANCELAMENTO E REAGENDAMENTO<br>Os cancelamentos efectuados mais de 14 dias antes da data prevista s\u00e3o reembolsados (menos as taxas de processamento).<br>Os cancelamentos efectuados menos de 14 dias antes da sess\u00e3o n\u00e3o s\u00e3o reembols\u00e1veis.<br>O reagendamento \u00e9 poss\u00edvel gratuitamente at\u00e9 14 dias antes da sess\u00e3o.<br>Em caso de for\u00e7a maior (greves, condi\u00e7\u00f5es climat\u00e9ricas extremas, etc.), a Paris Media pode propor uma nova data.<br>N\u00e3o ser\u00e1 efectuado qualquer reembolso ou cr\u00e9dito parcial em caso de participa\u00e7\u00e3o reduzida, chegada tardia ou falta de elementos no dia da sess\u00e3o.<\/p><p>7. RESPONSABILIDADE DO CLIENTE PELA APAR\u00caNCIA<br>Os clientes s\u00e3o os \u00fanicos respons\u00e1veis pela sua prepara\u00e7\u00e3o pessoal, incluindo o guarda-roupa, a maquilhagem e o cabelo.<br>A insatisfa\u00e7\u00e3o com a apar\u00eancia pessoal n\u00e3o ser\u00e1 considerada motivo para uma nova sess\u00e3o fotogr\u00e1fica ou reembolso.<\/p><p>8. DIREITOS DE IMAGEM E UTILIZA\u00c7\u00c3O<br>A Paris Media det\u00e9m a propriedade total dos direitos de autor de todas as imagens.<br>\u00c9 concedida ao cliente uma licen\u00e7a n\u00e3o transfer\u00edvel e n\u00e3o exclusiva apenas para utiliza\u00e7\u00e3o privada.<br>A utiliza\u00e7\u00e3o comercial ou p\u00fablica (publicidade, parcerias, publica\u00e7\u00f5es nos meios de comunica\u00e7\u00e3o social, etc.) requer uma licen\u00e7a comercial separada e um acordo escrito.<br>A menos que o cliente opte especificamente por n\u00e3o o fazer por escrito, a Paris Media pode utilizar imagens selecionadas para fins promocionais, incluindo o portef\u00f3lio do s\u00edtio Web, material impresso e redes sociais.<br>\u00c9 estritamente proibida qualquer reprodu\u00e7\u00e3o n\u00e3o autorizada, revenda ou explora\u00e7\u00e3o comercial das imagens.<\/p><p>9. RESPONSABILIDADE<br>A Paris Media n\u00e3o pode ser responsabilizada por cancelamentos ou atrasos causados por circunst\u00e2ncias fora do seu controlo.<br>A Paris Media n\u00e3o \u00e9 respons\u00e1vel por quaisquer imperfei\u00e7\u00f5es visuais resultantes de itens ou servi\u00e7os fornecidos pelo cliente ou por terceiros, incluindo, entre outros, maquilhagem, guarda-roupa ou acess\u00f3rios.<br>O cliente \u00e9 respons\u00e1vel pelos seus pertences pessoais e pela sua conduta durante a sess\u00e3o. Qualquer dano ao equipamento ou propriedade causado pelo cliente pode resultar em custos de repara\u00e7\u00e3o ou substitui\u00e7\u00e3o. <\/p><p>10. ARQUIVAMENTO E RECUPERA\u00c7\u00c3O DE FICHEIROS<br>Os ficheiros de imagem s\u00e3o armazenados durante um per\u00edodo limitado ap\u00f3s a entrega (at\u00e9 2 meses), sendo posteriormente eliminados sem aviso pr\u00e9vio. A Paris Media n\u00e3o garante o armazenamento indefinido de ficheiros de imagem para al\u00e9m da entrega.<br>Ap\u00f3s a expira\u00e7\u00e3o de uma galeria, a recupera\u00e7\u00e3o de imagens est\u00e1 sujeita a uma taxa de recupera\u00e7\u00e3o de 100 euros e n\u00e3o \u00e9 garantida, uma vez que s\u00f3 \u00e9 poss\u00edvel se os ficheiros ainda estiverem dispon\u00edveis nos nossos arquivos. <br>Os clientes s\u00e3o respons\u00e1veis por assegurar as suas pr\u00f3prias c\u00f3pias de seguran\u00e7a ap\u00f3s a entrega. <\/p><p>11. N\u00c3O REEMBOLSO AP\u00d3S O PAGAMENTO DA EDI\u00c7\u00c3O<br>O cliente aceita expressamente que o direito de rescis\u00e3o n\u00e3o se aplica ap\u00f3s o pagamento do trabalho de edi\u00e7\u00e3o, devido \u00e0 natureza personalizada e digital do servi\u00e7o.<br>Uma vez entregues as imagens n\u00e3o editadas e editadas, estas s\u00e3o consideradas totalmente aceites pelo cliente.<br>Devido \u00e0 natureza digital do produto, n\u00e3o ser\u00e3o concedidos reembolsos ou reedi\u00e7\u00f5es com base no gosto pessoal ou insatisfa\u00e7\u00e3o subjectiva com o estilo de edi\u00e7\u00e3o.<\/p><p>12. ACESS\u00d3RIOS E SERVI\u00c7OS DE TERCEIROS<br>Os acess\u00f3rios fornecidos pela Paris Media (como bal\u00f5es, conjuntos de piquenique ou similares) s\u00e3o oferecidos como cortesia ou complementos opcionais. Embora sejam feitos todos os esfor\u00e7os para garantir que estejam em boas condi\u00e7\u00f5es, a Paris Media n\u00e3o pode ser responsabilizada por quaisquer defeitos, danos ou perdas que ocorram antes ou durante a sess\u00e3o. Em caso de perda ou dano causado pelo cliente, poder\u00e3o ser aplicados custos de substitui\u00e7\u00e3o.<br>Os servi\u00e7os de terceiros (como aluguer de vestidos, maquilhadores, cabeleireiros, decoradores, floristas, m\u00fasicos, etc.) recomendados pela Paris Media s\u00e3o fornecidos por fornecedores independentes. A Paris Media n\u00e3o \u00e9 respons\u00e1vel pelo seu desempenho, pre\u00e7os, pontualidade ou qualidade do servi\u00e7o. Quaisquer acordos, pagamentos ou reclama\u00e7\u00f5es relacionadas com estes servi\u00e7os devem ser feitos diretamente com o fornecedor.<br>A Paris Media n\u00e3o \u00e9 respons\u00e1vel por quaisquer imperfei\u00e7\u00f5es visuais resultantes de itens ou servi\u00e7os fornecidos pelo cliente ou por terceiros, incluindo, entre outros, maquilhagem, guarda-roupa ou acess\u00f3rios.    <\/p><p>13. ACEITA\u00c7\u00c3O E MODIFICA\u00c7\u00d5ES<br>Estes Termos e Condi\u00e7\u00f5es podem ser actualizados a qualquer momento sem aviso pr\u00e9vio.<br>Ao reservar uma sess\u00e3o, o cliente confirma que leu, compreendeu e concordou com estes Termos e Condi\u00e7\u00f5es.<\/p><p class=\"p1\"><span class=\"s1\">14. LEI APLIC\u00c1VEL E JURISDI\u00c7\u00c3O<br><\/span><span class=\"s1\">As presentes Condi\u00e7\u00f5es Gerais e qualquer lit\u00edgio delas decorrente s\u00e3o regidos exclusivamente pela lei francesa. O Tribunal de Com\u00e9rcio de Paris tem compet\u00eancia \u00fanica e exclusiva para qualquer a\u00e7\u00e3o judicial relacionada com os servi\u00e7os prestados pela Paris Media. <\/span><\/p><p class=\"has-text-align-right has-small-font-size\">Informa\u00e7\u00f5es sobre a empresa<br>Nome comercial: Paris Media<br>Forma jur\u00eddica: SAS (Sociedade An\u00f3nima Francesa)<br>SIREN: 94.38.29.01<br>Email: bax.paris.photographer@gmail.com<\/p>\t\t\t\t\t\t\t\t<\/div>\n\t\t\t\t<\/div>\n\t\t\t\t\t<\/div>\n\t\t<\/div>\n\t\t\t\t\t<\/div>\n\t\t<\/section>\n\t\t\t\t<\/div>\n\t\t","protected":false},"excerpt":{"rendered":"<p>1. OBJECTIVOOs presentes Termos e Condi\u00e7\u00f5es regem todos os servi\u00e7os de fotografia prestados pela Paris Media, incluindo, entre outros: sess\u00f5es fotogr\u00e1ficas, acesso a galerias digitais, edi\u00e7\u00e3o de imagens e servi\u00e7os de styling.Ao reservar um servi\u00e7o, o cliente aceita os presentes Termos e Condi\u00e7\u00f5es na \u00edntegra. 2. RESERVA E PAGAMENTOAs sess\u00f5es s\u00e3o reservadas atrav\u00e9s de um [&hellip;]<\/p>\n","protected":false},"author":1,"featured_media":0,"parent":0,"menu_order":0,"comment_status":"closed","ping_status":"closed","template":"","meta":{"site-sidebar-layout":"default","site-content-layout":"","ast-site-content-layout":"default","site-content-style":"default","site-sidebar-style":"default","ast-global-header-display":"","ast-banner-title-visibility":"","ast-main-header-display":"","ast-hfb-above-header-display":"","ast-hfb-below-header-display":"","ast-hfb-mobile-header-display":"","site-post-title":"disabled","ast-breadcrumbs-content":"","ast-featured-img":"","footer-sml-layout":"","ast-disable-related-posts":"","theme-transparent-header-meta":"","adv-header-id-meta":"","stick-header-meta":"","header-above-stick-meta":"","header-main-stick-meta":"","header-below-stick-meta":"","astra-migrate-meta-layouts":"default","ast-page-background-enabled":"default","ast-page-background-meta":{"desktop":{"background-color":"var(--ast-global-color-4)","background-image":"","background-repeat":"repeat","background-position":"center center","background-size":"auto","background-attachment":"scroll","background-type":"","background-media":"","overlay-type":"","overlay-color":"","overlay-opacity":"","overlay-gradient":""},"tablet":{"background-color":"","background-image":"","background-repeat":"repeat","background-position":"center center","background-size":"auto","background-attachment":"scroll","background-type":"","background-media":"","overlay-type":"","overlay-color":"","overlay-opacity":"","overlay-gradient":""},"mobile":{"background-color":"","background-image":"","background-repeat":"repeat","background-position":"center center","background-size":"auto","background-attachment":"scroll","background-type":"","background-media":"","overlay-type":"","overlay-color":"","overlay-opacity":"","overlay-gradient":""}},"ast-content-background-meta":{"desktop":{"background-color":"var(--ast-global-color-5)","background-image":"","background-repeat":"repeat","background-position":"center center","background-size":"auto","background-attachment":"scroll","background-type":"","background-media":"","overlay-type":"","overlay-color":"","overlay-opacity":"","overlay-gradient":""},"tablet":{"background-color":"var(--ast-global-color-5)","background-image":"","background-repeat":"repeat","background-position":"center center","background-size":"auto","background-attachment":"scroll","background-type":"","background-media":"","overlay-type":"","overlay-color":"","overlay-opacity":"","overlay-gradient":""},"mobile":{"background-color":"var(--ast-global-color-5)","background-image":"","background-repeat":"repeat","background-position":"center center","background-size":"auto","background-attachment":"scroll","background-type":"","background-media":"","overlay-type":"","overlay-color":"","overlay-opacity":"","overlay-gradient":""}},"footnotes":""},"class_list":["post-2342","page","type-page","status-publish","hentry"],"yoast_head":"<!-- This site is optimized with the Yoast SEO plugin v27.4 - https:\/\/yoast.com\/product\/yoast-seo-wordpress\/ -->\n<title>Termos e condi\u00e7\u00f5es - Paris Photoshoot<\/title>\n<meta name=\"robots\" content=\"index, follow, max-snippet:-1, max-image-preview:large, max-video-preview:-1\" \/>\n<link rel=\"canonical\" href=\"https:\/\/paris-photoshoot.com\/pt-pt\/termos-e-condicoes\/\" \/>\n<meta property=\"og:locale\" content=\"pt_PT\" \/>\n<meta property=\"og:type\" content=\"article\" \/>\n<meta property=\"og:title\" content=\"Termos e condi\u00e7\u00f5es - Paris Photoshoot\" \/>\n<meta property=\"og:description\" content=\"1. OBJECTIVOOs presentes Termos e Condi\u00e7\u00f5es regem todos os servi\u00e7os de fotografia prestados pela Paris Media, incluindo, entre outros: sess\u00f5es fotogr\u00e1ficas, acesso a galerias digitais, edi\u00e7\u00e3o de imagens e servi\u00e7os de styling.Ao reservar um servi\u00e7o, o cliente aceita os presentes Termos e Condi\u00e7\u00f5es na \u00edntegra. 2. RESERVA E PAGAMENTOAs sess\u00f5es s\u00e3o reservadas atrav\u00e9s de um [&hellip;]\" \/>\n<meta property=\"og:url\" content=\"https:\/\/paris-photoshoot.com\/pt-pt\/termos-e-condicoes\/\" \/>\n<meta property=\"og:site_name\" content=\"Paris Photoshoot\" \/>\n<meta property=\"article:modified_time\" content=\"2026-03-10T18:47:58+00:00\" \/>\n<meta name=\"twitter:card\" content=\"summary_large_image\" \/>\n<meta name=\"twitter:label1\" content=\"Tempo estimado de leitura\" \/>\n\t<meta name=\"twitter:data1\" content=\"8 minutos\" \/>\n<script type=\"application\/ld+json\" class=\"yoast-schema-graph\">{\"@context\":\"https:\\\/\\\/schema.org\",\"@graph\":[{\"@type\":\"WebPage\",\"@id\":\"https:\\\/\\\/paris-photoshoot.com\\\/pt-pt\\\/termos-e-condicoes\\\/\",\"url\":\"https:\\\/\\\/paris-photoshoot.com\\\/pt-pt\\\/termos-e-condicoes\\\/\",\"name\":\"Termos e condi\u00e7\u00f5es - Paris Photoshoot\",\"isPartOf\":{\"@id\":\"https:\\\/\\\/paris-photoshoot.com\\\/pt-pt\\\/#website\"},\"datePublished\":\"2025-08-09T15:11:45+00:00\",\"dateModified\":\"2026-03-10T18:47:58+00:00\",\"breadcrumb\":{\"@id\":\"https:\\\/\\\/paris-photoshoot.com\\\/pt-pt\\\/termos-e-condicoes\\\/#breadcrumb\"},\"inLanguage\":\"pt-PT\",\"potentialAction\":[{\"@type\":\"ReadAction\",\"target\":[\"https:\\\/\\\/paris-photoshoot.com\\\/pt-pt\\\/termos-e-condicoes\\\/\"]}]},{\"@type\":\"BreadcrumbList\",\"@id\":\"https:\\\/\\\/paris-photoshoot.com\\\/pt-pt\\\/termos-e-condicoes\\\/#breadcrumb\",\"itemListElement\":[{\"@type\":\"ListItem\",\"position\":1,\"name\":\"Home\",\"item\":\"https:\\\/\\\/paris-photoshoot.com\\\/pt-pt\\\/\"},{\"@type\":\"ListItem\",\"position\":2,\"name\":\"Termos e condi\u00e7\u00f5es\"}]},{\"@type\":\"WebSite\",\"@id\":\"https:\\\/\\\/paris-photoshoot.com\\\/pt-pt\\\/#website\",\"url\":\"https:\\\/\\\/paris-photoshoot.com\\\/pt-pt\\\/\",\"name\":\"Paris Photoshoot\",\"description\":\"The best Parisian Photoshoot Experience\",\"potentialAction\":[{\"@type\":\"SearchAction\",\"target\":{\"@type\":\"EntryPoint\",\"urlTemplate\":\"https:\\\/\\\/paris-photoshoot.com\\\/pt-pt\\\/?s={search_term_string}\"},\"query-input\":{\"@type\":\"PropertyValueSpecification\",\"valueRequired\":true,\"valueName\":\"search_term_string\"}}],\"inLanguage\":\"pt-PT\"}]}<\/script>\n<!-- \/ Yoast SEO plugin. -->","yoast_head_json":{"title":"Termos e condi\u00e7\u00f5es - Paris Photoshoot","robots":{"index":"index","follow":"follow","max-snippet":"max-snippet:-1","max-image-preview":"max-image-preview:large","max-video-preview":"max-video-preview:-1"},"canonical":"https:\/\/paris-photoshoot.com\/pt-pt\/termos-e-condicoes\/","og_locale":"pt_PT","og_type":"article","og_title":"Termos e condi\u00e7\u00f5es - Paris Photoshoot","og_description":"1. OBJECTIVOOs presentes Termos e Condi\u00e7\u00f5es regem todos os servi\u00e7os de fotografia prestados pela Paris Media, incluindo, entre outros: sess\u00f5es fotogr\u00e1ficas, acesso a galerias digitais, edi\u00e7\u00e3o de imagens e servi\u00e7os de styling.Ao reservar um servi\u00e7o, o cliente aceita os presentes Termos e Condi\u00e7\u00f5es na \u00edntegra. 2. RESERVA E PAGAMENTOAs sess\u00f5es s\u00e3o reservadas atrav\u00e9s de um [&hellip;]","og_url":"https:\/\/paris-photoshoot.com\/pt-pt\/termos-e-condicoes\/","og_site_name":"Paris Photoshoot","article_modified_time":"2026-03-10T18:47:58+00:00","twitter_card":"summary_large_image","twitter_misc":{"Tempo estimado de leitura":"8 minutos"},"schema":{"@context":"https:\/\/schema.org","@graph":[{"@type":"WebPage","@id":"https:\/\/paris-photoshoot.com\/pt-pt\/termos-e-condicoes\/","url":"https:\/\/paris-photoshoot.com\/pt-pt\/termos-e-condicoes\/","name":"Termos e condi\u00e7\u00f5es - Paris Photoshoot","isPartOf":{"@id":"https:\/\/paris-photoshoot.com\/pt-pt\/#website"},"datePublished":"2025-08-09T15:11:45+00:00","dateModified":"2026-03-10T18:47:58+00:00","breadcrumb":{"@id":"https:\/\/paris-photoshoot.com\/pt-pt\/termos-e-condicoes\/#breadcrumb"},"inLanguage":"pt-PT","potentialAction":[{"@type":"ReadAction","target":["https:\/\/paris-photoshoot.com\/pt-pt\/termos-e-condicoes\/"]}]},{"@type":"BreadcrumbList","@id":"https:\/\/paris-photoshoot.com\/pt-pt\/termos-e-condicoes\/#breadcrumb","itemListElement":[{"@type":"ListItem","position":1,"name":"Home","item":"https:\/\/paris-photoshoot.com\/pt-pt\/"},{"@type":"ListItem","position":2,"name":"Termos e condi\u00e7\u00f5es"}]},{"@type":"WebSite","@id":"https:\/\/paris-photoshoot.com\/pt-pt\/#website","url":"https:\/\/paris-photoshoot.com\/pt-pt\/","name":"Paris Photoshoot","description":"The best Parisian Photoshoot Experience","potentialAction":[{"@type":"SearchAction","target":{"@type":"EntryPoint","urlTemplate":"https:\/\/paris-photoshoot.com\/pt-pt\/?s={search_term_string}"},"query-input":{"@type":"PropertyValueSpecification","valueRequired":true,"valueName":"search_term_string"}}],"inLanguage":"pt-PT"}]}},"_links":{"self":[{"href":"https:\/\/paris-photoshoot.com\/pt-pt\/wp-json\/wp\/v2\/pages\/2342","targetHints":{"allow":["GET"]}}],"collection":[{"href":"https:\/\/paris-photoshoot.com\/pt-pt\/wp-json\/wp\/v2\/pages"}],"about":[{"href":"https:\/\/paris-photoshoot.com\/pt-pt\/wp-json\/wp\/v2\/types\/page"}],"author":[{"embeddable":true,"href":"https:\/\/paris-photoshoot.com\/pt-pt\/wp-json\/wp\/v2\/users\/1"}],"replies":[{"embeddable":true,"href":"https:\/\/paris-photoshoot.com\/pt-pt\/wp-json\/wp\/v2\/comments?post=2342"}],"version-history":[{"count":3,"href":"https:\/\/paris-photoshoot.com\/pt-pt\/wp-json\/wp\/v2\/pages\/2342\/revisions"}],"predecessor-version":[{"id":2348,"href":"https:\/\/paris-photoshoot.com\/pt-pt\/wp-json\/wp\/v2\/pages\/2342\/revisions\/2348"}],"wp:attachment":[{"href":"https:\/\/paris-photoshoot.com\/pt-pt\/wp-json\/wp\/v2\/media?parent=2342"}],"curies":[{"name":"wp","href":"https:\/\/api.w.org\/{rel}","templated":true}]}}