{"id":887,"date":"2023-11-29T12:24:00","date_gmt":"2023-11-29T12:24:00","guid":{"rendered":"https:\/\/paris-photoshoot.com\/photoshoot-entre-amis\/"},"modified":"2025-09-11T11:36:57","modified_gmt":"2025-09-11T11:36:57","slug":"photoshoot-entre-amis","status":"publish","type":"page","link":"https:\/\/paris-photoshoot.com\/fr\/photoshoot-entre-amis\/","title":{"rendered":"Photoshoot entre amis"},"content":{"rendered":"\t\t<div data-elementor-type=\"wp-page\" data-elementor-id=\"887\" class=\"elementor elementor-887 elementor-219\" data-elementor-post-type=\"page\">\n\t\t\t\t\t\t<section class=\"elementor-section elementor-top-section elementor-element elementor-element-4a89c03f elementor-section-height-min-height elementor-section-boxed elementor-section-height-default elementor-section-items-middle\" data-id=\"4a89c03f\" data-element_type=\"section\" data-e-type=\"section\" data-settings=\"{&quot;background_background&quot;:&quot;classic&quot;}\">\n\t\t\t\t\t\t\t<div class=\"elementor-background-overlay\"><\/div>\n\t\t\t\t\t\t\t<div class=\"elementor-container elementor-column-gap-default\">\n\t\t\t\t\t<div class=\"elementor-column elementor-col-100 elementor-top-column elementor-element elementor-element-7535e6c9\" data-id=\"7535e6c9\" data-element_type=\"column\" data-e-type=\"column\">\n\t\t\t<div class=\"elementor-widget-wrap elementor-element-populated\">\n\t\t\t\t\t\t<div class=\"elementor-element elementor-element-51b9632f de_scroll_animation_no elementor-invisible elementor-widget elementor-widget-heading\" data-id=\"51b9632f\" data-element_type=\"widget\" data-e-type=\"widget\" data-settings=\"{&quot;_animation&quot;:&quot;fadeIn&quot;}\" data-widget_type=\"heading.default\">\n\t\t\t\t<div class=\"elementor-widget-container\">\n\t\t\t\t\t<h1 class=\"elementor-heading-title elementor-size-default\">Portfolio de photoshoot d'amis<\/h1>\t\t\t\t<\/div>\n\t\t\t\t<\/div>\n\t\t\t\t<div class=\"elementor-element elementor-element-3e9ab6ab de_scroll_animation_no elementor-widget elementor-widget-text-editor\" data-id=\"3e9ab6ab\" data-element_type=\"widget\" data-e-type=\"widget\" data-widget_type=\"text-editor.default\">\n\t\t\t\t<div class=\"elementor-widget-container\">\n\t\t\t\t\t\t\t\t\t<p>Partagez avec vos amis le plaisir et le style d&rsquo;une visite \u00e0 Paris et cr\u00e9ez des souvenirs uniques avec eux !<\/p>\t\t\t\t\t\t\t\t<\/div>\n\t\t\t\t<\/div>\n\t\t\t\t\t<\/div>\n\t\t<\/div>\n\t\t\t\t\t<\/div>\n\t\t<\/section>\n\t\t\t\t<section class=\"elementor-section elementor-top-section elementor-element elementor-element-9f91207 elementor-section-boxed elementor-section-height-default elementor-section-height-default\" data-id=\"9f91207\" data-element_type=\"section\" data-e-type=\"section\">\n\t\t\t\t\t\t<div class=\"elementor-container elementor-column-gap-default\">\n\t\t\t\t\t<div class=\"elementor-column elementor-col-100 elementor-top-column elementor-element elementor-element-4a845322\" data-id=\"4a845322\" data-element_type=\"column\" data-e-type=\"column\">\n\t\t\t<div class=\"elementor-widget-wrap elementor-element-populated\">\n\t\t\t\t\t\t<section class=\"elementor-section elementor-inner-section elementor-element elementor-element-2ada138 elementor-hidden-desktop elementor-hidden-tablet elementor-hidden-mobile elementor-section-boxed elementor-section-height-default elementor-section-height-default\" data-id=\"2ada138\" data-element_type=\"section\" data-e-type=\"section\">\n\t\t\t\t\t\t<div class=\"elementor-container elementor-column-gap-default\">\n\t\t\t\t\t<div class=\"elementor-column elementor-col-33 elementor-inner-column elementor-element elementor-element-5f2b60d9 elementor-invisible\" data-id=\"5f2b60d9\" data-element_type=\"column\" data-e-type=\"column\" data-settings=\"{&quot;background_background&quot;:&quot;classic&quot;,&quot;animation&quot;:&quot;fadeIn&quot;,&quot;animation_delay&quot;:400}\">\n\t\t\t<div class=\"elementor-widget-wrap elementor-element-populated\">\n\t\t\t\t\t<div class=\"elementor-background-overlay\"><\/div>\n\t\t\t\t\t\t<div class=\"elementor-element elementor-element-7ae5891b de_scroll_animation_no elementor-widget elementor-widget-spacer\" data-id=\"7ae5891b\" data-element_type=\"widget\" data-e-type=\"widget\" data-widget_type=\"spacer.default\">\n\t\t\t\t<div class=\"elementor-widget-container\">\n\t\t\t\t\t\t\t<div class=\"elementor-spacer\">\n\t\t\t<div class=\"elementor-spacer-inner\"><\/div>\n\t\t<\/div>\n\t\t\t\t\t\t<\/div>\n\t\t\t\t<\/div>\n\t\t\t\t\t<\/div>\n\t\t<\/div>\n\t\t\t\t<div class=\"elementor-column elementor-col-33 elementor-inner-column elementor-element elementor-element-5b0bb171 elementor-invisible\" data-id=\"5b0bb171\" data-element_type=\"column\" data-e-type=\"column\" data-settings=\"{&quot;background_background&quot;:&quot;classic&quot;,&quot;animation&quot;:&quot;fadeIn&quot;,&quot;animation_delay&quot;:500}\">\n\t\t\t<div class=\"elementor-widget-wrap elementor-element-populated\">\n\t\t\t\t\t<div class=\"elementor-background-overlay\"><\/div>\n\t\t\t\t\t\t<div class=\"elementor-element elementor-element-5fc9ef56 de_scroll_animation_no elementor-widget elementor-widget-spacer\" data-id=\"5fc9ef56\" data-element_type=\"widget\" data-e-type=\"widget\" data-widget_type=\"spacer.default\">\n\t\t\t\t<div class=\"elementor-widget-container\">\n\t\t\t\t\t\t\t<div class=\"elementor-spacer\">\n\t\t\t<div class=\"elementor-spacer-inner\"><\/div>\n\t\t<\/div>\n\t\t\t\t\t\t<\/div>\n\t\t\t\t<\/div>\n\t\t\t\t\t<\/div>\n\t\t<\/div>\n\t\t\t\t<div class=\"elementor-column elementor-col-33 elementor-inner-column elementor-element elementor-element-4e79d307 elementor-invisible\" data-id=\"4e79d307\" data-element_type=\"column\" data-e-type=\"column\" data-settings=\"{&quot;background_background&quot;:&quot;classic&quot;,&quot;animation&quot;:&quot;fadeIn&quot;,&quot;animation_delay&quot;:600}\">\n\t\t\t<div class=\"elementor-widget-wrap elementor-element-populated\">\n\t\t\t\t\t<div class=\"elementor-background-overlay\"><\/div>\n\t\t\t\t\t\t<div class=\"elementor-element elementor-element-441044c8 de_scroll_animation_no elementor-widget elementor-widget-spacer\" data-id=\"441044c8\" data-element_type=\"widget\" data-e-type=\"widget\" data-widget_type=\"spacer.default\">\n\t\t\t\t<div class=\"elementor-widget-container\">\n\t\t\t\t\t\t\t<div class=\"elementor-spacer\">\n\t\t\t<div class=\"elementor-spacer-inner\"><\/div>\n\t\t<\/div>\n\t\t\t\t\t\t<\/div>\n\t\t\t\t<\/div>\n\t\t\t\t\t<\/div>\n\t\t<\/div>\n\t\t\t\t\t<\/div>\n\t\t<\/section>\n\t\t\t\t<section class=\"elementor-section elementor-inner-section elementor-element elementor-element-2e705b6 elementor-section-boxed elementor-section-height-default elementor-section-height-default\" data-id=\"2e705b6\" data-element_type=\"section\" data-e-type=\"section\">\n\t\t\t\t\t\t<div class=\"elementor-container elementor-column-gap-default\">\n\t\t\t\t\t<div class=\"elementor-column elementor-col-100 elementor-inner-column elementor-element elementor-element-95db609 elementor-invisible\" data-id=\"95db609\" data-element_type=\"column\" data-e-type=\"column\" data-settings=\"{&quot;background_background&quot;:&quot;classic&quot;,&quot;animation&quot;:&quot;fadeIn&quot;,&quot;animation_delay&quot;:400}\">\n\t\t\t<div class=\"elementor-widget-wrap elementor-element-populated\">\n\t\t\t\t\t<div class=\"elementor-background-overlay\"><\/div>\n\t\t\t\t\t\t<div class=\"elementor-element elementor-element-54cad3d gallery-spacing-custom de_scroll_animation_no elementor-widget elementor-widget-image-gallery\" data-id=\"54cad3d\" data-element_type=\"widget\" data-e-type=\"widget\" data-widget_type=\"image-gallery.default\">\n\t\t\t\t<div class=\"elementor-widget-container\">\n\t\t\t\t\t\t\t<div class=\"elementor-image-gallery\">\n\t\t\t<div id='gallery-1' class='gallery galleryid-887 gallery-columns-3 gallery-size-full'><figure class='gallery-item'>\n\t\t\t<div class='gallery-icon portrait'>\n\t\t\t\t<img fetchpriority=\"high\" decoding=\"async\" width=\"731\" height=\"1024\" src=\"https:\/\/paris-photoshoot.com\/wp-content\/uploads\/2023\/11\/PIG_1225-731x1024-1.jpg\" class=\"attachment-full size-full\" alt=\"\" aria-describedby=\"gallery-1-843\" srcset=\"https:\/\/paris-photoshoot.com\/wp-content\/uploads\/2023\/11\/PIG_1225-731x1024-1.jpg 731w, https:\/\/paris-photoshoot.com\/wp-content\/uploads\/2023\/11\/PIG_1225-731x1024-1-600x840.jpg 600w, https:\/\/paris-photoshoot.com\/wp-content\/uploads\/2023\/11\/PIG_1225-731x1024-1-214x300.jpg 214w\" sizes=\"(max-width: 731px) 100vw, 731px\" \/>\n\t\t\t<\/div>\n\t\t\t\t<figcaption class='wp-caption-text gallery-caption' id='gallery-1-843'>\n\t\t\t\t\u00a9Sanjukta Sol\n\t\t\t\t<\/figcaption><\/figure><figure class='gallery-item'>\n\t\t\t<div class='gallery-icon portrait'>\n\t\t\t\t<img decoding=\"async\" width=\"731\" height=\"1024\" src=\"https:\/\/paris-photoshoot.com\/wp-content\/uploads\/2023\/11\/SOL_2677-731x1024-1.jpg\" class=\"attachment-full size-full\" alt=\"\" aria-describedby=\"gallery-1-844\" srcset=\"https:\/\/paris-photoshoot.com\/wp-content\/uploads\/2023\/11\/SOL_2677-731x1024-1.jpg 731w, https:\/\/paris-photoshoot.com\/wp-content\/uploads\/2023\/11\/SOL_2677-731x1024-1-600x840.jpg 600w, https:\/\/paris-photoshoot.com\/wp-content\/uploads\/2023\/11\/SOL_2677-731x1024-1-214x300.jpg 214w\" sizes=\"(max-width: 731px) 100vw, 731px\" \/>\n\t\t\t<\/div>\n\t\t\t\t<figcaption class='wp-caption-text gallery-caption' id='gallery-1-844'>\n\t\t\t\t\u00a9romainsol\n\t\t\t\t<\/figcaption><\/figure><figure class='gallery-item'>\n\t\t\t<div class='gallery-icon portrait'>\n\t\t\t\t<img decoding=\"async\" width=\"731\" height=\"1024\" src=\"https:\/\/paris-photoshoot.com\/wp-content\/uploads\/2023\/11\/SOL_1963-731x1024-1.jpg\" class=\"attachment-full size-full\" alt=\"\" aria-describedby=\"gallery-1-845\" srcset=\"https:\/\/paris-photoshoot.com\/wp-content\/uploads\/2023\/11\/SOL_1963-731x1024-1.jpg 731w, https:\/\/paris-photoshoot.com\/wp-content\/uploads\/2023\/11\/SOL_1963-731x1024-1-600x840.jpg 600w, https:\/\/paris-photoshoot.com\/wp-content\/uploads\/2023\/11\/SOL_1963-731x1024-1-214x300.jpg 214w\" sizes=\"(max-width: 731px) 100vw, 731px\" \/>\n\t\t\t<\/div>\n\t\t\t\t<figcaption class='wp-caption-text gallery-caption' id='gallery-1-845'>\n\t\t\t\t\u00a9romainsol\n\t\t\t\t<\/figcaption><\/figure>\n\t\t<\/div>\n\t\t<\/div>\n\t\t\t\t\t\t<\/div>\n\t\t\t\t<\/div>\n\t\t\t\t\t<\/div>\n\t\t<\/div>\n\t\t\t\t\t<\/div>\n\t\t<\/section>\n\t\t\t\t\t<\/div>\n\t\t<\/div>\n\t\t\t\t\t<\/div>\n\t\t<\/section>\n\t\t\t\t<section class=\"elementor-section elementor-top-section elementor-element elementor-element-2bb188e elementor-section-full_width elementor-section-height-default elementor-section-height-default\" data-id=\"2bb188e\" data-element_type=\"section\" data-e-type=\"section\">\n\t\t\t\t\t\t<div class=\"elementor-container elementor-column-gap-default\">\n\t\t\t\t\t<div class=\"elementor-column elementor-col-100 elementor-top-column elementor-element elementor-element-f4f879e\" data-id=\"f4f879e\" data-element_type=\"column\" data-e-type=\"column\">\n\t\t\t<div class=\"elementor-widget-wrap elementor-element-populated\">\n\t\t\t\t\t\t<div class=\"elementor-element elementor-element-87a9d2b ekit-image-accordion-hover ekit-image-accordion-horizontal de_scroll_animation_no elementor-widget elementor-widget-elementskit-image-accordion\" data-id=\"87a9d2b\" data-element_type=\"widget\" data-e-type=\"widget\" data-widget_type=\"elementskit-image-accordion.default\">\n\t\t\t\t<div class=\"elementor-widget-container\">\n\t\t\t\t\t<div class=\"ekit-wid-con\" >\t\t<div class=\"ekit-image-accordion elementskit-image-accordion-wraper\">\n\t\t\t                <input type=\"radio\" name=\"ekit_ia_87a9d2b\" id=\"ekit_ia_87a9d2b_0\" class=\"elementskit-single-image-accordion--input\" hidden>\n                <label for=\"ekit_ia_87a9d2b_0\" class=\"elementskit-single-image-accordion ekit-image-accordion-item\" style=\"background-image: url(https:\/\/paris-photoshoot.com\/wp-content\/uploads\/2023\/11\/paris-eiffel-tower-photoshoot-girl-solo.jpg)\">\n                    <span class=\"elementskit-accordion-content\">\n\t\t\t\t\t\t\t\t\t\t\t\t\t<span class=\"elementskit-accordion-title-wraper\">\n\t\t\t\t\t\t\t\t<span class=\"elementskit-accordion-title \">\n\t\t\t\t\t\t\t\t\n\t\t\t\t\t\t\t\tSOLO\n\t\t\t\t\t\t\t\t\t\t\t\t\t\t\t\t<\/span>\n\t\t\t\t\t\t\t<\/span>\n\t\t\t\t\t\t\t\t\t\t\t\t\t\t<span class=\"elementskit-btn-wraper\">\n\t\t\t\t\t\t\t\t<a class=\"ekit-image-accordion--btn elementskit-btn whitespace--normal\" href=\"https:\/\/paris-photoshoot.com\/solo-photoshoot\/\">\n\t\t\t\t\t\t\t\t\tVoir la galerie\t\t\t\t\t\t\t\t<\/a>\n\t\t\t\t\t\t\t<\/span>\n\t\t\t\t\t\t                    <\/span>\n                <\/label>\n                            <input type=\"radio\" name=\"ekit_ia_87a9d2b\" id=\"ekit_ia_87a9d2b_1\" class=\"elementskit-single-image-accordion--input\" hidden>\n                <label for=\"ekit_ia_87a9d2b_1\" class=\"elementskit-single-image-accordion ekit-image-accordion-item\" style=\"background-image: url(https:\/\/paris-photoshoot.com\/wp-content\/uploads\/2023\/11\/couple.jpg)\">\n                    <span class=\"elementskit-accordion-content\">\n\t\t\t\t\t\t\t\t\t\t\t\t\t<span class=\"elementskit-accordion-title-wraper\">\n\t\t\t\t\t\t\t\t<span class=\"elementskit-accordion-title \">\n\t\t\t\t\t\t\t\t\n\t\t\t\t\t\t\t\tCOUPLE\n\t\t\t\t\t\t\t\t\t\t\t\t\t\t\t\t<\/span>\n\t\t\t\t\t\t\t<\/span>\n\t\t\t\t\t\t\t\t\t\t\t\t\t\t<span class=\"elementskit-btn-wraper\">\n\t\t\t\t\t\t\t\t<a class=\"ekit-image-accordion--btn elementskit-btn whitespace--normal\" href=\"https:\/\/paris-photoshoot.com\/couple-photoshoot\/\">\n\t\t\t\t\t\t\t\t\tVoir la galerie\t\t\t\t\t\t\t\t<\/a>\n\t\t\t\t\t\t\t<\/span>\n\t\t\t\t\t\t                    <\/span>\n                <\/label>\n                            <input type=\"radio\" name=\"ekit_ia_87a9d2b\" id=\"ekit_ia_87a9d2b_2\" class=\"elementskit-single-image-accordion--input\" hidden>\n                <label for=\"ekit_ia_87a9d2b_2\" class=\"elementskit-single-image-accordion ekit-image-accordion-item\" style=\"background-image: url(https:\/\/paris-photoshoot.com\/wp-content\/uploads\/2023\/11\/family.jpg)\">\n                    <span class=\"elementskit-accordion-content\">\n\t\t\t\t\t\t\t\t\t\t\t\t\t<span class=\"elementskit-accordion-title-wraper\">\n\t\t\t\t\t\t\t\t<span class=\"elementskit-accordion-title \">\n\t\t\t\t\t\t\t\t\n\t\t\t\t\t\t\t\tFAMILLE\n\t\t\t\t\t\t\t\t\t\t\t\t\t\t\t\t<\/span>\n\t\t\t\t\t\t\t<\/span>\n\t\t\t\t\t\t\t\t\t\t\t\t\t\t<span class=\"elementskit-btn-wraper\">\n\t\t\t\t\t\t\t\t<a class=\"ekit-image-accordion--btn elementskit-btn whitespace--normal\" href=\"https:\/\/paris-photoshoot.com\/family-photoshoot\/\">\n\t\t\t\t\t\t\t\t\tVoir la galerie\t\t\t\t\t\t\t\t<\/a>\n\t\t\t\t\t\t\t<\/span>\n\t\t\t\t\t\t                    <\/span>\n                <\/label>\n                    <\/div>\n    <\/div>\t\t\t\t<\/div>\n\t\t\t\t<\/div>\n\t\t\t\t\t<\/div>\n\t\t<\/div>\n\t\t\t\t\t<\/div>\n\t\t<\/section>\n\t\t\t\t<\/div>\n\t\t","protected":false},"excerpt":{"rendered":"<p>Portfolio de photoshoot d&rsquo;amis Partagez avec vos amis le plaisir et le style d&rsquo;une visite \u00e0 Paris et cr\u00e9ez des souvenirs uniques avec eux ! \u00a9Sanjukta Sol \u00a9romainsol \u00a9romainsol SOLO Voir la galerie COUPLE Voir la galerie FAMILLE Voir la galerie<\/p>\n","protected":false},"author":1,"featured_media":0,"parent":0,"menu_order":0,"comment_status":"closed","ping_status":"closed","template":"","meta":{"site-sidebar-layout":"no-sidebar","site-content-layout":"","ast-site-content-layout":"full-width-container","site-content-style":"default","site-sidebar-style":"default","ast-global-header-display":"","ast-banner-title-visibility":"","ast-main-header-display":"","ast-hfb-above-header-display":"","ast-hfb-below-header-display":"","ast-hfb-mobile-header-display":"","site-post-title":"disabled","ast-breadcrumbs-content":"","ast-featured-img":"disabled","footer-sml-layout":"","ast-disable-related-posts":"","theme-transparent-header-meta":"","adv-header-id-meta":"","stick-header-meta":"","header-above-stick-meta":"","header-main-stick-meta":"","header-below-stick-meta":"","astra-migrate-meta-layouts":"default","ast-page-background-enabled":"default","ast-page-background-meta":{"desktop":{"background-color":"var(--ast-global-color-4)","background-image":"","background-repeat":"repeat","background-position":"center center","background-size":"auto","background-attachment":"scroll","background-type":"","background-media":"","overlay-type":"","overlay-color":"","overlay-opacity":"","overlay-gradient":""},"tablet":{"background-color":"","background-image":"","background-repeat":"repeat","background-position":"center center","background-size":"auto","background-attachment":"scroll","background-type":"","background-media":"","overlay-type":"","overlay-color":"","overlay-opacity":"","overlay-gradient":""},"mobile":{"background-color":"","background-image":"","background-repeat":"repeat","background-position":"center center","background-size":"auto","background-attachment":"scroll","background-type":"","background-media":"","overlay-type":"","overlay-color":"","overlay-opacity":"","overlay-gradient":""}},"ast-content-background-meta":{"desktop":{"background-color":"var(--ast-global-color-5)","background-image":"","background-repeat":"repeat","background-position":"center center","background-size":"auto","background-attachment":"scroll","background-type":"","background-media":"","overlay-type":"","overlay-color":"","overlay-opacity":"","overlay-gradient":""},"tablet":{"background-color":"var(--ast-global-color-5)","background-image":"","background-repeat":"repeat","background-position":"center center","background-size":"auto","background-attachment":"scroll","background-type":"","background-media":"","overlay-type":"","overlay-color":"","overlay-opacity":"","overlay-gradient":""},"mobile":{"background-color":"var(--ast-global-color-5)","background-image":"","background-repeat":"repeat","background-position":"center center","background-size":"auto","background-attachment":"scroll","background-type":"","background-media":"","overlay-type":"","overlay-color":"","overlay-opacity":"","overlay-gradient":""}},"footnotes":""},"class_list":["post-887","page","type-page","status-publish","hentry"],"yoast_head":"<!-- This site is optimized with the Yoast SEO plugin v27.4 - https:\/\/yoast.com\/product\/yoast-seo-wordpress\/ -->\n<title>Photoshoot entre amis \u00e0 Paris : immortalisez des moments privil\u00e9gi\u00e9s<\/title>\n<meta name=\"description\" content=\"Faites l&#039;exp\u00e9rience d&#039;une s\u00e9ance photo m\u00e9morable entre amis \u00e0 Paris. Riez, dansez et cr\u00e9ez des souvenirs inoubliables avec des photographes experts dans des lieux embl\u00e9matiques.\" \/>\n<meta name=\"robots\" content=\"index, follow, max-snippet:-1, max-image-preview:large, max-video-preview:-1\" \/>\n<link rel=\"canonical\" href=\"https:\/\/paris-photoshoot.com\/fr\/photoshoot-entre-amis\/\" \/>\n<meta property=\"og:locale\" content=\"fr_FR\" \/>\n<meta property=\"og:type\" content=\"article\" \/>\n<meta property=\"og:title\" content=\"Photoshoot entre amis \u00e0 Paris : immortalisez des moments privil\u00e9gi\u00e9s\" \/>\n<meta property=\"og:description\" content=\"Faites l&#039;exp\u00e9rience d&#039;une s\u00e9ance photo m\u00e9morable entre amis \u00e0 Paris. Riez, dansez et cr\u00e9ez des souvenirs inoubliables avec des photographes experts dans des lieux embl\u00e9matiques.\" \/>\n<meta property=\"og:url\" content=\"https:\/\/paris-photoshoot.com\/fr\/photoshoot-entre-amis\/\" \/>\n<meta property=\"og:site_name\" content=\"Paris Photoshoot\" \/>\n<meta property=\"article:modified_time\" content=\"2025-09-11T11:36:57+00:00\" \/>\n<meta property=\"og:image\" content=\"https:\/\/paris-photoshoot.com\/wp-content\/uploads\/2023\/11\/PIG_1225-731x1024-1.jpg\" \/>\n<meta name=\"twitter:card\" content=\"summary_large_image\" \/>\n<script type=\"application\/ld+json\" class=\"yoast-schema-graph\">{\"@context\":\"https:\\\/\\\/schema.org\",\"@graph\":[{\"@type\":\"WebPage\",\"@id\":\"https:\\\/\\\/paris-photoshoot.com\\\/fr\\\/photoshoot-entre-amis\\\/\",\"url\":\"https:\\\/\\\/paris-photoshoot.com\\\/fr\\\/photoshoot-entre-amis\\\/\",\"name\":\"Photoshoot entre amis \u00e0 Paris : immortalisez des moments privil\u00e9gi\u00e9s\",\"isPartOf\":{\"@id\":\"https:\\\/\\\/paris-photoshoot.com\\\/fr\\\/#website\"},\"primaryImageOfPage\":{\"@id\":\"https:\\\/\\\/paris-photoshoot.com\\\/fr\\\/photoshoot-entre-amis\\\/#primaryimage\"},\"image\":{\"@id\":\"https:\\\/\\\/paris-photoshoot.com\\\/fr\\\/photoshoot-entre-amis\\\/#primaryimage\"},\"thumbnailUrl\":\"https:\\\/\\\/paris-photoshoot.com\\\/wp-content\\\/uploads\\\/2023\\\/11\\\/PIG_1225-731x1024-1.jpg\",\"datePublished\":\"2023-11-29T12:24:00+00:00\",\"dateModified\":\"2025-09-11T11:36:57+00:00\",\"description\":\"Faites l'exp\u00e9rience d'une s\u00e9ance photo m\u00e9morable entre amis \u00e0 Paris. Riez, dansez et cr\u00e9ez des souvenirs inoubliables avec des photographes experts dans des lieux embl\u00e9matiques.\",\"breadcrumb\":{\"@id\":\"https:\\\/\\\/paris-photoshoot.com\\\/fr\\\/photoshoot-entre-amis\\\/#breadcrumb\"},\"inLanguage\":\"fr-FR\",\"potentialAction\":[{\"@type\":\"ReadAction\",\"target\":[\"https:\\\/\\\/paris-photoshoot.com\\\/fr\\\/photoshoot-entre-amis\\\/\"]}]},{\"@type\":\"ImageObject\",\"inLanguage\":\"fr-FR\",\"@id\":\"https:\\\/\\\/paris-photoshoot.com\\\/fr\\\/photoshoot-entre-amis\\\/#primaryimage\",\"url\":\"https:\\\/\\\/paris-photoshoot.com\\\/wp-content\\\/uploads\\\/2023\\\/11\\\/PIG_1225-731x1024-1.jpg\",\"contentUrl\":\"https:\\\/\\\/paris-photoshoot.com\\\/wp-content\\\/uploads\\\/2023\\\/11\\\/PIG_1225-731x1024-1.jpg\"},{\"@type\":\"BreadcrumbList\",\"@id\":\"https:\\\/\\\/paris-photoshoot.com\\\/fr\\\/photoshoot-entre-amis\\\/#breadcrumb\",\"itemListElement\":[{\"@type\":\"ListItem\",\"position\":1,\"name\":\"Home\",\"item\":\"https:\\\/\\\/paris-photoshoot.com\\\/fr\\\/\"},{\"@type\":\"ListItem\",\"position\":2,\"name\":\"Photoshoot entre amis\"}]},{\"@type\":\"WebSite\",\"@id\":\"https:\\\/\\\/paris-photoshoot.com\\\/fr\\\/#website\",\"url\":\"https:\\\/\\\/paris-photoshoot.com\\\/fr\\\/\",\"name\":\"Paris Photoshoot\",\"description\":\"The best Parisian Photoshoot Experience\",\"potentialAction\":[{\"@type\":\"SearchAction\",\"target\":{\"@type\":\"EntryPoint\",\"urlTemplate\":\"https:\\\/\\\/paris-photoshoot.com\\\/fr\\\/?s={search_term_string}\"},\"query-input\":{\"@type\":\"PropertyValueSpecification\",\"valueRequired\":true,\"valueName\":\"search_term_string\"}}],\"inLanguage\":\"fr-FR\"}]}<\/script>\n<!-- \/ Yoast SEO plugin. -->","yoast_head_json":{"title":"Photoshoot entre amis \u00e0 Paris : immortalisez des moments privil\u00e9gi\u00e9s","description":"Faites l'exp\u00e9rience d'une s\u00e9ance photo m\u00e9morable entre amis \u00e0 Paris. Riez, dansez et cr\u00e9ez des souvenirs inoubliables avec des photographes experts dans des lieux embl\u00e9matiques.","robots":{"index":"index","follow":"follow","max-snippet":"max-snippet:-1","max-image-preview":"max-image-preview:large","max-video-preview":"max-video-preview:-1"},"canonical":"https:\/\/paris-photoshoot.com\/fr\/photoshoot-entre-amis\/","og_locale":"fr_FR","og_type":"article","og_title":"Photoshoot entre amis \u00e0 Paris : immortalisez des moments privil\u00e9gi\u00e9s","og_description":"Faites l'exp\u00e9rience d'une s\u00e9ance photo m\u00e9morable entre amis \u00e0 Paris. Riez, dansez et cr\u00e9ez des souvenirs inoubliables avec des photographes experts dans des lieux embl\u00e9matiques.","og_url":"https:\/\/paris-photoshoot.com\/fr\/photoshoot-entre-amis\/","og_site_name":"Paris Photoshoot","article_modified_time":"2025-09-11T11:36:57+00:00","og_image":[{"url":"https:\/\/paris-photoshoot.com\/wp-content\/uploads\/2023\/11\/PIG_1225-731x1024-1.jpg","type":"","width":"","height":""}],"twitter_card":"summary_large_image","schema":{"@context":"https:\/\/schema.org","@graph":[{"@type":"WebPage","@id":"https:\/\/paris-photoshoot.com\/fr\/photoshoot-entre-amis\/","url":"https:\/\/paris-photoshoot.com\/fr\/photoshoot-entre-amis\/","name":"Photoshoot entre amis \u00e0 Paris : immortalisez des moments privil\u00e9gi\u00e9s","isPartOf":{"@id":"https:\/\/paris-photoshoot.com\/fr\/#website"},"primaryImageOfPage":{"@id":"https:\/\/paris-photoshoot.com\/fr\/photoshoot-entre-amis\/#primaryimage"},"image":{"@id":"https:\/\/paris-photoshoot.com\/fr\/photoshoot-entre-amis\/#primaryimage"},"thumbnailUrl":"https:\/\/paris-photoshoot.com\/wp-content\/uploads\/2023\/11\/PIG_1225-731x1024-1.jpg","datePublished":"2023-11-29T12:24:00+00:00","dateModified":"2025-09-11T11:36:57+00:00","description":"Faites l'exp\u00e9rience d'une s\u00e9ance photo m\u00e9morable entre amis \u00e0 Paris. Riez, dansez et cr\u00e9ez des souvenirs inoubliables avec des photographes experts dans des lieux embl\u00e9matiques.","breadcrumb":{"@id":"https:\/\/paris-photoshoot.com\/fr\/photoshoot-entre-amis\/#breadcrumb"},"inLanguage":"fr-FR","potentialAction":[{"@type":"ReadAction","target":["https:\/\/paris-photoshoot.com\/fr\/photoshoot-entre-amis\/"]}]},{"@type":"ImageObject","inLanguage":"fr-FR","@id":"https:\/\/paris-photoshoot.com\/fr\/photoshoot-entre-amis\/#primaryimage","url":"https:\/\/paris-photoshoot.com\/wp-content\/uploads\/2023\/11\/PIG_1225-731x1024-1.jpg","contentUrl":"https:\/\/paris-photoshoot.com\/wp-content\/uploads\/2023\/11\/PIG_1225-731x1024-1.jpg"},{"@type":"BreadcrumbList","@id":"https:\/\/paris-photoshoot.com\/fr\/photoshoot-entre-amis\/#breadcrumb","itemListElement":[{"@type":"ListItem","position":1,"name":"Home","item":"https:\/\/paris-photoshoot.com\/fr\/"},{"@type":"ListItem","position":2,"name":"Photoshoot entre amis"}]},{"@type":"WebSite","@id":"https:\/\/paris-photoshoot.com\/fr\/#website","url":"https:\/\/paris-photoshoot.com\/fr\/","name":"Paris Photoshoot","description":"The best Parisian Photoshoot Experience","potentialAction":[{"@type":"SearchAction","target":{"@type":"EntryPoint","urlTemplate":"https:\/\/paris-photoshoot.com\/fr\/?s={search_term_string}"},"query-input":{"@type":"PropertyValueSpecification","valueRequired":true,"valueName":"search_term_string"}}],"inLanguage":"fr-FR"}]}},"_links":{"self":[{"href":"https:\/\/paris-photoshoot.com\/fr\/wp-json\/wp\/v2\/pages\/887","targetHints":{"allow":["GET"]}}],"collection":[{"href":"https:\/\/paris-photoshoot.com\/fr\/wp-json\/wp\/v2\/pages"}],"about":[{"href":"https:\/\/paris-photoshoot.com\/fr\/wp-json\/wp\/v2\/types\/page"}],"author":[{"embeddable":true,"href":"https:\/\/paris-photoshoot.com\/fr\/wp-json\/wp\/v2\/users\/1"}],"replies":[{"embeddable":true,"href":"https:\/\/paris-photoshoot.com\/fr\/wp-json\/wp\/v2\/comments?post=887"}],"version-history":[{"count":13,"href":"https:\/\/paris-photoshoot.com\/fr\/wp-json\/wp\/v2\/pages\/887\/revisions"}],"predecessor-version":[{"id":2226,"href":"https:\/\/paris-photoshoot.com\/fr\/wp-json\/wp\/v2\/pages\/887\/revisions\/2226"}],"wp:attachment":[{"href":"https:\/\/paris-photoshoot.com\/fr\/wp-json\/wp\/v2\/media?parent=887"}],"curies":[{"name":"wp","href":"https:\/\/api.w.org\/{rel}","templated":true}]}}