{"id":885,"date":"2023-11-29T16:33:18","date_gmt":"2023-11-29T16:33:18","guid":{"rendered":"https:\/\/paris-photoshoot.com\/conditions-dutilisation\/"},"modified":"2024-12-02T09:33:18","modified_gmt":"2024-12-02T09:33:18","slug":"conditions-dutilisation","status":"publish","type":"page","link":"https:\/\/paris-photoshoot.com\/fr\/conditions-dutilisation\/","title":{"rendered":"Mentions l\u00e9gales"},"content":{"rendered":"\t\t<div data-elementor-type=\"wp-page\" data-elementor-id=\"885\" class=\"elementor elementor-885\" data-elementor-post-type=\"page\">\n\t\t\t\t\t\t<section class=\"elementor-section elementor-top-section elementor-element elementor-element-7d69cb7 elementor-section-height-min-height elementor-section-boxed elementor-section-height-default elementor-section-items-middle\" data-id=\"7d69cb7\" data-element_type=\"section\" data-e-type=\"section\" data-settings=\"{&quot;background_background&quot;:&quot;classic&quot;}\">\n\t\t\t\t\t\t\t<div class=\"elementor-background-overlay\"><\/div>\n\t\t\t\t\t\t\t<div class=\"elementor-container elementor-column-gap-default\">\n\t\t\t\t\t<div class=\"elementor-column elementor-col-100 elementor-top-column elementor-element elementor-element-b3198ad\" data-id=\"b3198ad\" data-element_type=\"column\" data-e-type=\"column\">\n\t\t\t<div class=\"elementor-widget-wrap elementor-element-populated\">\n\t\t\t\t\t\t<div class=\"elementor-element elementor-element-8c2ba48 de_scroll_animation_no elementor-invisible elementor-widget elementor-widget-heading\" data-id=\"8c2ba48\" data-element_type=\"widget\" data-e-type=\"widget\" data-settings=\"{&quot;_animation&quot;:&quot;fadeIn&quot;}\" data-widget_type=\"heading.default\">\n\t\t\t\t<div class=\"elementor-widget-container\">\n\t\t\t\t\t<h1 class=\"elementor-heading-title elementor-size-default\">Mentions l\u00e9gales<\/h1>\t\t\t\t<\/div>\n\t\t\t\t<\/div>\n\t\t\t\t\t<\/div>\n\t\t<\/div>\n\t\t\t\t\t<\/div>\n\t\t<\/section>\n\t\t\t\t<section class=\"elementor-section elementor-top-section elementor-element elementor-element-d41943c elementor-section-boxed elementor-section-height-default elementor-section-height-default\" data-id=\"d41943c\" data-element_type=\"section\" data-e-type=\"section\">\n\t\t\t\t\t\t<div class=\"elementor-container elementor-column-gap-default\">\n\t\t\t\t\t<div class=\"elementor-column elementor-col-100 elementor-top-column elementor-element elementor-element-e927fbb\" data-id=\"e927fbb\" data-element_type=\"column\" data-e-type=\"column\">\n\t\t\t<div class=\"elementor-widget-wrap elementor-element-populated\">\n\t\t\t\t\t\t<div class=\"elementor-element elementor-element-62430ef de_scroll_animation_no elementor-widget elementor-widget-text-editor\" data-id=\"62430ef\" data-element_type=\"widget\" data-e-type=\"widget\" data-widget_type=\"text-editor.default\">\n\t\t\t\t<div class=\"elementor-widget-container\">\n\t\t\t\t\t\t\t\t\t<h3>\u00c9dition du site Internet<\/h3>\n<p>Le site Paris Photoshoot, accessible \u00e0 l&rsquo;<a href=\"https:\/\/paris-photoshoot.com\/fr\/\">adresse https:\/\/paris-photoshoot.com,<\/a> est \u00e9dit\u00e9 par <a href=\"https:\/\/www.phoenixel.be\/\" target=\"_blank\" rel=\"noopener\">Phoenixel<\/a>, dont le si\u00e8ge social est situ\u00e9 rue de l&rsquo;Yser 52, On 6900 (Marche-en-Famenne) Belgique.<\/p>\n<h3>R\u00e9daction du site internet<\/h3>\n<p><strong>Directeur de publication<\/strong>: Paris Photoshoot<br \/><strong>Email<\/strong>: r.o.x@hotmail.fr<br \/><strong>Adresse<\/strong>: Paris, France<\/p>\n<h3>H\u00e9bergeur du site<\/h3>\n<p>Le site Web de Paris Photoshoot (<a href=\"https:\/\/paris-photoshoot.com\/fr\/\">\u00ab\u00a0https:\/\/paris-photoshoot.com\u00a0\u00bb)<\/a>est h\u00e9berg\u00e9 par <a href=\"https:\/\/www.bluehost.com\/\">bluehost.com<\/a>, dont le si\u00e8ge social se trouve \u00e0 5335 Gate Pkwy, 2nd Floor, Jacksonville, FL 32256, et qui peut \u00eatre contact\u00e9 \u00e0 l&rsquo;adresse https:\/\/www.ionos.com\/contact.<\/p>\n<h3>Respect de la propri\u00e9t\u00e9 intellectuelle<\/h3>\n<p>Toutes les marques, photographies, textes, commentaires, illustrations, images anim\u00e9es ou non, s\u00e9quences vid\u00e9o, sons, ainsi que toutes les applications informatiques qui pourraient \u00eatre utilis\u00e9es pour faire fonctionner le Site et plus g\u00e9n\u00e9ralement tous les \u00e9l\u00e9ments reproduits ou utilis\u00e9s sur le Site sont prot\u00e9g\u00e9s par les lois en vigueur sur la propri\u00e9t\u00e9 intellectuelle. Ils sont la propri\u00e9t\u00e9 pleine et enti\u00e8re de l&rsquo;\u00e9diteur ou de ses partenaires, sauf mention contraire. Toute reproduction, repr\u00e9sentation, utilisation ou adaptation, sous quelque forme que ce soit, de tout ou partie de ces \u00e9l\u00e9ments, y compris les applications informatiques, sans l&rsquo;accord pr\u00e9alable et \u00e9crit de l&rsquo;Editeur, est strictement interdite. Le fait pour l&rsquo;\u00e9diteur de ne pas engager de poursuites d\u00e8s qu&rsquo;il a connaissance d&rsquo;une telle utilisation non autoris\u00e9e ne vaut pas acceptation de cette utilisation et renonciation aux poursuites. Seul l&rsquo;usage priv\u00e9 au sein du cercle familial est autoris\u00e9, et tout autre usage.<\/p>\n\t\t\t\t\t\t\t\t<\/div>\n\t\t\t\t<\/div>\n\t\t\t\t\t<\/div>\n\t\t<\/div>\n\t\t\t\t\t<\/div>\n\t\t<\/section>\n\t\t\t\t<\/div>\n\t\t","protected":false},"excerpt":{"rendered":"<p>Mentions l\u00e9gales \u00c9dition du site Internet Le site Paris Photoshoot, accessible \u00e0 l&rsquo;adresse https:\/\/paris-photoshoot.com, est \u00e9dit\u00e9 par Phoenixel, dont le si\u00e8ge social est situ\u00e9 rue de l&rsquo;Yser 52, On 6900 (Marche-en-Famenne) Belgique. R\u00e9daction du site internet Directeur de publication: Paris PhotoshootEmail: r.o.x@hotmail.frAdresse: Paris, France H\u00e9bergeur du site Le site Web de Paris Photoshoot (\u00ab\u00a0https:\/\/paris-photoshoot.com\u00a0\u00bb)est h\u00e9berg\u00e9 [&hellip;]<\/p>\n","protected":false},"author":1,"featured_media":0,"parent":0,"menu_order":0,"comment_status":"closed","ping_status":"closed","template":"","meta":{"site-sidebar-layout":"no-sidebar","site-content-layout":"","ast-site-content-layout":"full-width-container","site-content-style":"default","site-sidebar-style":"default","ast-global-header-display":"","ast-banner-title-visibility":"","ast-main-header-display":"","ast-hfb-above-header-display":"","ast-hfb-below-header-display":"","ast-hfb-mobile-header-display":"","site-post-title":"disabled","ast-breadcrumbs-content":"","ast-featured-img":"disabled","footer-sml-layout":"","ast-disable-related-posts":"","theme-transparent-header-meta":"","adv-header-id-meta":"","stick-header-meta":"","header-above-stick-meta":"","header-main-stick-meta":"","header-below-stick-meta":"","astra-migrate-meta-layouts":"default","ast-page-background-enabled":"default","ast-page-background-meta":{"desktop":{"background-color":"var(--ast-global-color-4)","background-image":"","background-repeat":"repeat","background-position":"center center","background-size":"auto","background-attachment":"scroll","background-type":"","background-media":"","overlay-type":"","overlay-color":"","overlay-opacity":"","overlay-gradient":""},"tablet":{"background-color":"","background-image":"","background-repeat":"repeat","background-position":"center center","background-size":"auto","background-attachment":"scroll","background-type":"","background-media":"","overlay-type":"","overlay-color":"","overlay-opacity":"","overlay-gradient":""},"mobile":{"background-color":"","background-image":"","background-repeat":"repeat","background-position":"center center","background-size":"auto","background-attachment":"scroll","background-type":"","background-media":"","overlay-type":"","overlay-color":"","overlay-opacity":"","overlay-gradient":""}},"ast-content-background-meta":{"desktop":{"background-color":"var(--ast-global-color-5)","background-image":"","background-repeat":"repeat","background-position":"center center","background-size":"auto","background-attachment":"scroll","background-type":"","background-media":"","overlay-type":"","overlay-color":"","overlay-opacity":"","overlay-gradient":""},"tablet":{"background-color":"var(--ast-global-color-5)","background-image":"","background-repeat":"repeat","background-position":"center center","background-size":"auto","background-attachment":"scroll","background-type":"","background-media":"","overlay-type":"","overlay-color":"","overlay-opacity":"","overlay-gradient":""},"mobile":{"background-color":"var(--ast-global-color-5)","background-image":"","background-repeat":"repeat","background-position":"center center","background-size":"auto","background-attachment":"scroll","background-type":"","background-media":"","overlay-type":"","overlay-color":"","overlay-opacity":"","overlay-gradient":""}},"footnotes":""},"class_list":["post-885","page","type-page","status-publish","hentry"],"yoast_head":"<!-- This site is optimized with the Yoast SEO plugin v27.4 - https:\/\/yoast.com\/product\/yoast-seo-wordpress\/ -->\n<title>Mentions l\u00e9gales - Paris Photoshoot<\/title>\n<meta name=\"robots\" content=\"index, follow, max-snippet:-1, max-image-preview:large, max-video-preview:-1\" \/>\n<link rel=\"canonical\" href=\"https:\/\/paris-photoshoot.com\/fr\/conditions-dutilisation\/\" \/>\n<meta property=\"og:locale\" content=\"fr_FR\" \/>\n<meta property=\"og:type\" content=\"article\" \/>\n<meta property=\"og:title\" content=\"Mentions l\u00e9gales - Paris Photoshoot\" \/>\n<meta property=\"og:description\" content=\"Mentions l\u00e9gales \u00c9dition du site Internet Le site Paris Photoshoot, accessible \u00e0 l&rsquo;adresse https:\/\/paris-photoshoot.com, est \u00e9dit\u00e9 par Phoenixel, dont le si\u00e8ge social est situ\u00e9 rue de l&rsquo;Yser 52, On 6900 (Marche-en-Famenne) Belgique. R\u00e9daction du site internet Directeur de publication: Paris PhotoshootEmail: r.o.x@hotmail.frAdresse: Paris, France H\u00e9bergeur du site Le site Web de Paris Photoshoot (\u00ab\u00a0https:\/\/paris-photoshoot.com\u00a0\u00bb)est h\u00e9berg\u00e9 [&hellip;]\" \/>\n<meta property=\"og:url\" content=\"https:\/\/paris-photoshoot.com\/fr\/conditions-dutilisation\/\" \/>\n<meta property=\"og:site_name\" content=\"Paris Photoshoot\" \/>\n<meta property=\"article:modified_time\" content=\"2024-12-02T09:33:18+00:00\" \/>\n<meta name=\"twitter:card\" content=\"summary_large_image\" \/>\n<meta name=\"twitter:label1\" content=\"Dur\u00e9e de lecture estim\u00e9e\" \/>\n\t<meta name=\"twitter:data1\" content=\"1 minute\" \/>\n<script type=\"application\/ld+json\" class=\"yoast-schema-graph\">{\"@context\":\"https:\\\/\\\/schema.org\",\"@graph\":[{\"@type\":\"WebPage\",\"@id\":\"https:\\\/\\\/paris-photoshoot.com\\\/fr\\\/conditions-dutilisation\\\/\",\"url\":\"https:\\\/\\\/paris-photoshoot.com\\\/fr\\\/conditions-dutilisation\\\/\",\"name\":\"Mentions l\u00e9gales - Paris Photoshoot\",\"isPartOf\":{\"@id\":\"https:\\\/\\\/paris-photoshoot.com\\\/fr\\\/#website\"},\"datePublished\":\"2023-11-29T16:33:18+00:00\",\"dateModified\":\"2024-12-02T09:33:18+00:00\",\"breadcrumb\":{\"@id\":\"https:\\\/\\\/paris-photoshoot.com\\\/fr\\\/conditions-dutilisation\\\/#breadcrumb\"},\"inLanguage\":\"fr-FR\",\"potentialAction\":[{\"@type\":\"ReadAction\",\"target\":[\"https:\\\/\\\/paris-photoshoot.com\\\/fr\\\/conditions-dutilisation\\\/\"]}]},{\"@type\":\"BreadcrumbList\",\"@id\":\"https:\\\/\\\/paris-photoshoot.com\\\/fr\\\/conditions-dutilisation\\\/#breadcrumb\",\"itemListElement\":[{\"@type\":\"ListItem\",\"position\":1,\"name\":\"Home\",\"item\":\"https:\\\/\\\/paris-photoshoot.com\\\/fr\\\/\"},{\"@type\":\"ListItem\",\"position\":2,\"name\":\"Mentions l\u00e9gales\"}]},{\"@type\":\"WebSite\",\"@id\":\"https:\\\/\\\/paris-photoshoot.com\\\/fr\\\/#website\",\"url\":\"https:\\\/\\\/paris-photoshoot.com\\\/fr\\\/\",\"name\":\"Paris Photoshoot\",\"description\":\"The best Parisian Photoshoot Experience\",\"potentialAction\":[{\"@type\":\"SearchAction\",\"target\":{\"@type\":\"EntryPoint\",\"urlTemplate\":\"https:\\\/\\\/paris-photoshoot.com\\\/fr\\\/?s={search_term_string}\"},\"query-input\":{\"@type\":\"PropertyValueSpecification\",\"valueRequired\":true,\"valueName\":\"search_term_string\"}}],\"inLanguage\":\"fr-FR\"}]}<\/script>\n<!-- \/ Yoast SEO plugin. -->","yoast_head_json":{"title":"Mentions l\u00e9gales - Paris Photoshoot","robots":{"index":"index","follow":"follow","max-snippet":"max-snippet:-1","max-image-preview":"max-image-preview:large","max-video-preview":"max-video-preview:-1"},"canonical":"https:\/\/paris-photoshoot.com\/fr\/conditions-dutilisation\/","og_locale":"fr_FR","og_type":"article","og_title":"Mentions l\u00e9gales - Paris Photoshoot","og_description":"Mentions l\u00e9gales \u00c9dition du site Internet Le site Paris Photoshoot, accessible \u00e0 l&rsquo;adresse https:\/\/paris-photoshoot.com, est \u00e9dit\u00e9 par Phoenixel, dont le si\u00e8ge social est situ\u00e9 rue de l&rsquo;Yser 52, On 6900 (Marche-en-Famenne) Belgique. R\u00e9daction du site internet Directeur de publication: Paris PhotoshootEmail: r.o.x@hotmail.frAdresse: Paris, France H\u00e9bergeur du site Le site Web de Paris Photoshoot (\u00ab\u00a0https:\/\/paris-photoshoot.com\u00a0\u00bb)est h\u00e9berg\u00e9 [&hellip;]","og_url":"https:\/\/paris-photoshoot.com\/fr\/conditions-dutilisation\/","og_site_name":"Paris Photoshoot","article_modified_time":"2024-12-02T09:33:18+00:00","twitter_card":"summary_large_image","twitter_misc":{"Dur\u00e9e de lecture estim\u00e9e":"1 minute"},"schema":{"@context":"https:\/\/schema.org","@graph":[{"@type":"WebPage","@id":"https:\/\/paris-photoshoot.com\/fr\/conditions-dutilisation\/","url":"https:\/\/paris-photoshoot.com\/fr\/conditions-dutilisation\/","name":"Mentions l\u00e9gales - Paris Photoshoot","isPartOf":{"@id":"https:\/\/paris-photoshoot.com\/fr\/#website"},"datePublished":"2023-11-29T16:33:18+00:00","dateModified":"2024-12-02T09:33:18+00:00","breadcrumb":{"@id":"https:\/\/paris-photoshoot.com\/fr\/conditions-dutilisation\/#breadcrumb"},"inLanguage":"fr-FR","potentialAction":[{"@type":"ReadAction","target":["https:\/\/paris-photoshoot.com\/fr\/conditions-dutilisation\/"]}]},{"@type":"BreadcrumbList","@id":"https:\/\/paris-photoshoot.com\/fr\/conditions-dutilisation\/#breadcrumb","itemListElement":[{"@type":"ListItem","position":1,"name":"Home","item":"https:\/\/paris-photoshoot.com\/fr\/"},{"@type":"ListItem","position":2,"name":"Mentions l\u00e9gales"}]},{"@type":"WebSite","@id":"https:\/\/paris-photoshoot.com\/fr\/#website","url":"https:\/\/paris-photoshoot.com\/fr\/","name":"Paris Photoshoot","description":"The best Parisian Photoshoot Experience","potentialAction":[{"@type":"SearchAction","target":{"@type":"EntryPoint","urlTemplate":"https:\/\/paris-photoshoot.com\/fr\/?s={search_term_string}"},"query-input":{"@type":"PropertyValueSpecification","valueRequired":true,"valueName":"search_term_string"}}],"inLanguage":"fr-FR"}]}},"_links":{"self":[{"href":"https:\/\/paris-photoshoot.com\/fr\/wp-json\/wp\/v2\/pages\/885","targetHints":{"allow":["GET"]}}],"collection":[{"href":"https:\/\/paris-photoshoot.com\/fr\/wp-json\/wp\/v2\/pages"}],"about":[{"href":"https:\/\/paris-photoshoot.com\/fr\/wp-json\/wp\/v2\/types\/page"}],"author":[{"embeddable":true,"href":"https:\/\/paris-photoshoot.com\/fr\/wp-json\/wp\/v2\/users\/1"}],"replies":[{"embeddable":true,"href":"https:\/\/paris-photoshoot.com\/fr\/wp-json\/wp\/v2\/comments?post=885"}],"version-history":[{"count":6,"href":"https:\/\/paris-photoshoot.com\/fr\/wp-json\/wp\/v2\/pages\/885\/revisions"}],"predecessor-version":[{"id":1146,"href":"https:\/\/paris-photoshoot.com\/fr\/wp-json\/wp\/v2\/pages\/885\/revisions\/1146"}],"wp:attachment":[{"href":"https:\/\/paris-photoshoot.com\/fr\/wp-json\/wp\/v2\/media?parent=885"}],"curies":[{"name":"wp","href":"https:\/\/api.w.org\/{rel}","templated":true}]}}