{"id":2518,"date":"2026-03-13T10:10:21","date_gmt":"2026-03-13T10:10:21","guid":{"rendered":"https:\/\/paris-photoshoot.com\/plan-du-site\/"},"modified":"2026-03-13T10:29:24","modified_gmt":"2026-03-13T10:29:24","slug":"plan-du-site","status":"publish","type":"page","link":"https:\/\/paris-photoshoot.com\/fr\/plan-du-site\/","title":{"rendered":"Plan du site"},"content":{"rendered":"\t\t<div data-elementor-type=\"wp-page\" data-elementor-id=\"2518\" class=\"elementor elementor-2518 elementor-2516\" data-elementor-post-type=\"page\">\n\t\t\t\t\t\t<section class=\"elementor-section elementor-top-section elementor-element elementor-element-6b582d6 elementor-section-height-min-height elementor-section-boxed elementor-section-height-default elementor-section-items-middle\" data-id=\"6b582d6\" data-element_type=\"section\" data-e-type=\"section\" data-settings=\"{&quot;background_background&quot;:&quot;classic&quot;}\">\n\t\t\t\t\t\t\t<div class=\"elementor-background-overlay\"><\/div>\n\t\t\t\t\t\t\t<div class=\"elementor-container elementor-column-gap-default\">\n\t\t\t\t\t<div class=\"elementor-column elementor-col-100 elementor-top-column elementor-element elementor-element-62a9a8a\" data-id=\"62a9a8a\" data-element_type=\"column\" data-e-type=\"column\">\n\t\t\t<div class=\"elementor-widget-wrap elementor-element-populated\">\n\t\t\t\t\t\t<div class=\"elementor-element elementor-element-e563b5b de_scroll_animation_no elementor-widget elementor-widget-spacer\" data-id=\"e563b5b\" data-element_type=\"widget\" data-e-type=\"widget\" data-widget_type=\"spacer.default\">\n\t\t\t\t<div class=\"elementor-widget-container\">\n\t\t\t\t\t\t\t<div class=\"elementor-spacer\">\n\t\t\t<div class=\"elementor-spacer-inner\"><\/div>\n\t\t<\/div>\n\t\t\t\t\t\t<\/div>\n\t\t\t\t<\/div>\n\t\t\t\t\t<\/div>\n\t\t<\/div>\n\t\t\t\t\t<\/div>\n\t\t<\/section>\n\t\t<div class=\"elementor-element elementor-element-071327b e-flex e-con-boxed e-con e-parent\" data-id=\"071327b\" data-element_type=\"container\" data-e-type=\"container\">\n\t\t\t\t\t<div class=\"e-con-inner\">\n\t\t\t\t<div class=\"elementor-element elementor-element-33f6a03 de_scroll_animation_no elementor-widget elementor-widget-text-editor\" data-id=\"33f6a03\" data-element_type=\"widget\" data-e-type=\"widget\" data-widget_type=\"text-editor.default\">\n\t\t\t\t<div class=\"elementor-widget-container\">\n\t\t\t\t\t\t\t\t\t<p>La structure de notre site vous permet de naviguer plus facilement entre les diff\u00e9rentes pages. Il vous suffit de cliquer sur l&rsquo;article souhait\u00e9 pour \u00eatre automatiquement redirig\u00e9 vers celui-ci.   <\/p>\t\t\t\t\t\t\t\t<\/div>\n\t\t\t\t<\/div>\n\t\t\t\t<div class=\"elementor-element elementor-element-a2d8ad1 de_scroll_animation_no elementor-widget elementor-widget-sitemap\" data-id=\"a2d8ad1\" data-element_type=\"widget\" data-e-type=\"widget\" data-widget_type=\"sitemap.default\">\n\t\t\t\t<div class=\"elementor-widget-container\">\n\t\t\t\t\t<div class=\"elementor-sitemap-wrap\"><div class=\"elementor-sitemap-section\"><h3 class=\"elementor-sitemap-title elementor-sitemap-page-title\">Pages<\/h3><ul class=\"elementor-sitemap-list elementor-sitemap-page-list\"><li class=\"elementor-sitemap-item elementor-sitemap-item-page page_item page-item-894 menu-item\"><a href=\"https:\/\/paris-photoshoot.com\/fr\/\" class=\"elementor-sitemap-item elementor-sitemap-item-page menu-link\">Accueil<\/a><\/li><li class=\"elementor-sitemap-item elementor-sitemap-item-page page_item page-item-889 menu-item\"><a href=\"https:\/\/paris-photoshoot.com\/fr\/a-propos-de-nous\/\" class=\"elementor-sitemap-item elementor-sitemap-item-page menu-link\">A propos de nous<\/a><\/li><li class=\"elementor-sitemap-item elementor-sitemap-item-page page_item page-item-901 menu-item\"><a href=\"https:\/\/paris-photoshoot.com\/fr\/reservation\/\" class=\"elementor-sitemap-item elementor-sitemap-item-page menu-link\">Prestations<\/a><\/li><li class=\"elementor-sitemap-item elementor-sitemap-item-page page_item page-item-883 menu-item\"><a href=\"https:\/\/paris-photoshoot.com\/fr\/seance-photo-en-solo\/\" class=\"elementor-sitemap-item elementor-sitemap-item-page menu-link\">S\u00e9ance photo en solo<\/a><\/li><li class=\"elementor-sitemap-item elementor-sitemap-item-page page_item page-item-884 menu-item\"><a href=\"https:\/\/paris-photoshoot.com\/fr\/photoshoot-de-couple\/\" class=\"elementor-sitemap-item elementor-sitemap-item-page menu-link\">Photoshoot de couple<\/a><\/li><li class=\"elementor-sitemap-item elementor-sitemap-item-page page_item page-item-886 menu-item\"><a href=\"https:\/\/paris-photoshoot.com\/fr\/photoshoot-de-famille\/\" class=\"elementor-sitemap-item elementor-sitemap-item-page menu-link\">Photoshoot de famille<\/a><\/li><li class=\"elementor-sitemap-item elementor-sitemap-item-page page_item page-item-887 menu-item\"><a href=\"https:\/\/paris-photoshoot.com\/fr\/photoshoot-entre-amis\/\" class=\"elementor-sitemap-item elementor-sitemap-item-page menu-link\">Photoshoot entre amis<\/a><\/li><li class=\"elementor-sitemap-item elementor-sitemap-item-page page_item page-item-888 menu-item\"><a href=\"https:\/\/paris-photoshoot.com\/fr\/contact\/\" class=\"elementor-sitemap-item elementor-sitemap-item-page menu-link\">Contact<\/a><\/li><li class=\"elementor-sitemap-item elementor-sitemap-item-page page_item page-item-885 menu-item\"><a href=\"https:\/\/paris-photoshoot.com\/fr\/conditions-dutilisation\/\" class=\"elementor-sitemap-item elementor-sitemap-item-page menu-link\">Mentions l\u00e9gales<\/a><\/li><li class=\"elementor-sitemap-item elementor-sitemap-item-page page_item page-item-899 menu-item\"><a href=\"https:\/\/paris-photoshoot.com\/fr\/politique-de-confidentialite\/\" class=\"elementor-sitemap-item elementor-sitemap-item-page menu-link\">Politique de confidentialit\u00e9<\/a><\/li><li class=\"elementor-sitemap-item elementor-sitemap-item-page page_item page-item-900 menu-item\"><a href=\"https:\/\/paris-photoshoot.com\/fr\/temoignages\/\" class=\"elementor-sitemap-item elementor-sitemap-item-page menu-link\">T\u00e9moignages<\/a><\/li><li class=\"elementor-sitemap-item elementor-sitemap-item-page page_item page-item-898 menu-item\"><a href=\"https:\/\/paris-photoshoot.com\/fr\/faq\/\" class=\"elementor-sitemap-item elementor-sitemap-item-page menu-link\">FAQ<\/a><\/li><li class=\"elementor-sitemap-item elementor-sitemap-item-page page_item page-item-1025 current_page_parent menu-item current-menu-parent\"><a href=\"https:\/\/paris-photoshoot.com\/fr\/blog\/\" class=\"elementor-sitemap-item elementor-sitemap-item-page menu-link\">Blog<\/a><\/li><li class=\"elementor-sitemap-item elementor-sitemap-item-page page_item page-item-1159 menu-item\"><a href=\"https:\/\/paris-photoshoot.com\/fr\/mon-compte\/\" class=\"elementor-sitemap-item elementor-sitemap-item-page menu-link\">Mon compte<\/a><\/li><li class=\"elementor-sitemap-item elementor-sitemap-item-page page_item page-item-1161 menu-item\"><a href=\"https:\/\/paris-photoshoot.com\/fr\/passer-a-la-caisse\/\" class=\"elementor-sitemap-item elementor-sitemap-item-page menu-link\">Passer \u00e0 la caisse<\/a><\/li><li class=\"elementor-sitemap-item elementor-sitemap-item-page page_item page-item-1163 menu-item\"><a href=\"https:\/\/paris-photoshoot.com\/fr\/chariot\/\" class=\"elementor-sitemap-item elementor-sitemap-item-page menu-link\">Chariot<\/a><\/li><li class=\"elementor-sitemap-item elementor-sitemap-item-page page_item page-item-1165 menu-item\"><a href=\"https:\/\/paris-photoshoot.com\/fr\/boutique\/\" class=\"elementor-sitemap-item elementor-sitemap-item-page menu-link\">Boutique<\/a><\/li><li class=\"elementor-sitemap-item elementor-sitemap-item-page page_item page-item-1390 menu-item\"><a href=\"https:\/\/paris-photoshoot.com\/fr\/reservez-des-maintenant\/\" class=\"elementor-sitemap-item elementor-sitemap-item-page menu-link\">R\u00e9servez d\u00e8s maintenant<\/a><\/li><li class=\"elementor-sitemap-item elementor-sitemap-item-page page_item page-item-2146 menu-item\"><a href=\"https:\/\/paris-photoshoot.com\/fr\/conditions-generales-dutilisation\/\" class=\"elementor-sitemap-item elementor-sitemap-item-page menu-link\">Conditions g\u00e9n\u00e9rales d&rsquo;utilisation<\/a><\/li><li class=\"elementor-sitemap-item elementor-sitemap-item-page page_item page-item-2142 menu-item\"><a href=\"https:\/\/paris-photoshoot.com\/fr\/avis-juridique-et-conditions-dutilisation\/\" class=\"elementor-sitemap-item elementor-sitemap-item-page menu-link\">Avis juridique et conditions d&rsquo;utilisation<\/a><\/li><li class=\"elementor-sitemap-item elementor-sitemap-item-page page_item page-item-2444 menu-item\"><a href=\"https:\/\/paris-photoshoot.com\/fr\/ou-se-trouvent-les-meilleurs-lieux-de-prise-de-vue-a-paris\/\" class=\"elementor-sitemap-item elementor-sitemap-item-page menu-link\">O\u00f9 se trouvent les meilleurs lieux de prise de vue \u00e0 Paris ?<\/a><\/li><li class=\"elementor-sitemap-item elementor-sitemap-item-page page_item page-item-2589 menu-item\"><a href=\"https:\/\/paris-photoshoot.com\/fr\/lieux-de-shooting-photos-paris\/\" class=\"elementor-sitemap-item elementor-sitemap-item-page menu-link\">Lieux de shooting photos Paris<\/a><\/li><li class=\"elementor-sitemap-item elementor-sitemap-item-page page_item page-item-2716 menu-item\"><a href=\"https:\/\/paris-photoshoot.com\/fr\/photos-de-la-tour-eiffel-paris-reserver-un-photographe-professionnel\/\" class=\"elementor-sitemap-item elementor-sitemap-item-page menu-link\">Photos de la Tour Eiffel Paris | R\u00e9server un photographe professionnel<\/a><\/li><\/ul><\/div><\/div>\t\t\t\t<\/div>\n\t\t\t\t<\/div>\n\t\t\t\t\t<\/div>\n\t\t\t\t<\/div>\n\t\t\t\t<\/div>\n\t\t","protected":false},"excerpt":{"rendered":"<p>La structure de notre site vous permet de naviguer plus facilement entre les diff\u00e9rentes pages. Il vous suffit de cliquer sur l&rsquo;article souhait\u00e9 pour \u00eatre automatiquement redirig\u00e9 vers celui-ci.<\/p>\n","protected":false},"author":1,"featured_media":0,"parent":0,"menu_order":0,"comment_status":"closed","ping_status":"closed","template":"","meta":{"site-sidebar-layout":"no-sidebar","site-content-layout":"","ast-site-content-layout":"full-width-container","site-content-style":"default","site-sidebar-style":"default","ast-global-header-display":"","ast-banner-title-visibility":"","ast-main-header-display":"","ast-hfb-above-header-display":"","ast-hfb-below-header-display":"","ast-hfb-mobile-header-display":"","site-post-title":"disabled","ast-breadcrumbs-content":"","ast-featured-img":"disabled","footer-sml-layout":"","ast-disable-related-posts":"","theme-transparent-header-meta":"","adv-header-id-meta":"","stick-header-meta":"","header-above-stick-meta":"","header-main-stick-meta":"","header-below-stick-meta":"","astra-migrate-meta-layouts":"default","ast-page-background-enabled":"default","ast-page-background-meta":{"desktop":{"background-color":"var(--ast-global-color-4)","background-image":"","background-repeat":"repeat","background-position":"center center","background-size":"auto","background-attachment":"scroll","background-type":"","background-media":"","overlay-type":"","overlay-color":"","overlay-opacity":"","overlay-gradient":""},"tablet":{"background-color":"","background-image":"","background-repeat":"repeat","background-position":"center center","background-size":"auto","background-attachment":"scroll","background-type":"","background-media":"","overlay-type":"","overlay-color":"","overlay-opacity":"","overlay-gradient":""},"mobile":{"background-color":"","background-image":"","background-repeat":"repeat","background-position":"center center","background-size":"auto","background-attachment":"scroll","background-type":"","background-media":"","overlay-type":"","overlay-color":"","overlay-opacity":"","overlay-gradient":""}},"ast-content-background-meta":{"desktop":{"background-color":"var(--ast-global-color-5)","background-image":"","background-repeat":"repeat","background-position":"center center","background-size":"auto","background-attachment":"scroll","background-type":"","background-media":"","overlay-type":"","overlay-color":"","overlay-opacity":"","overlay-gradient":""},"tablet":{"background-color":"var(--ast-global-color-5)","background-image":"","background-repeat":"repeat","background-position":"center center","background-size":"auto","background-attachment":"scroll","background-type":"","background-media":"","overlay-type":"","overlay-color":"","overlay-opacity":"","overlay-gradient":""},"mobile":{"background-color":"var(--ast-global-color-5)","background-image":"","background-repeat":"repeat","background-position":"center center","background-size":"auto","background-attachment":"scroll","background-type":"","background-media":"","overlay-type":"","overlay-color":"","overlay-opacity":"","overlay-gradient":""}},"footnotes":""},"class_list":["post-2518","page","type-page","status-publish","hentry"],"yoast_head":"<!-- This site is optimized with the Yoast SEO plugin v27.4 - https:\/\/yoast.com\/product\/yoast-seo-wordpress\/ -->\n<title>Plan du site - Paris Photoshoot<\/title>\n<meta name=\"robots\" content=\"index, follow, max-snippet:-1, max-image-preview:large, max-video-preview:-1\" \/>\n<link rel=\"canonical\" href=\"https:\/\/paris-photoshoot.com\/fr\/plan-du-site\/\" \/>\n<meta property=\"og:locale\" content=\"fr_FR\" \/>\n<meta property=\"og:type\" content=\"article\" \/>\n<meta property=\"og:title\" content=\"Plan du site - Paris Photoshoot\" \/>\n<meta property=\"og:description\" content=\"La structure de notre site vous permet de naviguer plus facilement entre les diff\u00e9rentes pages. Il vous suffit de cliquer sur l&rsquo;article souhait\u00e9 pour \u00eatre automatiquement redirig\u00e9 vers celui-ci.\" \/>\n<meta property=\"og:url\" content=\"https:\/\/paris-photoshoot.com\/fr\/plan-du-site\/\" \/>\n<meta property=\"og:site_name\" content=\"Paris Photoshoot\" \/>\n<meta property=\"article:modified_time\" content=\"2026-03-13T10:29:24+00:00\" \/>\n<meta name=\"twitter:card\" content=\"summary_large_image\" \/>\n<script type=\"application\/ld+json\" class=\"yoast-schema-graph\">{\"@context\":\"https:\\\/\\\/schema.org\",\"@graph\":[{\"@type\":\"WebPage\",\"@id\":\"https:\\\/\\\/paris-photoshoot.com\\\/fr\\\/plan-du-site\\\/\",\"url\":\"https:\\\/\\\/paris-photoshoot.com\\\/fr\\\/plan-du-site\\\/\",\"name\":\"Plan du site - Paris Photoshoot\",\"isPartOf\":{\"@id\":\"https:\\\/\\\/paris-photoshoot.com\\\/fr\\\/#website\"},\"datePublished\":\"2026-03-13T10:10:21+00:00\",\"dateModified\":\"2026-03-13T10:29:24+00:00\",\"breadcrumb\":{\"@id\":\"https:\\\/\\\/paris-photoshoot.com\\\/fr\\\/plan-du-site\\\/#breadcrumb\"},\"inLanguage\":\"fr-FR\",\"potentialAction\":[{\"@type\":\"ReadAction\",\"target\":[\"https:\\\/\\\/paris-photoshoot.com\\\/fr\\\/plan-du-site\\\/\"]}]},{\"@type\":\"BreadcrumbList\",\"@id\":\"https:\\\/\\\/paris-photoshoot.com\\\/fr\\\/plan-du-site\\\/#breadcrumb\",\"itemListElement\":[{\"@type\":\"ListItem\",\"position\":1,\"name\":\"Home\",\"item\":\"https:\\\/\\\/paris-photoshoot.com\\\/fr\\\/\"},{\"@type\":\"ListItem\",\"position\":2,\"name\":\"Plan du site\"}]},{\"@type\":\"WebSite\",\"@id\":\"https:\\\/\\\/paris-photoshoot.com\\\/fr\\\/#website\",\"url\":\"https:\\\/\\\/paris-photoshoot.com\\\/fr\\\/\",\"name\":\"Paris Photoshoot\",\"description\":\"The best Parisian Photoshoot Experience\",\"potentialAction\":[{\"@type\":\"SearchAction\",\"target\":{\"@type\":\"EntryPoint\",\"urlTemplate\":\"https:\\\/\\\/paris-photoshoot.com\\\/fr\\\/?s={search_term_string}\"},\"query-input\":{\"@type\":\"PropertyValueSpecification\",\"valueRequired\":true,\"valueName\":\"search_term_string\"}}],\"inLanguage\":\"fr-FR\"}]}<\/script>\n<!-- \/ Yoast SEO plugin. -->","yoast_head_json":{"title":"Plan du site - Paris Photoshoot","robots":{"index":"index","follow":"follow","max-snippet":"max-snippet:-1","max-image-preview":"max-image-preview:large","max-video-preview":"max-video-preview:-1"},"canonical":"https:\/\/paris-photoshoot.com\/fr\/plan-du-site\/","og_locale":"fr_FR","og_type":"article","og_title":"Plan du site - Paris Photoshoot","og_description":"La structure de notre site vous permet de naviguer plus facilement entre les diff\u00e9rentes pages. Il vous suffit de cliquer sur l&rsquo;article souhait\u00e9 pour \u00eatre automatiquement redirig\u00e9 vers celui-ci.","og_url":"https:\/\/paris-photoshoot.com\/fr\/plan-du-site\/","og_site_name":"Paris Photoshoot","article_modified_time":"2026-03-13T10:29:24+00:00","twitter_card":"summary_large_image","schema":{"@context":"https:\/\/schema.org","@graph":[{"@type":"WebPage","@id":"https:\/\/paris-photoshoot.com\/fr\/plan-du-site\/","url":"https:\/\/paris-photoshoot.com\/fr\/plan-du-site\/","name":"Plan du site - Paris Photoshoot","isPartOf":{"@id":"https:\/\/paris-photoshoot.com\/fr\/#website"},"datePublished":"2026-03-13T10:10:21+00:00","dateModified":"2026-03-13T10:29:24+00:00","breadcrumb":{"@id":"https:\/\/paris-photoshoot.com\/fr\/plan-du-site\/#breadcrumb"},"inLanguage":"fr-FR","potentialAction":[{"@type":"ReadAction","target":["https:\/\/paris-photoshoot.com\/fr\/plan-du-site\/"]}]},{"@type":"BreadcrumbList","@id":"https:\/\/paris-photoshoot.com\/fr\/plan-du-site\/#breadcrumb","itemListElement":[{"@type":"ListItem","position":1,"name":"Home","item":"https:\/\/paris-photoshoot.com\/fr\/"},{"@type":"ListItem","position":2,"name":"Plan du site"}]},{"@type":"WebSite","@id":"https:\/\/paris-photoshoot.com\/fr\/#website","url":"https:\/\/paris-photoshoot.com\/fr\/","name":"Paris Photoshoot","description":"The best Parisian Photoshoot Experience","potentialAction":[{"@type":"SearchAction","target":{"@type":"EntryPoint","urlTemplate":"https:\/\/paris-photoshoot.com\/fr\/?s={search_term_string}"},"query-input":{"@type":"PropertyValueSpecification","valueRequired":true,"valueName":"search_term_string"}}],"inLanguage":"fr-FR"}]}},"_links":{"self":[{"href":"https:\/\/paris-photoshoot.com\/fr\/wp-json\/wp\/v2\/pages\/2518","targetHints":{"allow":["GET"]}}],"collection":[{"href":"https:\/\/paris-photoshoot.com\/fr\/wp-json\/wp\/v2\/pages"}],"about":[{"href":"https:\/\/paris-photoshoot.com\/fr\/wp-json\/wp\/v2\/types\/page"}],"author":[{"embeddable":true,"href":"https:\/\/paris-photoshoot.com\/fr\/wp-json\/wp\/v2\/users\/1"}],"replies":[{"embeddable":true,"href":"https:\/\/paris-photoshoot.com\/fr\/wp-json\/wp\/v2\/comments?post=2518"}],"version-history":[{"count":2,"href":"https:\/\/paris-photoshoot.com\/fr\/wp-json\/wp\/v2\/pages\/2518\/revisions"}],"predecessor-version":[{"id":2540,"href":"https:\/\/paris-photoshoot.com\/fr\/wp-json\/wp\/v2\/pages\/2518\/revisions\/2540"}],"wp:attachment":[{"href":"https:\/\/paris-photoshoot.com\/fr\/wp-json\/wp\/v2\/media?parent=2518"}],"curies":[{"name":"wp","href":"https:\/\/api.w.org\/{rel}","templated":true}]}}