{"id":2444,"date":"2026-03-13T08:20:17","date_gmt":"2026-03-13T08:20:17","guid":{"rendered":"https:\/\/paris-photoshoot.com\/ou-se-trouvent-les-meilleurs-lieux-de-prise-de-vue-a-paris\/"},"modified":"2026-03-26T13:33:50","modified_gmt":"2026-03-26T13:33:50","slug":"ou-se-trouvent-les-meilleurs-lieux-de-prise-de-vue-a-paris","status":"publish","type":"page","link":"https:\/\/paris-photoshoot.com\/fr\/ou-se-trouvent-les-meilleurs-lieux-de-prise-de-vue-a-paris\/","title":{"rendered":"O\u00f9 se trouvent les meilleurs lieux de prise de vue \u00e0 Paris ?"},"content":{"rendered":"\t\t<div data-elementor-type=\"wp-page\" data-elementor-id=\"2444\" class=\"elementor elementor-2444 elementor-2442\" data-elementor-post-type=\"page\">\n\t\t\t\t\t\t<section class=\"elementor-section elementor-top-section elementor-element elementor-element-d8b62e7 elementor-section-height-min-height elementor-section-boxed elementor-section-height-default elementor-section-items-middle\" data-id=\"d8b62e7\" data-element_type=\"section\" data-e-type=\"section\" data-settings=\"{&quot;background_background&quot;:&quot;classic&quot;}\">\n\t\t\t\t\t\t\t<div class=\"elementor-background-overlay\"><\/div>\n\t\t\t\t\t\t\t<div class=\"elementor-container elementor-column-gap-default\">\n\t\t\t\t\t<div class=\"elementor-column elementor-col-100 elementor-top-column elementor-element elementor-element-c95bd66\" data-id=\"c95bd66\" data-element_type=\"column\" data-e-type=\"column\">\n\t\t\t<div class=\"elementor-widget-wrap elementor-element-populated\">\n\t\t\t\t\t\t<div class=\"elementor-element elementor-element-8cd149c de_scroll_animation_no elementor-widget elementor-widget-spacer\" data-id=\"8cd149c\" data-element_type=\"widget\" data-e-type=\"widget\" data-widget_type=\"spacer.default\">\n\t\t\t\t<div class=\"elementor-widget-container\">\n\t\t\t\t\t\t\t<div class=\"elementor-spacer\">\n\t\t\t<div class=\"elementor-spacer-inner\"><\/div>\n\t\t<\/div>\n\t\t\t\t\t\t<\/div>\n\t\t\t\t<\/div>\n\t\t\t\t\t<\/div>\n\t\t<\/div>\n\t\t\t\t\t<\/div>\n\t\t<\/section>\n\t\t<div class=\"elementor-element elementor-element-b051eb7 e-flex e-con-boxed e-con e-parent\" data-id=\"b051eb7\" data-element_type=\"container\" data-e-type=\"container\">\n\t\t\t\t\t<div class=\"e-con-inner\">\n\t\t<div class=\"elementor-element elementor-element-5f90ddb e-con-full e-flex e-con e-child\" data-id=\"5f90ddb\" data-element_type=\"container\" data-e-type=\"container\">\n\t\t\t\t<div class=\"elementor-element elementor-element-13e0381 de_scroll_animation_no elementor-widget elementor-widget-text-editor\" data-id=\"13e0381\" data-element_type=\"widget\" data-e-type=\"widget\" data-widget_type=\"text-editor.default\">\n\t\t\t\t<div class=\"elementor-widget-container\">\n\t\t\t\t\t\t\t\t\t<p><span style=\"font-weight: 400;\">Vous pr\u00e9voyez une <\/span><b>photoshoot \u00e0 Paris <\/b> <span style=\"font-weight: 400;\">bient\u00f4t ? Vous cherchez   <\/span><b>des lieux inspirants<\/b><span style=\"font-weight: 400;\">  pour capturer de superbes images ? Bien s\u00fbr, travailler avec un photographe qui conna\u00eet la ville est toujours une bonne id\u00e9e. Mais il est \u00e9galement utile de conna\u00eetre quelques lieux embl\u00e9matiques qui constituent une toile de fond exceptionnelle pour une s\u00e9ance photo \u00e0 Paris. Voici quelques lieux que les photographes professionnels appr\u00e9cient particuli\u00e8rement.  <\/span><\/p>\t\t\t\t\t\t\t\t<\/div>\n\t\t\t\t<\/div>\n\t\t\t\t<div class=\"elementor-element elementor-element-99e6eee de_scroll_animation_no elementor-widget elementor-widget-button\" data-id=\"99e6eee\" data-element_type=\"widget\" data-e-type=\"widget\" data-widget_type=\"button.default\">\n\t\t\t\t<div class=\"elementor-widget-container\">\n\t\t\t\t\t\t\t\t\t<div class=\"elementor-button-wrapper\">\n\t\t\t\t\t<a class=\"elementor-button elementor-button-link elementor-size-sm\" href=\"#more\">\n\t\t\t\t\t\t<span class=\"elementor-button-content-wrapper\">\n\t\t\t\t\t\t\t\t\t<span class=\"elementor-button-text\">EN SAVOIR PLUS<\/span>\n\t\t\t\t\t<\/span>\n\t\t\t\t\t<\/a>\n\t\t\t\t<\/div>\n\t\t\t\t\t\t\t\t<\/div>\n\t\t\t\t<\/div>\n\t\t\t\t<\/div>\n\t\t<div class=\"elementor-element elementor-element-2d432b0 e-con-full e-flex e-con e-child\" data-id=\"2d432b0\" data-element_type=\"container\" data-e-type=\"container\">\n\t\t\t\t<div class=\"elementor-element elementor-element-b97c8a3 de_scroll_animation_no elementor-widget elementor-widget-image\" data-id=\"b97c8a3\" data-element_type=\"widget\" data-e-type=\"widget\" data-widget_type=\"image.default\">\n\t\t\t\t<div class=\"elementor-widget-container\">\n\t\t\t\t\t\t\t\t\t\t\t\t\t\t\t<img fetchpriority=\"high\" decoding=\"async\" width=\"1024\" height=\"731\" src=\"https:\/\/paris-photoshoot.com\/wp-content\/uploads\/2026\/03\/SOL_6887-1024x731-1.jpg\" class=\"attachment-large size-large wp-image-2458\" alt=\"Avec Photographe Paris, vous b\u00e9n\u00e9ficiez de l&#039;exp\u00e9rience d&#039;un photographe professionnel qui conna\u00eet parfaitement les meilleurs lieux de la capitale. Quel que soit votre projet, r\u00e9servez votre s\u00e9ance photo avec notre \u00e9quipe et laissez-nous cr\u00e9er pour vous des images uniques dans l&#039;une des villes les plus photog\u00e9niques du monde.\" srcset=\"https:\/\/paris-photoshoot.com\/wp-content\/uploads\/2026\/03\/SOL_6887-1024x731-1.jpg 1024w, https:\/\/paris-photoshoot.com\/wp-content\/uploads\/2026\/03\/SOL_6887-1024x731-1-300x214.jpg 300w, https:\/\/paris-photoshoot.com\/wp-content\/uploads\/2026\/03\/SOL_6887-1024x731-1-768x548.jpg 768w, https:\/\/paris-photoshoot.com\/wp-content\/uploads\/2026\/03\/SOL_6887-1024x731-1-600x428.jpg 600w\" sizes=\"(max-width: 1024px) 100vw, 1024px\" \/>\t\t\t\t\t\t\t\t\t\t\t\t\t\t\t<\/div>\n\t\t\t\t<\/div>\n\t\t\t\t<\/div>\n\t\t\t\t\t<\/div>\n\t\t\t\t<\/div>\n\t\t<div class=\"elementor-element elementor-element-8a8e4cc e-flex e-con-boxed e-con e-parent\" data-id=\"8a8e4cc\" data-element_type=\"container\" data-e-type=\"container\">\n\t\t\t\t\t<div class=\"e-con-inner\">\n\t\t<div class=\"elementor-element elementor-element-42b621b e-con-full e-flex e-con e-child\" data-id=\"42b621b\" data-element_type=\"container\" data-e-type=\"container\" id=\"more\">\n\t\t\t\t<div class=\"elementor-element elementor-element-3a42ac3 de_scroll_animation_no elementor-widget elementor-widget-text-editor\" data-id=\"3a42ac3\" data-element_type=\"widget\" data-e-type=\"widget\" data-widget_type=\"text-editor.default\">\n\t\t\t\t<div class=\"elementor-widget-container\">\n\t\t\t\t\t\t\t\t\t<h2><span style=\"font-weight: 400;\">Photoshoot \u00e0 la Tour Eiffel, Paris<\/span><\/h2><p><span style=\"font-weight: 400;\">Difficile d&rsquo;imaginer une <\/span><b>photoshoot \u00e0 Paris<\/b><span style=\"font-weight: 400;\"> sans la c\u00e9l\u00e8bre <\/span><b>Tour Eiffel.<\/b><span style=\"font-weight: 400;\"> L&rsquo;un des monuments les plus embl\u00e9matiques de la ville, elle offre l&rsquo;un des cadres les plus spectaculaires pour :<\/span><\/p><ul><li aria-level=\"1\"><a href=\"https:\/\/paris-photoshoot.com\/fr\/photoshoot-de-couple\/\"><b>Une s\u00e9ance photo de couple romantique<\/b><\/a><\/li><\/ul><ul><li aria-level=\"1\"><b>Portraits individuels<\/b><\/li><\/ul><p><span style=\"font-weight: 400;\">Selon l&rsquo;angle et la perspective, la tour peut para\u00eetre majestueuse, \u00e9l\u00e9gante ou \u00e9tonnamment intime.<\/span><\/p><p><span style=\"font-weight: 400;\">Pour obtenir l&rsquo;une des vues les plus impressionnantes de la <\/span><b>Tour Eiffel, les photographes <\/b><span style=\"font-weight: 400;\">se rendent souvent dans les <\/span><b>jardins du Trocad\u00e9ro.<\/b><span style=\"font-weight: 400;\"> Ses terrasses ouvertes et ses fontaines cr\u00e9ent une composition visuelle saisissante qui encadre parfaitement le monument.<\/span><\/p><p> <\/p><h2><span style=\"font-weight: 400;\">Photoshoot au Mus\u00e9e du Louvre, Paris<\/span><\/h2><p><span style=\"font-weight: 400;\">Le majestueux<\/span><b> Mus\u00e9e du Louvre<\/b><span style=\"font-weight: 400;\"> est l&rsquo;un des lieux les plus raffin\u00e9s pour<\/span><b> pour une s\u00e9ance photo \u00e9l\u00e9gante \u00e0 Paris.<\/b><span style=\"font-weight: 400;\"> Avec ses grandes cours, ses arcades et ses fa\u00e7ades historiques, le lieu est id\u00e9al pour :<\/span><\/p><ul><li aria-level=\"1\"><b>Portraits sophistiqu\u00e9s<\/b><\/li><\/ul><ul><li aria-level=\"1\"><b>S\u00e9ances en couple<\/b><\/li><\/ul><ul><li aria-level=\"1\"><b>S\u00e9ances de photos de style \u00e9ditorial<\/b><\/li><\/ul><p> <\/p><h2><span style=\"font-weight: 400;\">Photoshoot \u00e0 Montmartre, Paris<\/span><\/h2><p><span style=\"font-weight: 400;\">Pour une atmosph\u00e8re plus intime et authentique, peu de quartiers sont comparables \u00e0 <\/span><b>Montmartre<\/b><span style=\"font-weight: 400;\">. Perch\u00e9 sur une colline au nord de Paris, ce quartier historique est c\u00e9l\u00e8bre pour ses rues pav\u00e9es, ses escaliers pittoresques et ses charmantes fa\u00e7ades.<\/span><\/p><p><span style=\"font-weight: 400;\">Montmartre est id\u00e9al pour capturer une vision romantique et artistique de la vie d&rsquo;une famille.<\/span><b>  Paris. C&rsquo;est un excellent endroit pour : <\/b><\/p><ul><li aria-level=\"1\"><b>S\u00e9ance photo d&rsquo;un couple<\/b><\/li><\/ul><ul><li aria-level=\"1\"><b>Une s\u00e9ance photo sur le th\u00e8me du style de vie  <\/b><\/li><\/ul><ul><li aria-level=\"1\"><a href=\"https:\/\/paris-photoshoot.com\/fr\/photoshoot-de-famille\/\"><b>Une s\u00e9ance de photos de famille<\/b><\/a><\/li><\/ul><p> <\/p><h2><span style=\"font-weight: 400;\">Photoshoot le long des berges de la Seine, Paris<\/span><\/h2><p><b>La Seine<\/b><span style=\"font-weight: 400;\">  traverse le c\u0153ur de la ville et relie les plus c\u00e9l\u00e8bres monuments de Paris. Ses berges, ses ponts et ses reflets sur l&rsquo;eau cr\u00e9ent une atmosph\u00e8re \u00e0 la fois \u00e9l\u00e9gante et cin\u00e9matographique. <\/span><\/p><p><b>La prise de vue le long de la Seine permet aux photographes<\/b><span style=\"font-weight: 400;\">  pour capturer l&rsquo;essence romantique de Paris. Au coucher du soleil, la lumi\u00e8re devient particuli\u00e8rement douce et dor\u00e9e, des conditions id\u00e9ales pour une photo naturelle et po\u00e9tique. <\/span><b>  s\u00e9ance photo.<\/b><\/p><p> <\/p><h2><span style=\"font-weight: 400;\">Photoshoot au pont Bir-Hakeim, Paris<\/span><\/h2><p><span style=\"font-weight: 400;\">Le c\u00e9l\u00e8bre <\/span><b>Pont de Bir-Hakeim<\/b><span style=\"font-weight: 400;\">  est l&rsquo;un des ponts les plus photog\u00e9niques de Paris. Ses arches m\u00e9talliques et ses lignes parfaitement sym\u00e9triques cr\u00e9ent une atmosph\u00e8re cin\u00e9matographique particuli\u00e8re. <\/span><\/p><p><b>Cette location \u00e0 Paris<\/b><span style=\"font-weight: 400;\"> est particuli\u00e8rement appr\u00e9ci\u00e9e pour :<\/span><\/p><ul><li aria-level=\"1\"><b>S\u00e9ances photos de mode<\/b><\/li><\/ul><ul><li aria-level=\"1\"><b>Portraits artistiques<\/b><\/li><\/ul><ul><li aria-level=\"1\"><b>S\u00e9ances en couple<\/b><\/li><\/ul><p><span style=\"font-weight: 400;\">Depuis le pont, vous pouvez \u00e9galement admirer la Tour Eiffel. <\/span><b>Tour Eiffel.<\/b><\/p><p><span style=\"font-weight: 400;\">Cette liste est loin d&rsquo;\u00eatre exhaustive. Paris offre une incroyable vari\u00e9t\u00e9 de d\u00e9cors pour la photographie. Au-del\u00e0 de ces  <\/span> <b> lieux embl\u00e9matiques<\/b><span style=\"font-weight: 400;\">vous pouvez \u00e9galement r<\/span><b>rer des espaces priv\u00e9s tels que des maisons<\/b><span style=\"font-weight: 400;\">ou prendre des photos dans des caf\u00e9s, des jardins et bien d&rsquo;autres endroits uniques.<\/span><\/p><h2><span style=\"font-weight: 400;\">Planifiez votre s\u00e9ance photo dans les plus beaux endroits avec Photographe Paris<\/span><\/h2><p><span style=\"font-weight: 400;\">Vous souhaitez prendre des photos \u00e9poustouflantes dans un cadre parfait ? Avec l&rsquo;aide de   <\/span><a href=\"https:\/\/paris-photoshoot.com\/fr\/\"><b>Photographe Paris<\/b><\/a><span style=\"font-weight: 400;\">vous b\u00e9n\u00e9ficiez de l&rsquo;exp\u00e9rience d&rsquo;un <\/span><b>photographe professionnel <\/b><span style=\"font-weight: 400;\">qui conna\u00eet les meilleurs endroits <\/span><b>de la capitale<\/b><span style=\"font-weight: 400;\">  \u00e0 l&rsquo;int\u00e9rieur. Quel que soit votre projet,   <\/span><b>r\u00e9servez votre s\u00e9ance photo<\/b><span style=\"font-weight: 400;\"> avec notre \u00e9quipe et laissez-nous cr\u00e9er des images uniques pour vous dans l&rsquo;une des villes les plus photog\u00e9niques du monde. <\/span> <\/p>\t\t\t\t\t\t\t\t<\/div>\n\t\t\t\t<\/div>\n\t\t\t\t<\/div>\n\t\t\t\t\t<\/div>\n\t\t\t\t<\/div>\n\t\t\t\t<\/div>\n\t\t","protected":false},"excerpt":{"rendered":"<p>Vous pr\u00e9voyez une photoshoot \u00e0 Paris bient\u00f4t ? Vous cherchez des lieux inspirants pour capturer de superbes images ? Bien s\u00fbr, travailler avec un photographe qui conna\u00eet la ville est toujours une bonne id\u00e9e. Mais il est \u00e9galement utile de conna\u00eetre quelques lieux embl\u00e9matiques qui constituent une toile de fond exceptionnelle pour une s\u00e9ance photo [&hellip;]<\/p>\n","protected":false},"author":1,"featured_media":0,"parent":0,"menu_order":0,"comment_status":"closed","ping_status":"closed","template":"","meta":{"site-sidebar-layout":"no-sidebar","site-content-layout":"","ast-site-content-layout":"full-width-container","site-content-style":"default","site-sidebar-style":"default","ast-global-header-display":"","ast-banner-title-visibility":"","ast-main-header-display":"","ast-hfb-above-header-display":"","ast-hfb-below-header-display":"","ast-hfb-mobile-header-display":"","site-post-title":"disabled","ast-breadcrumbs-content":"","ast-featured-img":"disabled","footer-sml-layout":"","ast-disable-related-posts":"","theme-transparent-header-meta":"","adv-header-id-meta":"","stick-header-meta":"","header-above-stick-meta":"","header-main-stick-meta":"","header-below-stick-meta":"","astra-migrate-meta-layouts":"default","ast-page-background-enabled":"default","ast-page-background-meta":{"desktop":{"background-color":"var(--ast-global-color-4)","background-image":"","background-repeat":"repeat","background-position":"center center","background-size":"auto","background-attachment":"scroll","background-type":"","background-media":"","overlay-type":"","overlay-color":"","overlay-opacity":"","overlay-gradient":""},"tablet":{"background-color":"","background-image":"","background-repeat":"repeat","background-position":"center center","background-size":"auto","background-attachment":"scroll","background-type":"","background-media":"","overlay-type":"","overlay-color":"","overlay-opacity":"","overlay-gradient":""},"mobile":{"background-color":"","background-image":"","background-repeat":"repeat","background-position":"center center","background-size":"auto","background-attachment":"scroll","background-type":"","background-media":"","overlay-type":"","overlay-color":"","overlay-opacity":"","overlay-gradient":""}},"ast-content-background-meta":{"desktop":{"background-color":"var(--ast-global-color-5)","background-image":"","background-repeat":"repeat","background-position":"center center","background-size":"auto","background-attachment":"scroll","background-type":"","background-media":"","overlay-type":"","overlay-color":"","overlay-opacity":"","overlay-gradient":""},"tablet":{"background-color":"var(--ast-global-color-5)","background-image":"","background-repeat":"repeat","background-position":"center center","background-size":"auto","background-attachment":"scroll","background-type":"","background-media":"","overlay-type":"","overlay-color":"","overlay-opacity":"","overlay-gradient":""},"mobile":{"background-color":"var(--ast-global-color-5)","background-image":"","background-repeat":"repeat","background-position":"center center","background-size":"auto","background-attachment":"scroll","background-type":"","background-media":"","overlay-type":"","overlay-color":"","overlay-opacity":"","overlay-gradient":""}},"footnotes":""},"class_list":["post-2444","page","type-page","status-publish","hentry"],"yoast_head":"<!-- This site is optimized with the Yoast SEO plugin v27.6 - https:\/\/yoast.com\/product\/yoast-seo-wordpress\/ -->\n<title>Les meilleurs endroits pour faire des photos \u00e0 Paris - Paris Photoshoot.<\/title>\n<meta name=\"description\" content=\"D\u00e9couvrez les meilleurs lieux de shooting photo \u00e0 Paris, notamment la Tour Eiffel, le Louvre, Montmartre et bien d&#039;autres encore. Trouvez l&#039;endroit id\u00e9al pour votre s\u00e9ance photo \u00e0 Paris.\" \/>\n<meta name=\"robots\" content=\"index, follow, max-snippet:-1, max-image-preview:large, max-video-preview:-1\" \/>\n<link rel=\"canonical\" href=\"https:\/\/paris-photoshoot.com\/fr\/ou-se-trouvent-les-meilleurs-lieux-de-prise-de-vue-a-paris\/\" \/>\n<meta property=\"og:locale\" content=\"fr_FR\" \/>\n<meta property=\"og:type\" content=\"article\" \/>\n<meta property=\"og:title\" content=\"Les meilleurs endroits pour faire des photos \u00e0 Paris - Paris Photoshoot.\" \/>\n<meta property=\"og:description\" content=\"D\u00e9couvrez les meilleurs lieux de shooting photo \u00e0 Paris, notamment la Tour Eiffel, le Louvre, Montmartre et bien d&#039;autres encore. Trouvez l&#039;endroit id\u00e9al pour votre s\u00e9ance photo \u00e0 Paris.\" \/>\n<meta property=\"og:url\" content=\"https:\/\/paris-photoshoot.com\/fr\/ou-se-trouvent-les-meilleurs-lieux-de-prise-de-vue-a-paris\/\" \/>\n<meta property=\"og:site_name\" content=\"Paris Photoshoot\" \/>\n<meta property=\"article:modified_time\" content=\"2026-03-26T13:33:50+00:00\" \/>\n<meta property=\"og:image\" content=\"https:\/\/paris-photoshoot.com\/wp-content\/uploads\/2026\/03\/SOL_6887-1024x731-1.jpg\" \/>\n\t<meta property=\"og:image:width\" content=\"1024\" \/>\n\t<meta property=\"og:image:height\" content=\"731\" \/>\n\t<meta property=\"og:image:type\" content=\"image\/jpeg\" \/>\n<meta name=\"twitter:card\" content=\"summary_large_image\" \/>\n<meta name=\"twitter:label1\" content=\"Dur\u00e9e de lecture estim\u00e9e\" \/>\n\t<meta name=\"twitter:data1\" content=\"3 minutes\" \/>\n<script type=\"application\/ld+json\" class=\"yoast-schema-graph\">{\"@context\":\"https:\\\/\\\/schema.org\",\"@graph\":[{\"@type\":\"WebPage\",\"@id\":\"https:\\\/\\\/paris-photoshoot.com\\\/fr\\\/ou-se-trouvent-les-meilleurs-lieux-de-prise-de-vue-a-paris\\\/\",\"url\":\"https:\\\/\\\/paris-photoshoot.com\\\/fr\\\/ou-se-trouvent-les-meilleurs-lieux-de-prise-de-vue-a-paris\\\/\",\"name\":\"Les meilleurs endroits pour faire des photos \u00e0 Paris - Paris Photoshoot.\",\"isPartOf\":{\"@id\":\"https:\\\/\\\/paris-photoshoot.com\\\/fr\\\/#website\"},\"primaryImageOfPage\":{\"@id\":\"https:\\\/\\\/paris-photoshoot.com\\\/fr\\\/ou-se-trouvent-les-meilleurs-lieux-de-prise-de-vue-a-paris\\\/#primaryimage\"},\"image\":{\"@id\":\"https:\\\/\\\/paris-photoshoot.com\\\/fr\\\/ou-se-trouvent-les-meilleurs-lieux-de-prise-de-vue-a-paris\\\/#primaryimage\"},\"thumbnailUrl\":\"https:\\\/\\\/paris-photoshoot.com\\\/wp-content\\\/uploads\\\/2026\\\/03\\\/SOL_6887-1024x731-1.jpg\",\"datePublished\":\"2026-03-13T08:20:17+00:00\",\"dateModified\":\"2026-03-26T13:33:50+00:00\",\"description\":\"D\u00e9couvrez les meilleurs lieux de shooting photo \u00e0 Paris, notamment la Tour Eiffel, le Louvre, Montmartre et bien d'autres encore. Trouvez l'endroit id\u00e9al pour votre s\u00e9ance photo \u00e0 Paris.\",\"breadcrumb\":{\"@id\":\"https:\\\/\\\/paris-photoshoot.com\\\/fr\\\/ou-se-trouvent-les-meilleurs-lieux-de-prise-de-vue-a-paris\\\/#breadcrumb\"},\"inLanguage\":\"fr-FR\",\"potentialAction\":[{\"@type\":\"ReadAction\",\"target\":[\"https:\\\/\\\/paris-photoshoot.com\\\/fr\\\/ou-se-trouvent-les-meilleurs-lieux-de-prise-de-vue-a-paris\\\/\"]}]},{\"@type\":\"ImageObject\",\"inLanguage\":\"fr-FR\",\"@id\":\"https:\\\/\\\/paris-photoshoot.com\\\/fr\\\/ou-se-trouvent-les-meilleurs-lieux-de-prise-de-vue-a-paris\\\/#primaryimage\",\"url\":\"https:\\\/\\\/paris-photoshoot.com\\\/wp-content\\\/uploads\\\/2026\\\/03\\\/SOL_6887-1024x731-1.jpg\",\"contentUrl\":\"https:\\\/\\\/paris-photoshoot.com\\\/wp-content\\\/uploads\\\/2026\\\/03\\\/SOL_6887-1024x731-1.jpg\"},{\"@type\":\"BreadcrumbList\",\"@id\":\"https:\\\/\\\/paris-photoshoot.com\\\/fr\\\/ou-se-trouvent-les-meilleurs-lieux-de-prise-de-vue-a-paris\\\/#breadcrumb\",\"itemListElement\":[{\"@type\":\"ListItem\",\"position\":1,\"name\":\"Home\",\"item\":\"https:\\\/\\\/paris-photoshoot.com\\\/fr\\\/\"},{\"@type\":\"ListItem\",\"position\":2,\"name\":\"O\u00f9 se trouvent les meilleurs lieux de prise de vue \u00e0 Paris ?\"}]},{\"@type\":\"WebSite\",\"@id\":\"https:\\\/\\\/paris-photoshoot.com\\\/fr\\\/#website\",\"url\":\"https:\\\/\\\/paris-photoshoot.com\\\/fr\\\/\",\"name\":\"Paris Photoshoot\",\"description\":\"The best Parisian Photoshoot Experience\",\"potentialAction\":[{\"@type\":\"SearchAction\",\"target\":{\"@type\":\"EntryPoint\",\"urlTemplate\":\"https:\\\/\\\/paris-photoshoot.com\\\/fr\\\/?s={search_term_string}\"},\"query-input\":{\"@type\":\"PropertyValueSpecification\",\"valueRequired\":true,\"valueName\":\"search_term_string\"}}],\"inLanguage\":\"fr-FR\"}]}<\/script>\n<!-- \/ Yoast SEO plugin. -->","yoast_head_json":{"title":"Les meilleurs endroits pour faire des photos \u00e0 Paris - Paris Photoshoot.","description":"D\u00e9couvrez les meilleurs lieux de shooting photo \u00e0 Paris, notamment la Tour Eiffel, le Louvre, Montmartre et bien d'autres encore. Trouvez l'endroit id\u00e9al pour votre s\u00e9ance photo \u00e0 Paris.","robots":{"index":"index","follow":"follow","max-snippet":"max-snippet:-1","max-image-preview":"max-image-preview:large","max-video-preview":"max-video-preview:-1"},"canonical":"https:\/\/paris-photoshoot.com\/fr\/ou-se-trouvent-les-meilleurs-lieux-de-prise-de-vue-a-paris\/","og_locale":"fr_FR","og_type":"article","og_title":"Les meilleurs endroits pour faire des photos \u00e0 Paris - Paris Photoshoot.","og_description":"D\u00e9couvrez les meilleurs lieux de shooting photo \u00e0 Paris, notamment la Tour Eiffel, le Louvre, Montmartre et bien d'autres encore. Trouvez l'endroit id\u00e9al pour votre s\u00e9ance photo \u00e0 Paris.","og_url":"https:\/\/paris-photoshoot.com\/fr\/ou-se-trouvent-les-meilleurs-lieux-de-prise-de-vue-a-paris\/","og_site_name":"Paris Photoshoot","article_modified_time":"2026-03-26T13:33:50+00:00","og_image":[{"width":1024,"height":731,"url":"https:\/\/paris-photoshoot.com\/wp-content\/uploads\/2026\/03\/SOL_6887-1024x731-1.jpg","type":"image\/jpeg"}],"twitter_card":"summary_large_image","twitter_misc":{"Dur\u00e9e de lecture estim\u00e9e":"3 minutes"},"schema":{"@context":"https:\/\/schema.org","@graph":[{"@type":"WebPage","@id":"https:\/\/paris-photoshoot.com\/fr\/ou-se-trouvent-les-meilleurs-lieux-de-prise-de-vue-a-paris\/","url":"https:\/\/paris-photoshoot.com\/fr\/ou-se-trouvent-les-meilleurs-lieux-de-prise-de-vue-a-paris\/","name":"Les meilleurs endroits pour faire des photos \u00e0 Paris - Paris Photoshoot.","isPartOf":{"@id":"https:\/\/paris-photoshoot.com\/fr\/#website"},"primaryImageOfPage":{"@id":"https:\/\/paris-photoshoot.com\/fr\/ou-se-trouvent-les-meilleurs-lieux-de-prise-de-vue-a-paris\/#primaryimage"},"image":{"@id":"https:\/\/paris-photoshoot.com\/fr\/ou-se-trouvent-les-meilleurs-lieux-de-prise-de-vue-a-paris\/#primaryimage"},"thumbnailUrl":"https:\/\/paris-photoshoot.com\/wp-content\/uploads\/2026\/03\/SOL_6887-1024x731-1.jpg","datePublished":"2026-03-13T08:20:17+00:00","dateModified":"2026-03-26T13:33:50+00:00","description":"D\u00e9couvrez les meilleurs lieux de shooting photo \u00e0 Paris, notamment la Tour Eiffel, le Louvre, Montmartre et bien d'autres encore. Trouvez l'endroit id\u00e9al pour votre s\u00e9ance photo \u00e0 Paris.","breadcrumb":{"@id":"https:\/\/paris-photoshoot.com\/fr\/ou-se-trouvent-les-meilleurs-lieux-de-prise-de-vue-a-paris\/#breadcrumb"},"inLanguage":"fr-FR","potentialAction":[{"@type":"ReadAction","target":["https:\/\/paris-photoshoot.com\/fr\/ou-se-trouvent-les-meilleurs-lieux-de-prise-de-vue-a-paris\/"]}]},{"@type":"ImageObject","inLanguage":"fr-FR","@id":"https:\/\/paris-photoshoot.com\/fr\/ou-se-trouvent-les-meilleurs-lieux-de-prise-de-vue-a-paris\/#primaryimage","url":"https:\/\/paris-photoshoot.com\/wp-content\/uploads\/2026\/03\/SOL_6887-1024x731-1.jpg","contentUrl":"https:\/\/paris-photoshoot.com\/wp-content\/uploads\/2026\/03\/SOL_6887-1024x731-1.jpg"},{"@type":"BreadcrumbList","@id":"https:\/\/paris-photoshoot.com\/fr\/ou-se-trouvent-les-meilleurs-lieux-de-prise-de-vue-a-paris\/#breadcrumb","itemListElement":[{"@type":"ListItem","position":1,"name":"Home","item":"https:\/\/paris-photoshoot.com\/fr\/"},{"@type":"ListItem","position":2,"name":"O\u00f9 se trouvent les meilleurs lieux de prise de vue \u00e0 Paris ?"}]},{"@type":"WebSite","@id":"https:\/\/paris-photoshoot.com\/fr\/#website","url":"https:\/\/paris-photoshoot.com\/fr\/","name":"Paris Photoshoot","description":"The best Parisian Photoshoot Experience","potentialAction":[{"@type":"SearchAction","target":{"@type":"EntryPoint","urlTemplate":"https:\/\/paris-photoshoot.com\/fr\/?s={search_term_string}"},"query-input":{"@type":"PropertyValueSpecification","valueRequired":true,"valueName":"search_term_string"}}],"inLanguage":"fr-FR"}]}},"_links":{"self":[{"href":"https:\/\/paris-photoshoot.com\/fr\/wp-json\/wp\/v2\/pages\/2444","targetHints":{"allow":["GET"]}}],"collection":[{"href":"https:\/\/paris-photoshoot.com\/fr\/wp-json\/wp\/v2\/pages"}],"about":[{"href":"https:\/\/paris-photoshoot.com\/fr\/wp-json\/wp\/v2\/types\/page"}],"author":[{"embeddable":true,"href":"https:\/\/paris-photoshoot.com\/fr\/wp-json\/wp\/v2\/users\/1"}],"replies":[{"embeddable":true,"href":"https:\/\/paris-photoshoot.com\/fr\/wp-json\/wp\/v2\/comments?post=2444"}],"version-history":[{"count":12,"href":"https:\/\/paris-photoshoot.com\/fr\/wp-json\/wp\/v2\/pages\/2444\/revisions"}],"predecessor-version":[{"id":2527,"href":"https:\/\/paris-photoshoot.com\/fr\/wp-json\/wp\/v2\/pages\/2444\/revisions\/2527"}],"wp:attachment":[{"href":"https:\/\/paris-photoshoot.com\/fr\/wp-json\/wp\/v2\/media?parent=2444"}],"curies":[{"name":"wp","href":"https:\/\/api.w.org\/{rel}","templated":true}]}}