{"id":2146,"date":"2025-08-09T15:11:45","date_gmt":"2025-08-09T15:11:45","guid":{"rendered":"https:\/\/paris-photoshoot.com\/conditions-generales-dutilisation\/"},"modified":"2025-09-03T12:08:44","modified_gmt":"2025-09-03T12:08:44","slug":"conditions-generales-dutilisation","status":"publish","type":"page","link":"https:\/\/paris-photoshoot.com\/fr\/conditions-generales-dutilisation\/","title":{"rendered":"Conditions g\u00e9n\u00e9rales d&rsquo;utilisation"},"content":{"rendered":"\t\t<div data-elementor-type=\"wp-page\" data-elementor-id=\"2146\" class=\"elementor elementor-2146 elementor-1158\" data-elementor-post-type=\"page\">\n\t\t\t\t\t\t<section class=\"elementor-section elementor-top-section elementor-element elementor-element-b991ca8 elementor-section-height-min-height elementor-section-stretched elementor-section-boxed elementor-section-height-default elementor-section-items-middle\" data-id=\"b991ca8\" data-element_type=\"section\" data-e-type=\"section\" data-settings=\"{&quot;background_background&quot;:&quot;classic&quot;,&quot;stretch_section&quot;:&quot;section-stretched&quot;}\">\n\t\t\t\t\t\t\t<div class=\"elementor-background-overlay\"><\/div>\n\t\t\t\t\t\t\t<div class=\"elementor-container elementor-column-gap-default\">\n\t\t\t\t\t<div class=\"elementor-column elementor-col-100 elementor-top-column elementor-element elementor-element-45acbea\" data-id=\"45acbea\" data-element_type=\"column\" data-e-type=\"column\">\n\t\t\t<div class=\"elementor-widget-wrap elementor-element-populated\">\n\t\t\t\t\t\t\t<\/div>\n\t\t<\/div>\n\t\t\t\t\t<\/div>\n\t\t<\/section>\n\t\t\t\t<section class=\"elementor-section elementor-top-section elementor-element elementor-element-c807e58 elementor-section-boxed elementor-section-height-default elementor-section-height-default\" data-id=\"c807e58\" data-element_type=\"section\" data-e-type=\"section\">\n\t\t\t\t\t\t<div class=\"elementor-container elementor-column-gap-default\">\n\t\t\t\t\t<div class=\"elementor-column elementor-col-100 elementor-top-column elementor-element elementor-element-0a15a97\" data-id=\"0a15a97\" data-element_type=\"column\" data-e-type=\"column\">\n\t\t\t<div class=\"elementor-widget-wrap elementor-element-populated\">\n\t\t\t\t\t\t<div class=\"elementor-element elementor-element-177e952e de_scroll_animation_no elementor-widget elementor-widget-text-editor\" data-id=\"177e952e\" data-element_type=\"widget\" data-e-type=\"widget\" data-widget_type=\"text-editor.default\">\n\t\t\t\t<div class=\"elementor-widget-container\">\n\t\t\t\t\t\t\t\t\t<p>1. OBJET<br>Les pr\u00e9sentes conditions g\u00e9n\u00e9rales r\u00e9gissent tous les services photographiques fournis par Paris Media, y compris, mais sans s&rsquo;y limiter, les s\u00e9ances photo, l&rsquo;acc\u00e8s aux galeries num\u00e9riques, la retouche d&rsquo;images et les services de stylisme.<br>En r\u00e9servant un service, le client accepte l&rsquo;int\u00e9gralit\u00e9 des pr\u00e9sentes conditions g\u00e9n\u00e9rales.<\/p><p>2. R\u00c9SERVATION ET PAIEMENT<br>Les sessions sont r\u00e9serv\u00e9es par le biais d&rsquo;un lien de paiement s\u00e9curis\u00e9.<br>Des frais de r\u00e9servation sont demand\u00e9s pour confirmer une date, le montant varie en fonction des forfaits et des options. Ces frais couvrent les pr\u00e9paratifs initiaux et r\u00e9servent le cr\u00e9neau horaire exclusivement au client.<br>La livraison finale n&rsquo;aura lieu qu&rsquo;une fois le paiement int\u00e9gral re\u00e7u. Les retards de paiement peuvent entra\u00eener des frais suppl\u00e9mentaires et suspendre tous les droits de livraison.<br>Tout service suppl\u00e9mentaire (retouches suppl\u00e9mentaires, montage, fichiers haute r\u00e9solution, couverture \u00e9tendue, etc.) est factur\u00e9 s\u00e9par\u00e9ment.<br>Des frais de d\u00e9placement peuvent s&rsquo;appliquer en dehors de la ville de Paris.<br>Tous les prix affich\u00e9s sont soumis \u00e0 des frais de traitement de 5% pour les paiements en ligne et par carte. Tous les frais de traitement ou d&rsquo;administration ne sont en aucun cas remboursables.     <br><span class=\"s1\">Paris Media se r\u00e9serve le droit de refuser, de suspendre ou d&rsquo;annuler toute r\u00e9servation s&rsquo;il existe un soup\u00e7on raisonnable de fraude, de comportement abusif, d&rsquo;annulations r\u00e9p\u00e9t\u00e9es, d&rsquo;utilisation commerciale non autoris\u00e9e de notre travail, ou si le comportement du client sugg\u00e8re une interf\u00e9rence concurrentielle ou de la mauvaise foi, ou si cela est jug\u00e9 n\u00e9cessaire.<\/span><\/p><p>3. LIVRAISON ET STRUCTURE DU SERVICE<br>Le service se compose de deux \u00e9tapes : la premi\u00e8re \u00e9tape comprend la s\u00e9ance photo et la mise \u00e0 disposition d&rsquo;une galerie de pr\u00e9visualisation priv\u00e9e en ligne pour la s\u00e9lection des images. Cette galerie sert uniquement \u00e0 des fins de s\u00e9lection et peut inclure un certain nombre de fichiers basse r\u00e9solution choisis \u00e0 la seule discr\u00e9tion de Paris Media et limit\u00e9s \u00e0 1 par tranche de 30 minutes de prise de vue. Les images basse r\u00e9solution sont livr\u00e9es \u00e0 640 pixels maximum sur le bord long.<br>La deuxi\u00e8me \u00e9tape consiste en la livraison d&rsquo;images couleur haute r\u00e9solution, dans le style caract\u00e9ristique de Paris Media, une fois que les s\u00e9lections sont confirm\u00e9es et que tous les soldes sont r\u00e9gl\u00e9s.<br>La galerie de pr\u00e9visualisation en ligne (non \u00e9dit\u00e9e) est g\u00e9n\u00e9ralement livr\u00e9e dans un d\u00e9lai d&rsquo;une semaine. Les images \u00e9dit\u00e9es sont g\u00e9n\u00e9ralement livr\u00e9es dans les 4 semaines suivant la date de s\u00e9lection du client.<br>Les d\u00e9lais de livraison sont indicatifs et peuvent varier de mani\u00e8re significative en fonction de la charge de travail et de la saison.<br>Les fichiers RAW ne sont jamais fournis.<br>Les JPEG haute r\u00e9solution non \u00e9dit\u00e9s peuvent \u00eatre achet\u00e9s en suppl\u00e9ment (200 \u20ac par heure de prise de vue et\/ou lieux couverts d\u00e9cid\u00e9s par Paris Media).<br>Toutes les livraisons sont effectu\u00e9es num\u00e9riquement.<br>Les clients ne peuvent pas recadrer, modifier ou appliquer des filtres sur les images sans l&rsquo;accord \u00e9crit de Paris Media.   <\/p><p>4. RETOUCHAGE ET \u00c9DITION D&rsquo;IMAGES<br>Toutes les retouches d&rsquo;images effectu\u00e9es consistent exclusivement en un \u00e9talonnage des couleurs et des ajustements globaux dans notre style caract\u00e9ristique.<br>Aucune r\u00e9vision des images originales n&rsquo;est incluse en standard.<br>Les demandes de modifications suppl\u00e9mentaires &#8211; y compris, mais sans s&rsquo;y limiter, le remodelage du corps, le travail de la peau ou le retrait d&rsquo;objets &#8211; peuvent \u00eatre examin\u00e9es \u00e0 notre seule discr\u00e9tion et feront l&rsquo;objet de frais suppl\u00e9mentaires.<br>Tout travail de retouche suppl\u00e9mentaire ne sera effectu\u00e9 qu&rsquo;une fois qu&rsquo;un devis \u00e9crit aura \u00e9t\u00e9 fourni, accept\u00e9 et pay\u00e9 par le client, pr\u00e9cisant \u00e0 la fois le co\u00fbt et le d\u00e9lai de livraison.<br>Paris Media se r\u00e9serve le droit de refuser toute demande jug\u00e9e irr\u00e9aliste, excessive ou incompatible avec la vision artistique.<\/p><p>5. CONDITIONS DE PRISE DE VUE ET R\u00c9SULTAT FINAL<br>Le r\u00e9sultat visuel d&rsquo;une s\u00e9ance d\u00e9pend de multiples facteurs hors de notre contr\u00f4le, y compris, mais sans s&rsquo;y limiter, les conditions m\u00e9t\u00e9orologiques, la lumi\u00e8re naturelle, les conditions de l&#8217;emplacement et les variations saisonni\u00e8res.<br>En cons\u00e9quence, les images peuvent diff\u00e9rer de celles de notre portfolio, qui ont \u00e9t\u00e9 cr\u00e9\u00e9es dans des circonstances sp\u00e9cifiques.<br>Les variations d&rsquo;\u00e9clairage, de couleurs ou d&rsquo;atmosph\u00e8re ne peuvent \u00eatre consid\u00e9r\u00e9es comme des d\u00e9fauts et ne constituent pas un motif de remboursement ou de reprise de la prise de vue.<\/p><p>6. ANNULATION ET REPORTAGE<br>Les annulations effectu\u00e9es plus de 14 jours avant la date pr\u00e9vue sont rembours\u00e9es (moins les frais de traitement).<br>Les annulations effectu\u00e9es moins de 14 jours avant le tournage ne sont pas remboursables.<br>Un report de date est possible sans frais jusqu&rsquo;\u00e0 14 jours avant le tournage.<br>En cas de force majeure (gr\u00e8ves, conditions m\u00e9t\u00e9orologiques extr\u00eames, etc.), Paris Media peut proposer une nouvelle date.<br>Aucun remboursement ou cr\u00e9dit partiel ne sera accord\u00e9 en cas de participation r\u00e9duite, d&rsquo;arriv\u00e9e tardive ou d&rsquo;\u00e9l\u00e9ments manquants le jour de la prise de vue.<\/p><p>7. RESPONSABILIT\u00c9 DU CLIENT EN MATI\u00c8RE D&rsquo;APPARENCE<br>Les clients sont seuls responsables de leur pr\u00e9paration personnelle, y compris de leur garde-robe, de leur maquillage et de leur coiffure.<br>L&rsquo;insatisfaction concernant l&rsquo;apparence personnelle ne sera pas consid\u00e9r\u00e9e comme un motif de nouvelle prise de vue ou de remboursement.<\/p><p>8. DROITS D&rsquo;UTILISATION DES IMAGES<br>Paris Media conserve l&rsquo;int\u00e9gralit\u00e9 des droits d&rsquo;auteur de toutes les images.<br>Le client b\u00e9n\u00e9ficie d&rsquo;une licence non transf\u00e9rable et non exclusive pour un usage priv\u00e9 uniquement.<br>L&rsquo;utilisation commerciale ou publique (publicit\u00e9, partenariats, publications dans les m\u00e9dias, etc.) n\u00e9cessite une licence commerciale distincte et un accord \u00e9crit.<br>Sauf accord \u00e9crit sp\u00e9cifique du client, Paris Media peut utiliser des images s\u00e9lectionn\u00e9es \u00e0 des fins promotionnelles, y compris pour le portfolio du site web, le mat\u00e9riel imprim\u00e9 et les m\u00e9dias sociaux.<br>Toute reproduction, revente ou exploitation commerciale non autoris\u00e9e des images est strictement interdite.<\/p><p>9. RESPONSABILIT\u00c9<br>Paris Media ne peut \u00eatre tenu responsable des annulations ou des retards caus\u00e9s par des circonstances ind\u00e9pendantes de sa volont\u00e9.<br>Paris Media n&rsquo;est pas responsable des imperfections visuelles r\u00e9sultant d&rsquo;articles ou de services fournis par le client ou des tiers, y compris, mais sans s&rsquo;y limiter, le maquillage, la garde-robe ou les accessoires.<br>Le client est responsable de ses effets personnels et de son comportement pendant la s\u00e9ance. Tout dommage caus\u00e9 par le client \u00e0 l&rsquo;\u00e9quipement ou \u00e0 la propri\u00e9t\u00e9 peut entra\u00eener des frais de r\u00e9paration ou de remplacement. <\/p><p>10. ARCHIVAGE ET R\u00c9CUP\u00c9RATION DES FICHIERS<br>Les fichiers images sont stock\u00e9s pour une p\u00e9riode limit\u00e9e apr\u00e8s la livraison (jusqu&rsquo;\u00e0 2 mois) et seront ensuite supprim\u00e9s sans pr\u00e9avis. Paris Media ne garantit pas le stockage ind\u00e9fini des fichiers images au-del\u00e0 de la livraison.<br>Une fois qu&rsquo;une galerie a expir\u00e9, la r\u00e9cup\u00e9ration des images est soumise \u00e0 des frais de r\u00e9cup\u00e9ration de 100 \u20ac et n&rsquo;est pas garantie, car elle n&rsquo;est possible que si les fichiers sont encore disponibles dans nos archives. <br>Les clients sont responsables de la s\u00e9curisation de leurs propres sauvegardes apr\u00e8s la livraison. <\/p><p>11. PAS DE REMBOURSEMENT APR\u00c8S LE PAIEMENT DE L&rsquo;\u00c9DITION<br>Le client accepte express\u00e9ment que le droit de r\u00e9tractation ne s&rsquo;applique pas une fois que le travail d&rsquo;\u00e9dition a \u00e9t\u00e9 pay\u00e9, en raison de la nature personnalis\u00e9e et num\u00e9rique du service.<br>Une fois que les images non \u00e9dit\u00e9es et \u00e9dit\u00e9es ont \u00e9t\u00e9 livr\u00e9es, elles sont consid\u00e9r\u00e9es comme pleinement accept\u00e9es par le client.<br>En raison de la nature num\u00e9rique du produit, aucun remboursement ou r\u00e9\u00e9dition ne sera accord\u00e9 sur la base de go\u00fbts personnels ou d&rsquo;une insatisfaction subjective concernant le style d&rsquo;\u00e9dition.<\/p><p>12. ACCESSOIRES ET SERVICES TIERS<br>Les accessoires fournis par Paris Media (tels que les ballons, les sets de pique-nique, ou similaires) sont offerts \u00e0 titre gracieux ou en tant qu&rsquo;ajouts optionnels. Bien que tous les efforts soient faits pour s&rsquo;assurer qu&rsquo;ils sont en bon \u00e9tat, Paris Media ne peut \u00eatre tenu responsable de tout d\u00e9faut, dommage ou perte survenant avant ou pendant la session. En cas de perte ou de dommage caus\u00e9 par le client, des frais de remplacement peuvent s&rsquo;appliquer.<br>Les services de tiers (tels que la location de robes, les maquilleurs, les coiffeurs, les d\u00e9corateurs, les fleuristes, les musiciens, etc. Paris Media n&rsquo;est pas responsable de leur performance, prix, ponctualit\u00e9 ou qualit\u00e9 de service. Tous les arrangements, paiements ou r\u00e9clamations li\u00e9s \u00e0 ces services doivent \u00eatre faits directement avec le fournisseur.<br>Paris Media n&rsquo;est pas responsable des imperfections visuelles r\u00e9sultant d&rsquo;articles ou de services fournis par le client ou des tiers, y compris, mais sans s&rsquo;y limiter, le maquillage, la garde-robe ou les accessoires.    <\/p><p>13. ACCEPTATION ET MODIFICATIONS<br>Les pr\u00e9sentes conditions g\u00e9n\u00e9rales peuvent \u00eatre mises \u00e0 jour \u00e0 tout moment sans pr\u00e9avis.<br>En r\u00e9servant une session, le client confirme qu&rsquo;il a lu, compris et accept\u00e9 les pr\u00e9sentes conditions g\u00e9n\u00e9rales.<\/p><p class=\"p1\"><span class=\"s1\">14. DROIT APPLICABLE ET JURIDICTION<br><\/span><span class=\"s1\">Les pr\u00e9sentes Conditions G\u00e9n\u00e9rales et tout litige en d\u00e9coulant sont r\u00e9gis exclusivement par le droit fran\u00e7ais. Le tribunal de commerce de Paris est seul comp\u00e9tent pour conna\u00eetre de toute proc\u00e9dure judiciaire relative aux services fournis par Paris Media. <\/span><\/p><p class=\"has-text-align-right has-small-font-size\">Informations sur la soci\u00e9t\u00e9<br>Nom commercial : Paris Media<br>Forme juridique : SAS (Soci\u00e9t\u00e9 Anonyme)<br>SIREN : 94.38.29.01<br>Email : bax.paris.photographer@gmail.com<\/p>\t\t\t\t\t\t\t\t<\/div>\n\t\t\t\t<\/div>\n\t\t\t\t\t<\/div>\n\t\t<\/div>\n\t\t\t\t\t<\/div>\n\t\t<\/section>\n\t\t\t\t<\/div>\n\t\t","protected":false},"excerpt":{"rendered":"<p>1. OBJETLes pr\u00e9sentes conditions g\u00e9n\u00e9rales r\u00e9gissent tous les services photographiques fournis par Paris Media, y compris, mais sans s&rsquo;y limiter, les s\u00e9ances photo, l&rsquo;acc\u00e8s aux galeries num\u00e9riques, la retouche d&rsquo;images et les services de stylisme.En r\u00e9servant un service, le client accepte l&rsquo;int\u00e9gralit\u00e9 des pr\u00e9sentes conditions g\u00e9n\u00e9rales. 2. R\u00c9SERVATION ET PAIEMENTLes sessions sont r\u00e9serv\u00e9es par le [&hellip;]<\/p>\n","protected":false},"author":1,"featured_media":0,"parent":0,"menu_order":0,"comment_status":"closed","ping_status":"closed","template":"","meta":{"site-sidebar-layout":"default","site-content-layout":"","ast-site-content-layout":"default","site-content-style":"default","site-sidebar-style":"default","ast-global-header-display":"","ast-banner-title-visibility":"","ast-main-header-display":"","ast-hfb-above-header-display":"","ast-hfb-below-header-display":"","ast-hfb-mobile-header-display":"","site-post-title":"disabled","ast-breadcrumbs-content":"","ast-featured-img":"","footer-sml-layout":"","ast-disable-related-posts":"","theme-transparent-header-meta":"","adv-header-id-meta":"","stick-header-meta":"","header-above-stick-meta":"","header-main-stick-meta":"","header-below-stick-meta":"","astra-migrate-meta-layouts":"default","ast-page-background-enabled":"default","ast-page-background-meta":{"desktop":{"background-color":"var(--ast-global-color-4)","background-image":"","background-repeat":"repeat","background-position":"center center","background-size":"auto","background-attachment":"scroll","background-type":"","background-media":"","overlay-type":"","overlay-color":"","overlay-opacity":"","overlay-gradient":""},"tablet":{"background-color":"","background-image":"","background-repeat":"repeat","background-position":"center center","background-size":"auto","background-attachment":"scroll","background-type":"","background-media":"","overlay-type":"","overlay-color":"","overlay-opacity":"","overlay-gradient":""},"mobile":{"background-color":"","background-image":"","background-repeat":"repeat","background-position":"center center","background-size":"auto","background-attachment":"scroll","background-type":"","background-media":"","overlay-type":"","overlay-color":"","overlay-opacity":"","overlay-gradient":""}},"ast-content-background-meta":{"desktop":{"background-color":"var(--ast-global-color-5)","background-image":"","background-repeat":"repeat","background-position":"center center","background-size":"auto","background-attachment":"scroll","background-type":"","background-media":"","overlay-type":"","overlay-color":"","overlay-opacity":"","overlay-gradient":""},"tablet":{"background-color":"var(--ast-global-color-5)","background-image":"","background-repeat":"repeat","background-position":"center center","background-size":"auto","background-attachment":"scroll","background-type":"","background-media":"","overlay-type":"","overlay-color":"","overlay-opacity":"","overlay-gradient":""},"mobile":{"background-color":"var(--ast-global-color-5)","background-image":"","background-repeat":"repeat","background-position":"center center","background-size":"auto","background-attachment":"scroll","background-type":"","background-media":"","overlay-type":"","overlay-color":"","overlay-opacity":"","overlay-gradient":""}},"footnotes":""},"class_list":["post-2146","page","type-page","status-publish","hentry"],"yoast_head":"<!-- This site is optimized with the Yoast SEO plugin v27.4 - https:\/\/yoast.com\/product\/yoast-seo-wordpress\/ -->\n<title>Conditions g\u00e9n\u00e9rales d&#039;utilisation - Paris Photoshoot<\/title>\n<meta name=\"robots\" content=\"index, follow, max-snippet:-1, max-image-preview:large, max-video-preview:-1\" \/>\n<link rel=\"canonical\" href=\"https:\/\/paris-photoshoot.com\/fr\/conditions-generales-dutilisation\/\" \/>\n<meta property=\"og:locale\" content=\"fr_FR\" \/>\n<meta property=\"og:type\" content=\"article\" \/>\n<meta property=\"og:title\" content=\"Conditions g\u00e9n\u00e9rales d&#039;utilisation - Paris Photoshoot\" \/>\n<meta property=\"og:description\" content=\"1. OBJETLes pr\u00e9sentes conditions g\u00e9n\u00e9rales r\u00e9gissent tous les services photographiques fournis par Paris Media, y compris, mais sans s&rsquo;y limiter, les s\u00e9ances photo, l&rsquo;acc\u00e8s aux galeries num\u00e9riques, la retouche d&rsquo;images et les services de stylisme.En r\u00e9servant un service, le client accepte l&rsquo;int\u00e9gralit\u00e9 des pr\u00e9sentes conditions g\u00e9n\u00e9rales. 2. R\u00c9SERVATION ET PAIEMENTLes sessions sont r\u00e9serv\u00e9es par le [&hellip;]\" \/>\n<meta property=\"og:url\" content=\"https:\/\/paris-photoshoot.com\/fr\/conditions-generales-dutilisation\/\" \/>\n<meta property=\"og:site_name\" content=\"Paris Photoshoot\" \/>\n<meta property=\"article:modified_time\" content=\"2025-09-03T12:08:44+00:00\" \/>\n<meta name=\"twitter:card\" content=\"summary_large_image\" \/>\n<meta name=\"twitter:label1\" content=\"Dur\u00e9e de lecture estim\u00e9e\" \/>\n\t<meta name=\"twitter:data1\" content=\"8 minutes\" \/>\n<script type=\"application\/ld+json\" class=\"yoast-schema-graph\">{\"@context\":\"https:\\\/\\\/schema.org\",\"@graph\":[{\"@type\":\"WebPage\",\"@id\":\"https:\\\/\\\/paris-photoshoot.com\\\/fr\\\/conditions-generales-dutilisation\\\/\",\"url\":\"https:\\\/\\\/paris-photoshoot.com\\\/fr\\\/conditions-generales-dutilisation\\\/\",\"name\":\"Conditions g\u00e9n\u00e9rales d'utilisation - Paris Photoshoot\",\"isPartOf\":{\"@id\":\"https:\\\/\\\/paris-photoshoot.com\\\/fr\\\/#website\"},\"datePublished\":\"2025-08-09T15:11:45+00:00\",\"dateModified\":\"2025-09-03T12:08:44+00:00\",\"breadcrumb\":{\"@id\":\"https:\\\/\\\/paris-photoshoot.com\\\/fr\\\/conditions-generales-dutilisation\\\/#breadcrumb\"},\"inLanguage\":\"fr-FR\",\"potentialAction\":[{\"@type\":\"ReadAction\",\"target\":[\"https:\\\/\\\/paris-photoshoot.com\\\/fr\\\/conditions-generales-dutilisation\\\/\"]}]},{\"@type\":\"BreadcrumbList\",\"@id\":\"https:\\\/\\\/paris-photoshoot.com\\\/fr\\\/conditions-generales-dutilisation\\\/#breadcrumb\",\"itemListElement\":[{\"@type\":\"ListItem\",\"position\":1,\"name\":\"Home\",\"item\":\"https:\\\/\\\/paris-photoshoot.com\\\/fr\\\/\"},{\"@type\":\"ListItem\",\"position\":2,\"name\":\"Conditions g\u00e9n\u00e9rales d&#8217;utilisation\"}]},{\"@type\":\"WebSite\",\"@id\":\"https:\\\/\\\/paris-photoshoot.com\\\/fr\\\/#website\",\"url\":\"https:\\\/\\\/paris-photoshoot.com\\\/fr\\\/\",\"name\":\"Paris Photoshoot\",\"description\":\"The best Parisian Photoshoot Experience\",\"potentialAction\":[{\"@type\":\"SearchAction\",\"target\":{\"@type\":\"EntryPoint\",\"urlTemplate\":\"https:\\\/\\\/paris-photoshoot.com\\\/fr\\\/?s={search_term_string}\"},\"query-input\":{\"@type\":\"PropertyValueSpecification\",\"valueRequired\":true,\"valueName\":\"search_term_string\"}}],\"inLanguage\":\"fr-FR\"}]}<\/script>\n<!-- \/ Yoast SEO plugin. -->","yoast_head_json":{"title":"Conditions g\u00e9n\u00e9rales d'utilisation - Paris Photoshoot","robots":{"index":"index","follow":"follow","max-snippet":"max-snippet:-1","max-image-preview":"max-image-preview:large","max-video-preview":"max-video-preview:-1"},"canonical":"https:\/\/paris-photoshoot.com\/fr\/conditions-generales-dutilisation\/","og_locale":"fr_FR","og_type":"article","og_title":"Conditions g\u00e9n\u00e9rales d'utilisation - Paris Photoshoot","og_description":"1. OBJETLes pr\u00e9sentes conditions g\u00e9n\u00e9rales r\u00e9gissent tous les services photographiques fournis par Paris Media, y compris, mais sans s&rsquo;y limiter, les s\u00e9ances photo, l&rsquo;acc\u00e8s aux galeries num\u00e9riques, la retouche d&rsquo;images et les services de stylisme.En r\u00e9servant un service, le client accepte l&rsquo;int\u00e9gralit\u00e9 des pr\u00e9sentes conditions g\u00e9n\u00e9rales. 2. R\u00c9SERVATION ET PAIEMENTLes sessions sont r\u00e9serv\u00e9es par le [&hellip;]","og_url":"https:\/\/paris-photoshoot.com\/fr\/conditions-generales-dutilisation\/","og_site_name":"Paris Photoshoot","article_modified_time":"2025-09-03T12:08:44+00:00","twitter_card":"summary_large_image","twitter_misc":{"Dur\u00e9e de lecture estim\u00e9e":"8 minutes"},"schema":{"@context":"https:\/\/schema.org","@graph":[{"@type":"WebPage","@id":"https:\/\/paris-photoshoot.com\/fr\/conditions-generales-dutilisation\/","url":"https:\/\/paris-photoshoot.com\/fr\/conditions-generales-dutilisation\/","name":"Conditions g\u00e9n\u00e9rales d'utilisation - Paris Photoshoot","isPartOf":{"@id":"https:\/\/paris-photoshoot.com\/fr\/#website"},"datePublished":"2025-08-09T15:11:45+00:00","dateModified":"2025-09-03T12:08:44+00:00","breadcrumb":{"@id":"https:\/\/paris-photoshoot.com\/fr\/conditions-generales-dutilisation\/#breadcrumb"},"inLanguage":"fr-FR","potentialAction":[{"@type":"ReadAction","target":["https:\/\/paris-photoshoot.com\/fr\/conditions-generales-dutilisation\/"]}]},{"@type":"BreadcrumbList","@id":"https:\/\/paris-photoshoot.com\/fr\/conditions-generales-dutilisation\/#breadcrumb","itemListElement":[{"@type":"ListItem","position":1,"name":"Home","item":"https:\/\/paris-photoshoot.com\/fr\/"},{"@type":"ListItem","position":2,"name":"Conditions g\u00e9n\u00e9rales d&#8217;utilisation"}]},{"@type":"WebSite","@id":"https:\/\/paris-photoshoot.com\/fr\/#website","url":"https:\/\/paris-photoshoot.com\/fr\/","name":"Paris Photoshoot","description":"The best Parisian Photoshoot Experience","potentialAction":[{"@type":"SearchAction","target":{"@type":"EntryPoint","urlTemplate":"https:\/\/paris-photoshoot.com\/fr\/?s={search_term_string}"},"query-input":{"@type":"PropertyValueSpecification","valueRequired":true,"valueName":"search_term_string"}}],"inLanguage":"fr-FR"}]}},"_links":{"self":[{"href":"https:\/\/paris-photoshoot.com\/fr\/wp-json\/wp\/v2\/pages\/2146","targetHints":{"allow":["GET"]}}],"collection":[{"href":"https:\/\/paris-photoshoot.com\/fr\/wp-json\/wp\/v2\/pages"}],"about":[{"href":"https:\/\/paris-photoshoot.com\/fr\/wp-json\/wp\/v2\/types\/page"}],"author":[{"embeddable":true,"href":"https:\/\/paris-photoshoot.com\/fr\/wp-json\/wp\/v2\/users\/1"}],"replies":[{"embeddable":true,"href":"https:\/\/paris-photoshoot.com\/fr\/wp-json\/wp\/v2\/comments?post=2146"}],"version-history":[{"count":1,"href":"https:\/\/paris-photoshoot.com\/fr\/wp-json\/wp\/v2\/pages\/2146\/revisions"}],"predecessor-version":[{"id":2148,"href":"https:\/\/paris-photoshoot.com\/fr\/wp-json\/wp\/v2\/pages\/2146\/revisions\/2148"}],"wp:attachment":[{"href":"https:\/\/paris-photoshoot.com\/fr\/wp-json\/wp\/v2\/media?parent=2146"}],"curies":[{"name":"wp","href":"https:\/\/api.w.org\/{rel}","templated":true}]}}