{"id":2142,"date":"2025-08-10T14:49:46","date_gmt":"2025-08-10T14:49:46","guid":{"rendered":"https:\/\/paris-photoshoot.com\/avis-juridique-et-conditions-dutilisation\/"},"modified":"2025-09-03T12:08:43","modified_gmt":"2025-09-03T12:08:43","slug":"avis-juridique-et-conditions-dutilisation","status":"publish","type":"page","link":"https:\/\/paris-photoshoot.com\/fr\/avis-juridique-et-conditions-dutilisation\/","title":{"rendered":"Avis juridique et conditions d&rsquo;utilisation"},"content":{"rendered":"\t\t<div data-elementor-type=\"wp-page\" data-elementor-id=\"2142\" class=\"elementor elementor-2142 elementor-1710\" data-elementor-post-type=\"page\">\n\t\t\t\t\t\t<section class=\"elementor-section elementor-top-section elementor-element elementor-element-ae5aa16 elementor-section-height-min-height elementor-section-stretched elementor-section-boxed elementor-section-height-default elementor-section-items-middle\" data-id=\"ae5aa16\" data-element_type=\"section\" data-e-type=\"section\" data-settings=\"{&quot;background_background&quot;:&quot;classic&quot;,&quot;stretch_section&quot;:&quot;section-stretched&quot;}\">\n\t\t\t\t\t\t\t<div class=\"elementor-background-overlay\"><\/div>\n\t\t\t\t\t\t\t<div class=\"elementor-container elementor-column-gap-default\">\n\t\t\t\t\t<div class=\"elementor-column elementor-col-100 elementor-top-column elementor-element elementor-element-c696cb9\" data-id=\"c696cb9\" data-element_type=\"column\" data-e-type=\"column\">\n\t\t\t<div class=\"elementor-widget-wrap elementor-element-populated\">\n\t\t\t\t\t\t\t<\/div>\n\t\t<\/div>\n\t\t\t\t\t<\/div>\n\t\t<\/section>\n\t\t\t\t<section class=\"elementor-section elementor-top-section elementor-element elementor-element-e01df3f elementor-section-boxed elementor-section-height-default elementor-section-height-default\" data-id=\"e01df3f\" data-element_type=\"section\" data-e-type=\"section\">\n\t\t\t\t\t\t<div class=\"elementor-container elementor-column-gap-default\">\n\t\t\t\t\t<div class=\"elementor-column elementor-col-100 elementor-top-column elementor-element elementor-element-03285ed\" data-id=\"03285ed\" data-element_type=\"column\" data-e-type=\"column\">\n\t\t\t<div class=\"elementor-widget-wrap elementor-element-populated\">\n\t\t\t\t\t\t<div class=\"elementor-element elementor-element-5883f7b6 de_scroll_animation_no elementor-widget elementor-widget-text-editor\" data-id=\"5883f7b6\" data-element_type=\"widget\" data-e-type=\"widget\" data-widget_type=\"text-editor.default\">\n\t\t\t\t<div class=\"elementor-widget-container\">\n\t\t\t\t\t\t\t\t\t<p data-start=\"269\" data-end=\"322\">1. PROPRI\u00c9T\u00c9 DU SITE<br>Ce site Web est exploit\u00e9 par : Paris Media<br data-start=\"450\" data-end=\"453\">Forme juridique : SAS<br data-start=\"493\" data-end=\"496\">SIREN : 94.38.29.01<br data-start=\"514\" data-end=\"517\">Adresse professionnelle : Paris<br data-start=\"588\" data-end=\"591\">Email : bax.paris.photographer@gmail.com<br data-start=\"630\" data-end=\"633\">Directeur de la publication : Paris Media<\/p><hr data-start=\"670\" data-end=\"673\"><p data-start=\"675\" data-end=\"704\">2. FOURNISSEUR D&rsquo;H\u00c9BERGEMENT<br>Le site Web de Paris Photoshoot (\u00ab\u00a0https:\/\/paris-photoshoot.com\u00a0\u00bb) est h\u00e9berg\u00e9 par bluehost.com, dont le si\u00e8ge social se trouve \u00e0 5335 Gate Pkwy, 2nd Floor, Jacksonville, FL 32256.<\/p><p data-start=\"887\" data-end=\"921\">3. PROPRIETE INTELLECTUELLE<br>L&rsquo;ensemble du contenu de ce site, y compris les textes, images, photographies, graphiques, logos et vid\u00e9os, est la propri\u00e9t\u00e9 exclusive de Paris Media, trading as Paris Photoshoot ou de ses auteurs respectifs, et est prot\u00e9g\u00e9 par les lois applicables en mati\u00e8re de propri\u00e9t\u00e9 intellectuelle.<br data-start=\"1166\" data-end=\"1169\">Toute reproduction, repr\u00e9sentation, modification, distribution ou republication, en tout ou en partie, est strictement interdite sans l&rsquo;accord pr\u00e9alable \u00e9crit de Paris Media.<\/p><p data-start=\"1372\" data-end=\"1397\">4. CONDITIONS D&rsquo;UTILISATION<br>En acc\u00e9dant \u00e0 ce site et en l&rsquo;utilisant, vous acceptez les conditions suivantes :<br>Vous pouvez utiliser le contenu de ce site \u00e0 des fins personnelles et non commerciales uniquement.<br>Vous ne pouvez pas copier, reproduire, distribuer ou exploiter toute partie du site sans autorisation \u00e9crite.<br>Vous acceptez de ne pas utiliser le site \u00e0 des fins ill\u00e9gales ou nuisibles, y compris les tentatives de perturber son fonctionnement.<br>Paris Media se r\u00e9serve le droit de modifier, suspendre ou supprimer le site ou toute partie de son contenu sans pr\u00e9avis.<\/p><p data-start=\"1928\" data-end=\"1964\">5. LIMITATION DE RESPONSABILIT\u00c9<br>Paris Medi, trading as Paris Photoshoot ne pourra \u00eatre tenu pour responsable des dommages directs ou indirects r\u00e9sultant de l&rsquo;utilisation du site, y compris la perte de donn\u00e9es ou l&rsquo;interruption de service.<br data-start=\"2151\" data-end=\"2154\">Le site peut contenir des liens vers des sites tiers. Paris Media, trading as Paris Photoshoot n&rsquo;est pas responsable du contenu, des politiques ou des pratiques de ces sites.<\/p><p data-start=\"2327\" data-end=\"2363\">6. DONN\u00c9ES PERSONNELLES ET CONFIDENTIALIT\u00c9<br>Pour plus d&rsquo;informations sur la mani\u00e8re dont nous collectons, traitons et prot\u00e9geons vos donn\u00e9es personnelles, veuillez vous r\u00e9f\u00e9rer \u00e0 notre politique de confidentialit\u00e9.<\/p><p data-start=\"2510\" data-end=\"2536\">7. DROIT APPLICABLE<br>Les pr\u00e9sentes mentions l\u00e9gales et conditions d&rsquo;utilisation sont r\u00e9gies par le droit fran\u00e7ais. Tout litige sera soumis \u00e0 la comp\u00e9tence exclusive des tribunaux fran\u00e7ais.<\/p>\t\t\t\t\t\t\t\t<\/div>\n\t\t\t\t<\/div>\n\t\t\t\t\t<\/div>\n\t\t<\/div>\n\t\t\t\t\t<\/div>\n\t\t<\/section>\n\t\t\t\t<\/div>\n\t\t","protected":false},"excerpt":{"rendered":"<p>1. PROPRI\u00c9T\u00c9 DU SITECe site Web est exploit\u00e9 par : Paris MediaForme juridique : SASSIREN : 94.38.29.01Adresse professionnelle : ParisEmail : bax.paris.photographer@gmail.comDirecteur de la publication : Paris Media 2. FOURNISSEUR D&rsquo;H\u00c9BERGEMENTLe site Web de Paris Photoshoot (\u00ab\u00a0https:\/\/paris-photoshoot.com\u00a0\u00bb) est h\u00e9berg\u00e9 par bluehost.com, dont le si\u00e8ge social se trouve \u00e0 5335 Gate Pkwy, 2nd Floor, Jacksonville, FL [&hellip;]<\/p>\n","protected":false},"author":2,"featured_media":0,"parent":0,"menu_order":0,"comment_status":"closed","ping_status":"closed","template":"","meta":{"site-sidebar-layout":"default","site-content-layout":"","ast-site-content-layout":"default","site-content-style":"default","site-sidebar-style":"default","ast-global-header-display":"","ast-banner-title-visibility":"","ast-main-header-display":"","ast-hfb-above-header-display":"","ast-hfb-below-header-display":"","ast-hfb-mobile-header-display":"","site-post-title":"disabled","ast-breadcrumbs-content":"","ast-featured-img":"","footer-sml-layout":"","ast-disable-related-posts":"","theme-transparent-header-meta":"","adv-header-id-meta":"","stick-header-meta":"","header-above-stick-meta":"","header-main-stick-meta":"","header-below-stick-meta":"","astra-migrate-meta-layouts":"default","ast-page-background-enabled":"default","ast-page-background-meta":{"desktop":{"background-color":"var(--ast-global-color-4)","background-image":"","background-repeat":"repeat","background-position":"center center","background-size":"auto","background-attachment":"scroll","background-type":"","background-media":"","overlay-type":"","overlay-color":"","overlay-opacity":"","overlay-gradient":""},"tablet":{"background-color":"","background-image":"","background-repeat":"repeat","background-position":"center center","background-size":"auto","background-attachment":"scroll","background-type":"","background-media":"","overlay-type":"","overlay-color":"","overlay-opacity":"","overlay-gradient":""},"mobile":{"background-color":"","background-image":"","background-repeat":"repeat","background-position":"center center","background-size":"auto","background-attachment":"scroll","background-type":"","background-media":"","overlay-type":"","overlay-color":"","overlay-opacity":"","overlay-gradient":""}},"ast-content-background-meta":{"desktop":{"background-color":"var(--ast-global-color-5)","background-image":"","background-repeat":"repeat","background-position":"center center","background-size":"auto","background-attachment":"scroll","background-type":"","background-media":"","overlay-type":"","overlay-color":"","overlay-opacity":"","overlay-gradient":""},"tablet":{"background-color":"var(--ast-global-color-5)","background-image":"","background-repeat":"repeat","background-position":"center center","background-size":"auto","background-attachment":"scroll","background-type":"","background-media":"","overlay-type":"","overlay-color":"","overlay-opacity":"","overlay-gradient":""},"mobile":{"background-color":"var(--ast-global-color-5)","background-image":"","background-repeat":"repeat","background-position":"center center","background-size":"auto","background-attachment":"scroll","background-type":"","background-media":"","overlay-type":"","overlay-color":"","overlay-opacity":"","overlay-gradient":""}},"footnotes":""},"class_list":["post-2142","page","type-page","status-publish","hentry"],"yoast_head":"<!-- This site is optimized with the Yoast SEO plugin v27.4 - https:\/\/yoast.com\/product\/yoast-seo-wordpress\/ -->\n<title>Avis juridique et conditions d&#039;utilisation - Paris Photoshoot<\/title>\n<meta name=\"robots\" content=\"index, follow, max-snippet:-1, max-image-preview:large, max-video-preview:-1\" \/>\n<link rel=\"canonical\" href=\"https:\/\/paris-photoshoot.com\/fr\/avis-juridique-et-conditions-dutilisation\/\" \/>\n<meta property=\"og:locale\" content=\"fr_FR\" \/>\n<meta property=\"og:type\" content=\"article\" \/>\n<meta property=\"og:title\" content=\"Avis juridique et conditions d&#039;utilisation - Paris Photoshoot\" \/>\n<meta property=\"og:description\" content=\"1. PROPRI\u00c9T\u00c9 DU SITECe site Web est exploit\u00e9 par : Paris MediaForme juridique : SASSIREN : 94.38.29.01Adresse professionnelle : ParisEmail : bax.paris.photographer@gmail.comDirecteur de la publication : Paris Media 2. FOURNISSEUR D&rsquo;H\u00c9BERGEMENTLe site Web de Paris Photoshoot (\u00ab\u00a0https:\/\/paris-photoshoot.com\u00a0\u00bb) est h\u00e9berg\u00e9 par bluehost.com, dont le si\u00e8ge social se trouve \u00e0 5335 Gate Pkwy, 2nd Floor, Jacksonville, FL [&hellip;]\" \/>\n<meta property=\"og:url\" content=\"https:\/\/paris-photoshoot.com\/fr\/avis-juridique-et-conditions-dutilisation\/\" \/>\n<meta property=\"og:site_name\" content=\"Paris Photoshoot\" \/>\n<meta property=\"article:modified_time\" content=\"2025-09-03T12:08:43+00:00\" \/>\n<meta name=\"twitter:card\" content=\"summary_large_image\" \/>\n<meta name=\"twitter:label1\" content=\"Dur\u00e9e de lecture estim\u00e9e\" \/>\n\t<meta name=\"twitter:data1\" content=\"2 minutes\" \/>\n<script type=\"application\/ld+json\" class=\"yoast-schema-graph\">{\"@context\":\"https:\\\/\\\/schema.org\",\"@graph\":[{\"@type\":\"WebPage\",\"@id\":\"https:\\\/\\\/paris-photoshoot.com\\\/fr\\\/avis-juridique-et-conditions-dutilisation\\\/\",\"url\":\"https:\\\/\\\/paris-photoshoot.com\\\/fr\\\/avis-juridique-et-conditions-dutilisation\\\/\",\"name\":\"Avis juridique et conditions d'utilisation - Paris Photoshoot\",\"isPartOf\":{\"@id\":\"https:\\\/\\\/paris-photoshoot.com\\\/fr\\\/#website\"},\"datePublished\":\"2025-08-10T14:49:46+00:00\",\"dateModified\":\"2025-09-03T12:08:43+00:00\",\"breadcrumb\":{\"@id\":\"https:\\\/\\\/paris-photoshoot.com\\\/fr\\\/avis-juridique-et-conditions-dutilisation\\\/#breadcrumb\"},\"inLanguage\":\"fr-FR\",\"potentialAction\":[{\"@type\":\"ReadAction\",\"target\":[\"https:\\\/\\\/paris-photoshoot.com\\\/fr\\\/avis-juridique-et-conditions-dutilisation\\\/\"]}]},{\"@type\":\"BreadcrumbList\",\"@id\":\"https:\\\/\\\/paris-photoshoot.com\\\/fr\\\/avis-juridique-et-conditions-dutilisation\\\/#breadcrumb\",\"itemListElement\":[{\"@type\":\"ListItem\",\"position\":1,\"name\":\"Home\",\"item\":\"https:\\\/\\\/paris-photoshoot.com\\\/fr\\\/\"},{\"@type\":\"ListItem\",\"position\":2,\"name\":\"Avis juridique et conditions d&#8217;utilisation\"}]},{\"@type\":\"WebSite\",\"@id\":\"https:\\\/\\\/paris-photoshoot.com\\\/fr\\\/#website\",\"url\":\"https:\\\/\\\/paris-photoshoot.com\\\/fr\\\/\",\"name\":\"Paris Photoshoot\",\"description\":\"The best Parisian Photoshoot Experience\",\"potentialAction\":[{\"@type\":\"SearchAction\",\"target\":{\"@type\":\"EntryPoint\",\"urlTemplate\":\"https:\\\/\\\/paris-photoshoot.com\\\/fr\\\/?s={search_term_string}\"},\"query-input\":{\"@type\":\"PropertyValueSpecification\",\"valueRequired\":true,\"valueName\":\"search_term_string\"}}],\"inLanguage\":\"fr-FR\"}]}<\/script>\n<!-- \/ Yoast SEO plugin. -->","yoast_head_json":{"title":"Avis juridique et conditions d'utilisation - Paris Photoshoot","robots":{"index":"index","follow":"follow","max-snippet":"max-snippet:-1","max-image-preview":"max-image-preview:large","max-video-preview":"max-video-preview:-1"},"canonical":"https:\/\/paris-photoshoot.com\/fr\/avis-juridique-et-conditions-dutilisation\/","og_locale":"fr_FR","og_type":"article","og_title":"Avis juridique et conditions d'utilisation - Paris Photoshoot","og_description":"1. PROPRI\u00c9T\u00c9 DU SITECe site Web est exploit\u00e9 par : Paris MediaForme juridique : SASSIREN : 94.38.29.01Adresse professionnelle : ParisEmail : bax.paris.photographer@gmail.comDirecteur de la publication : Paris Media 2. FOURNISSEUR D&rsquo;H\u00c9BERGEMENTLe site Web de Paris Photoshoot (\u00ab\u00a0https:\/\/paris-photoshoot.com\u00a0\u00bb) est h\u00e9berg\u00e9 par bluehost.com, dont le si\u00e8ge social se trouve \u00e0 5335 Gate Pkwy, 2nd Floor, Jacksonville, FL [&hellip;]","og_url":"https:\/\/paris-photoshoot.com\/fr\/avis-juridique-et-conditions-dutilisation\/","og_site_name":"Paris Photoshoot","article_modified_time":"2025-09-03T12:08:43+00:00","twitter_card":"summary_large_image","twitter_misc":{"Dur\u00e9e de lecture estim\u00e9e":"2 minutes"},"schema":{"@context":"https:\/\/schema.org","@graph":[{"@type":"WebPage","@id":"https:\/\/paris-photoshoot.com\/fr\/avis-juridique-et-conditions-dutilisation\/","url":"https:\/\/paris-photoshoot.com\/fr\/avis-juridique-et-conditions-dutilisation\/","name":"Avis juridique et conditions d'utilisation - Paris Photoshoot","isPartOf":{"@id":"https:\/\/paris-photoshoot.com\/fr\/#website"},"datePublished":"2025-08-10T14:49:46+00:00","dateModified":"2025-09-03T12:08:43+00:00","breadcrumb":{"@id":"https:\/\/paris-photoshoot.com\/fr\/avis-juridique-et-conditions-dutilisation\/#breadcrumb"},"inLanguage":"fr-FR","potentialAction":[{"@type":"ReadAction","target":["https:\/\/paris-photoshoot.com\/fr\/avis-juridique-et-conditions-dutilisation\/"]}]},{"@type":"BreadcrumbList","@id":"https:\/\/paris-photoshoot.com\/fr\/avis-juridique-et-conditions-dutilisation\/#breadcrumb","itemListElement":[{"@type":"ListItem","position":1,"name":"Home","item":"https:\/\/paris-photoshoot.com\/fr\/"},{"@type":"ListItem","position":2,"name":"Avis juridique et conditions d&#8217;utilisation"}]},{"@type":"WebSite","@id":"https:\/\/paris-photoshoot.com\/fr\/#website","url":"https:\/\/paris-photoshoot.com\/fr\/","name":"Paris Photoshoot","description":"The best Parisian Photoshoot Experience","potentialAction":[{"@type":"SearchAction","target":{"@type":"EntryPoint","urlTemplate":"https:\/\/paris-photoshoot.com\/fr\/?s={search_term_string}"},"query-input":{"@type":"PropertyValueSpecification","valueRequired":true,"valueName":"search_term_string"}}],"inLanguage":"fr-FR"}]}},"_links":{"self":[{"href":"https:\/\/paris-photoshoot.com\/fr\/wp-json\/wp\/v2\/pages\/2142","targetHints":{"allow":["GET"]}}],"collection":[{"href":"https:\/\/paris-photoshoot.com\/fr\/wp-json\/wp\/v2\/pages"}],"about":[{"href":"https:\/\/paris-photoshoot.com\/fr\/wp-json\/wp\/v2\/types\/page"}],"author":[{"embeddable":true,"href":"https:\/\/paris-photoshoot.com\/fr\/wp-json\/wp\/v2\/users\/2"}],"replies":[{"embeddable":true,"href":"https:\/\/paris-photoshoot.com\/fr\/wp-json\/wp\/v2\/comments?post=2142"}],"version-history":[{"count":1,"href":"https:\/\/paris-photoshoot.com\/fr\/wp-json\/wp\/v2\/pages\/2142\/revisions"}],"predecessor-version":[{"id":2145,"href":"https:\/\/paris-photoshoot.com\/fr\/wp-json\/wp\/v2\/pages\/2142\/revisions\/2145"}],"wp:attachment":[{"href":"https:\/\/paris-photoshoot.com\/fr\/wp-json\/wp\/v2\/media?parent=2142"}],"curies":[{"name":"wp","href":"https:\/\/api.w.org\/{rel}","templated":true}]}}