{"id":2520,"date":"2026-03-13T10:10:21","date_gmt":"2026-03-13T10:10:21","guid":{"rendered":"https:\/\/paris-photoshoot.com\/mapa-del-sitio\/"},"modified":"2026-03-13T10:29:26","modified_gmt":"2026-03-13T10:29:26","slug":"mapa-del-sitio","status":"publish","type":"page","link":"https:\/\/paris-photoshoot.com\/es\/mapa-del-sitio\/","title":{"rendered":"Mapa del sitio"},"content":{"rendered":"\t\t<div data-elementor-type=\"wp-page\" data-elementor-id=\"2520\" class=\"elementor elementor-2520 elementor-2516\" data-elementor-post-type=\"page\">\n\t\t\t\t\t\t<section class=\"elementor-section elementor-top-section elementor-element elementor-element-6b582d6 elementor-section-height-min-height elementor-section-boxed elementor-section-height-default elementor-section-items-middle\" data-id=\"6b582d6\" data-element_type=\"section\" data-e-type=\"section\" data-settings=\"{&quot;background_background&quot;:&quot;classic&quot;}\">\n\t\t\t\t\t\t\t<div class=\"elementor-background-overlay\"><\/div>\n\t\t\t\t\t\t\t<div class=\"elementor-container elementor-column-gap-default\">\n\t\t\t\t\t<div class=\"elementor-column elementor-col-100 elementor-top-column elementor-element elementor-element-62a9a8a\" data-id=\"62a9a8a\" data-element_type=\"column\" data-e-type=\"column\">\n\t\t\t<div class=\"elementor-widget-wrap elementor-element-populated\">\n\t\t\t\t\t\t<div class=\"elementor-element elementor-element-e563b5b de_scroll_animation_no elementor-widget elementor-widget-spacer\" data-id=\"e563b5b\" data-element_type=\"widget\" data-e-type=\"widget\" data-widget_type=\"spacer.default\">\n\t\t\t\t<div class=\"elementor-widget-container\">\n\t\t\t\t\t\t\t<div class=\"elementor-spacer\">\n\t\t\t<div class=\"elementor-spacer-inner\"><\/div>\n\t\t<\/div>\n\t\t\t\t\t\t<\/div>\n\t\t\t\t<\/div>\n\t\t\t\t\t<\/div>\n\t\t<\/div>\n\t\t\t\t\t<\/div>\n\t\t<\/section>\n\t\t<div class=\"elementor-element elementor-element-071327b e-flex e-con-boxed e-con e-parent\" data-id=\"071327b\" data-element_type=\"container\" data-e-type=\"container\">\n\t\t\t\t\t<div class=\"e-con-inner\">\n\t\t\t\t<div class=\"elementor-element elementor-element-33f6a03 de_scroll_animation_no elementor-widget elementor-widget-text-editor\" data-id=\"33f6a03\" data-element_type=\"widget\" data-e-type=\"widget\" data-widget_type=\"text-editor.default\">\n\t\t\t\t<div class=\"elementor-widget-container\">\n\t\t\t\t\t\t\t\t\t<p>La estructura de nuestro sitio web te facilita la navegaci\u00f3n por las distintas p\u00e1ginas. Simplemente haz clic en el art\u00edculo que desees y ser\u00e1s redirigido autom\u00e1ticamente a \u00e9l.   <\/p>\t\t\t\t\t\t\t\t<\/div>\n\t\t\t\t<\/div>\n\t\t\t\t<div class=\"elementor-element elementor-element-a2d8ad1 de_scroll_animation_no elementor-widget elementor-widget-sitemap\" data-id=\"a2d8ad1\" data-element_type=\"widget\" data-e-type=\"widget\" data-widget_type=\"sitemap.default\">\n\t\t\t\t<div class=\"elementor-widget-container\">\n\t\t\t\t\t<div class=\"elementor-sitemap-wrap\"><div class=\"elementor-sitemap-section\"><h3 class=\"elementor-sitemap-title elementor-sitemap-page-title\">P\u00e1ginas<\/h3><ul class=\"elementor-sitemap-list elementor-sitemap-page-list\"><li class=\"elementor-sitemap-item elementor-sitemap-item-page page_item page-item-1986 menu-item\"><a href=\"https:\/\/paris-photoshoot.com\/es\/\" class=\"elementor-sitemap-item elementor-sitemap-item-page menu-link\">Inicio<\/a><\/li><li class=\"elementor-sitemap-item elementor-sitemap-item-page page_item page-item-1954 menu-item\"><a href=\"https:\/\/paris-photoshoot.com\/es\/sobre-nosotros\/\" class=\"elementor-sitemap-item elementor-sitemap-item-page menu-link\">Sobre nosotros<\/a><\/li><li class=\"elementor-sitemap-item elementor-sitemap-item-page page_item page-item-1984 menu-item\"><a href=\"https:\/\/paris-photoshoot.com\/es\/paquetes\/\" class=\"elementor-sitemap-item elementor-sitemap-item-page menu-link\">Paquetes<\/a><\/li><li class=\"elementor-sitemap-item elementor-sitemap-item-page page_item page-item-1987 menu-item\"><a href=\"https:\/\/paris-photoshoot.com\/es\/sesion-de-fotos-en-solitario\/\" class=\"elementor-sitemap-item elementor-sitemap-item-page menu-link\">Sesi\u00f3n de fotos en solitario<\/a><\/li><li class=\"elementor-sitemap-item elementor-sitemap-item-page page_item page-item-1968 menu-item\"><a href=\"https:\/\/paris-photoshoot.com\/es\/sesion-de-fotos-de-pareja\/\" class=\"elementor-sitemap-item elementor-sitemap-item-page menu-link\">Sesi\u00f3n de fotos de pareja<\/a><\/li><li class=\"elementor-sitemap-item elementor-sitemap-item-page page_item page-item-1967 menu-item\"><a href=\"https:\/\/paris-photoshoot.com\/es\/sesion-de-fotos-familiar\/\" class=\"elementor-sitemap-item elementor-sitemap-item-page menu-link\">Sesi\u00f3n de fotos familiar<\/a><\/li><li class=\"elementor-sitemap-item elementor-sitemap-item-page page_item page-item-1981 menu-item\"><a href=\"https:\/\/paris-photoshoot.com\/es\/sesion-de-fotos-de-amigos\/\" class=\"elementor-sitemap-item elementor-sitemap-item-page menu-link\">Sesi\u00f3n de fotos de amigos<\/a><\/li><li class=\"elementor-sitemap-item elementor-sitemap-item-page page_item page-item-1965 menu-item\"><a href=\"https:\/\/paris-photoshoot.com\/es\/ponte-en-contacto-con\/\" class=\"elementor-sitemap-item elementor-sitemap-item-page menu-link\">Ponte en contacto con<\/a><\/li><li class=\"elementor-sitemap-item elementor-sitemap-item-page page_item page-item-2149 menu-item\"><a href=\"https:\/\/paris-photoshoot.com\/es\/politica-de-privacidad\/\" class=\"elementor-sitemap-item elementor-sitemap-item-page menu-link\">Pol\u00edtica de privacidad<\/a><\/li><li class=\"elementor-sitemap-item elementor-sitemap-item-page page_item page-item-2144 menu-item\"><a href=\"https:\/\/paris-photoshoot.com\/es\/preguntas-frecuentes\/\" class=\"elementor-sitemap-item elementor-sitemap-item-page menu-link\">PREGUNTAS FRECUENTES<\/a><\/li><li class=\"elementor-sitemap-item elementor-sitemap-item-page page_item page-item-2137 current_page_parent menu-item current-menu-parent\"><a href=\"https:\/\/paris-photoshoot.com\/es\/blog\/\" class=\"elementor-sitemap-item elementor-sitemap-item-page menu-link\">Blog<\/a><\/li><li class=\"elementor-sitemap-item elementor-sitemap-item-page page_item page-item-2150 menu-item\"><a href=\"https:\/\/paris-photoshoot.com\/es\/mi-cuenta\/\" class=\"elementor-sitemap-item elementor-sitemap-item-page menu-link\">Mi cuenta<\/a><\/li><li class=\"elementor-sitemap-item elementor-sitemap-item-page page_item page-item-2081 menu-item\"><a href=\"https:\/\/paris-photoshoot.com\/es\/condiciones-generales\/\" class=\"elementor-sitemap-item elementor-sitemap-item-page menu-link\">Condiciones generales<\/a><\/li><li class=\"elementor-sitemap-item elementor-sitemap-item-page page_item page-item-2077 menu-item\"><a href=\"https:\/\/paris-photoshoot.com\/es\/aviso-legal-y-condiciones-de-uso\/\" class=\"elementor-sitemap-item elementor-sitemap-item-page menu-link\">Aviso legal y condiciones de uso<\/a><\/li><li class=\"elementor-sitemap-item elementor-sitemap-item-page page_item page-item-2445 menu-item\"><a href=\"https:\/\/paris-photoshoot.com\/es\/cuales-son-los-mejores-lugares-para-hacer-fotos-en-paris\/\" class=\"elementor-sitemap-item elementor-sitemap-item-page menu-link\">\u00bfCu\u00e1les son los mejores lugares para hacer fotos en Par\u00eds?<\/a><\/li><li class=\"elementor-sitemap-item elementor-sitemap-item-page page_item page-item-2591 menu-item\"><a href=\"https:\/\/paris-photoshoot.com\/es\/sesiones-de-fotos-en-paris\/\" class=\"elementor-sitemap-item elementor-sitemap-item-page menu-link\">Sesiones de fotos en Par\u00eds<\/a><\/li><li class=\"elementor-sitemap-item elementor-sitemap-item-page page_item page-item-2719 menu-item\"><a href=\"https:\/\/paris-photoshoot.com\/es\/sesion-de-fotos-torre-eiffel-paris-contrata-a-un-fotografo-profesional\/\" class=\"elementor-sitemap-item elementor-sitemap-item-page menu-link\">Sesi\u00f3n de fotos Torre Eiffel Par\u00eds | Contrata a un fot\u00f3grafo profesional<\/a><\/li><\/ul><\/div><\/div>\t\t\t\t<\/div>\n\t\t\t\t<\/div>\n\t\t\t\t\t<\/div>\n\t\t\t\t<\/div>\n\t\t\t\t<\/div>\n\t\t","protected":false},"excerpt":{"rendered":"<p>La estructura de nuestro sitio web te facilita la navegaci\u00f3n por las distintas p\u00e1ginas. Simplemente haz clic en el art\u00edculo que desees y ser\u00e1s redirigido autom\u00e1ticamente a \u00e9l.<\/p>\n","protected":false},"author":1,"featured_media":0,"parent":0,"menu_order":0,"comment_status":"closed","ping_status":"closed","template":"","meta":{"site-sidebar-layout":"no-sidebar","site-content-layout":"","ast-site-content-layout":"full-width-container","site-content-style":"default","site-sidebar-style":"default","ast-global-header-display":"","ast-banner-title-visibility":"","ast-main-header-display":"","ast-hfb-above-header-display":"","ast-hfb-below-header-display":"","ast-hfb-mobile-header-display":"","site-post-title":"disabled","ast-breadcrumbs-content":"","ast-featured-img":"disabled","footer-sml-layout":"","ast-disable-related-posts":"","theme-transparent-header-meta":"","adv-header-id-meta":"","stick-header-meta":"","header-above-stick-meta":"","header-main-stick-meta":"","header-below-stick-meta":"","astra-migrate-meta-layouts":"default","ast-page-background-enabled":"default","ast-page-background-meta":{"desktop":{"background-color":"var(--ast-global-color-4)","background-image":"","background-repeat":"repeat","background-position":"center center","background-size":"auto","background-attachment":"scroll","background-type":"","background-media":"","overlay-type":"","overlay-color":"","overlay-opacity":"","overlay-gradient":""},"tablet":{"background-color":"","background-image":"","background-repeat":"repeat","background-position":"center center","background-size":"auto","background-attachment":"scroll","background-type":"","background-media":"","overlay-type":"","overlay-color":"","overlay-opacity":"","overlay-gradient":""},"mobile":{"background-color":"","background-image":"","background-repeat":"repeat","background-position":"center center","background-size":"auto","background-attachment":"scroll","background-type":"","background-media":"","overlay-type":"","overlay-color":"","overlay-opacity":"","overlay-gradient":""}},"ast-content-background-meta":{"desktop":{"background-color":"var(--ast-global-color-5)","background-image":"","background-repeat":"repeat","background-position":"center center","background-size":"auto","background-attachment":"scroll","background-type":"","background-media":"","overlay-type":"","overlay-color":"","overlay-opacity":"","overlay-gradient":""},"tablet":{"background-color":"var(--ast-global-color-5)","background-image":"","background-repeat":"repeat","background-position":"center center","background-size":"auto","background-attachment":"scroll","background-type":"","background-media":"","overlay-type":"","overlay-color":"","overlay-opacity":"","overlay-gradient":""},"mobile":{"background-color":"var(--ast-global-color-5)","background-image":"","background-repeat":"repeat","background-position":"center center","background-size":"auto","background-attachment":"scroll","background-type":"","background-media":"","overlay-type":"","overlay-color":"","overlay-opacity":"","overlay-gradient":""}},"footnotes":""},"class_list":["post-2520","page","type-page","status-publish","hentry"],"yoast_head":"<!-- This site is optimized with the Yoast SEO plugin v27.4 - https:\/\/yoast.com\/product\/yoast-seo-wordpress\/ -->\n<title>Mapa del sitio - Paris Photoshoot<\/title>\n<meta name=\"robots\" content=\"index, follow, max-snippet:-1, max-image-preview:large, max-video-preview:-1\" \/>\n<link rel=\"canonical\" href=\"https:\/\/paris-photoshoot.com\/es\/mapa-del-sitio\/\" \/>\n<meta property=\"og:locale\" content=\"es_ES\" \/>\n<meta property=\"og:type\" content=\"article\" \/>\n<meta property=\"og:title\" content=\"Mapa del sitio - Paris Photoshoot\" \/>\n<meta property=\"og:description\" content=\"La estructura de nuestro sitio web te facilita la navegaci\u00f3n por las distintas p\u00e1ginas. Simplemente haz clic en el art\u00edculo que desees y ser\u00e1s redirigido autom\u00e1ticamente a \u00e9l.\" \/>\n<meta property=\"og:url\" content=\"https:\/\/paris-photoshoot.com\/es\/mapa-del-sitio\/\" \/>\n<meta property=\"og:site_name\" content=\"Paris Photoshoot\" \/>\n<meta property=\"article:modified_time\" content=\"2026-03-13T10:29:26+00:00\" \/>\n<meta name=\"twitter:card\" content=\"summary_large_image\" \/>\n<script type=\"application\/ld+json\" class=\"yoast-schema-graph\">{\"@context\":\"https:\\\/\\\/schema.org\",\"@graph\":[{\"@type\":\"WebPage\",\"@id\":\"https:\\\/\\\/paris-photoshoot.com\\\/es\\\/mapa-del-sitio\\\/\",\"url\":\"https:\\\/\\\/paris-photoshoot.com\\\/es\\\/mapa-del-sitio\\\/\",\"name\":\"Mapa del sitio - Paris Photoshoot\",\"isPartOf\":{\"@id\":\"https:\\\/\\\/paris-photoshoot.com\\\/es\\\/#website\"},\"datePublished\":\"2026-03-13T10:10:21+00:00\",\"dateModified\":\"2026-03-13T10:29:26+00:00\",\"breadcrumb\":{\"@id\":\"https:\\\/\\\/paris-photoshoot.com\\\/es\\\/mapa-del-sitio\\\/#breadcrumb\"},\"inLanguage\":\"es\",\"potentialAction\":[{\"@type\":\"ReadAction\",\"target\":[\"https:\\\/\\\/paris-photoshoot.com\\\/es\\\/mapa-del-sitio\\\/\"]}]},{\"@type\":\"BreadcrumbList\",\"@id\":\"https:\\\/\\\/paris-photoshoot.com\\\/es\\\/mapa-del-sitio\\\/#breadcrumb\",\"itemListElement\":[{\"@type\":\"ListItem\",\"position\":1,\"name\":\"Home\",\"item\":\"https:\\\/\\\/paris-photoshoot.com\\\/es\\\/\"},{\"@type\":\"ListItem\",\"position\":2,\"name\":\"Mapa del sitio\"}]},{\"@type\":\"WebSite\",\"@id\":\"https:\\\/\\\/paris-photoshoot.com\\\/es\\\/#website\",\"url\":\"https:\\\/\\\/paris-photoshoot.com\\\/es\\\/\",\"name\":\"Paris Photoshoot\",\"description\":\"The best Parisian Photoshoot Experience\",\"potentialAction\":[{\"@type\":\"SearchAction\",\"target\":{\"@type\":\"EntryPoint\",\"urlTemplate\":\"https:\\\/\\\/paris-photoshoot.com\\\/es\\\/?s={search_term_string}\"},\"query-input\":{\"@type\":\"PropertyValueSpecification\",\"valueRequired\":true,\"valueName\":\"search_term_string\"}}],\"inLanguage\":\"es\"}]}<\/script>\n<!-- \/ Yoast SEO plugin. -->","yoast_head_json":{"title":"Mapa del sitio - Paris Photoshoot","robots":{"index":"index","follow":"follow","max-snippet":"max-snippet:-1","max-image-preview":"max-image-preview:large","max-video-preview":"max-video-preview:-1"},"canonical":"https:\/\/paris-photoshoot.com\/es\/mapa-del-sitio\/","og_locale":"es_ES","og_type":"article","og_title":"Mapa del sitio - Paris Photoshoot","og_description":"La estructura de nuestro sitio web te facilita la navegaci\u00f3n por las distintas p\u00e1ginas. Simplemente haz clic en el art\u00edculo que desees y ser\u00e1s redirigido autom\u00e1ticamente a \u00e9l.","og_url":"https:\/\/paris-photoshoot.com\/es\/mapa-del-sitio\/","og_site_name":"Paris Photoshoot","article_modified_time":"2026-03-13T10:29:26+00:00","twitter_card":"summary_large_image","schema":{"@context":"https:\/\/schema.org","@graph":[{"@type":"WebPage","@id":"https:\/\/paris-photoshoot.com\/es\/mapa-del-sitio\/","url":"https:\/\/paris-photoshoot.com\/es\/mapa-del-sitio\/","name":"Mapa del sitio - Paris Photoshoot","isPartOf":{"@id":"https:\/\/paris-photoshoot.com\/es\/#website"},"datePublished":"2026-03-13T10:10:21+00:00","dateModified":"2026-03-13T10:29:26+00:00","breadcrumb":{"@id":"https:\/\/paris-photoshoot.com\/es\/mapa-del-sitio\/#breadcrumb"},"inLanguage":"es","potentialAction":[{"@type":"ReadAction","target":["https:\/\/paris-photoshoot.com\/es\/mapa-del-sitio\/"]}]},{"@type":"BreadcrumbList","@id":"https:\/\/paris-photoshoot.com\/es\/mapa-del-sitio\/#breadcrumb","itemListElement":[{"@type":"ListItem","position":1,"name":"Home","item":"https:\/\/paris-photoshoot.com\/es\/"},{"@type":"ListItem","position":2,"name":"Mapa del sitio"}]},{"@type":"WebSite","@id":"https:\/\/paris-photoshoot.com\/es\/#website","url":"https:\/\/paris-photoshoot.com\/es\/","name":"Paris Photoshoot","description":"The best Parisian Photoshoot Experience","potentialAction":[{"@type":"SearchAction","target":{"@type":"EntryPoint","urlTemplate":"https:\/\/paris-photoshoot.com\/es\/?s={search_term_string}"},"query-input":{"@type":"PropertyValueSpecification","valueRequired":true,"valueName":"search_term_string"}}],"inLanguage":"es"}]}},"_links":{"self":[{"href":"https:\/\/paris-photoshoot.com\/es\/wp-json\/wp\/v2\/pages\/2520","targetHints":{"allow":["GET"]}}],"collection":[{"href":"https:\/\/paris-photoshoot.com\/es\/wp-json\/wp\/v2\/pages"}],"about":[{"href":"https:\/\/paris-photoshoot.com\/es\/wp-json\/wp\/v2\/types\/page"}],"author":[{"embeddable":true,"href":"https:\/\/paris-photoshoot.com\/es\/wp-json\/wp\/v2\/users\/1"}],"replies":[{"embeddable":true,"href":"https:\/\/paris-photoshoot.com\/es\/wp-json\/wp\/v2\/comments?post=2520"}],"version-history":[{"count":4,"href":"https:\/\/paris-photoshoot.com\/es\/wp-json\/wp\/v2\/pages\/2520\/revisions"}],"predecessor-version":[{"id":2544,"href":"https:\/\/paris-photoshoot.com\/es\/wp-json\/wp\/v2\/pages\/2520\/revisions\/2544"}],"wp:attachment":[{"href":"https:\/\/paris-photoshoot.com\/es\/wp-json\/wp\/v2\/media?parent=2520"}],"curies":[{"name":"wp","href":"https:\/\/api.w.org\/{rel}","templated":true}]}}