{"id":2445,"date":"2026-03-13T08:20:17","date_gmt":"2026-03-13T08:20:17","guid":{"rendered":"https:\/\/paris-photoshoot.com\/cuales-son-los-mejores-lugares-para-hacer-fotos-en-paris\/"},"modified":"2026-03-26T13:33:50","modified_gmt":"2026-03-26T13:33:50","slug":"cuales-son-los-mejores-lugares-para-hacer-fotos-en-paris","status":"publish","type":"page","link":"https:\/\/paris-photoshoot.com\/es\/cuales-son-los-mejores-lugares-para-hacer-fotos-en-paris\/","title":{"rendered":"\u00bfCu\u00e1les son los mejores lugares para hacer fotos en Par\u00eds?"},"content":{"rendered":"\t\t<div data-elementor-type=\"wp-page\" data-elementor-id=\"2445\" class=\"elementor elementor-2445 elementor-2442\" data-elementor-post-type=\"page\">\n\t\t\t\t\t\t<section class=\"elementor-section elementor-top-section elementor-element elementor-element-d8b62e7 elementor-section-height-min-height elementor-section-boxed elementor-section-height-default elementor-section-items-middle\" data-id=\"d8b62e7\" data-element_type=\"section\" data-e-type=\"section\" data-settings=\"{&quot;background_background&quot;:&quot;classic&quot;}\">\n\t\t\t\t\t\t\t<div class=\"elementor-background-overlay\"><\/div>\n\t\t\t\t\t\t\t<div class=\"elementor-container elementor-column-gap-default\">\n\t\t\t\t\t<div class=\"elementor-column elementor-col-100 elementor-top-column elementor-element elementor-element-c95bd66\" data-id=\"c95bd66\" data-element_type=\"column\" data-e-type=\"column\">\n\t\t\t<div class=\"elementor-widget-wrap elementor-element-populated\">\n\t\t\t\t\t\t<div class=\"elementor-element elementor-element-8cd149c de_scroll_animation_no elementor-widget elementor-widget-spacer\" data-id=\"8cd149c\" data-element_type=\"widget\" data-e-type=\"widget\" data-widget_type=\"spacer.default\">\n\t\t\t\t<div class=\"elementor-widget-container\">\n\t\t\t\t\t\t\t<div class=\"elementor-spacer\">\n\t\t\t<div class=\"elementor-spacer-inner\"><\/div>\n\t\t<\/div>\n\t\t\t\t\t\t<\/div>\n\t\t\t\t<\/div>\n\t\t\t\t\t<\/div>\n\t\t<\/div>\n\t\t\t\t\t<\/div>\n\t\t<\/section>\n\t\t<div class=\"elementor-element elementor-element-b051eb7 e-flex e-con-boxed e-con e-parent\" data-id=\"b051eb7\" data-element_type=\"container\" data-e-type=\"container\">\n\t\t\t\t\t<div class=\"e-con-inner\">\n\t\t<div class=\"elementor-element elementor-element-5f90ddb e-con-full e-flex e-con e-child\" data-id=\"5f90ddb\" data-element_type=\"container\" data-e-type=\"container\">\n\t\t\t\t<div class=\"elementor-element elementor-element-13e0381 de_scroll_animation_no elementor-widget elementor-widget-text-editor\" data-id=\"13e0381\" data-element_type=\"widget\" data-e-type=\"widget\" data-widget_type=\"text-editor.default\">\n\t\t\t\t<div class=\"elementor-widget-container\">\n\t\t\t\t\t\t\t\t\t<p><span style=\"font-weight: 400;\">\u00bfEst\u00e1s planeando una <\/span><b>sesi\u00f3n de fotos en Par\u00eds <\/b> <span style=\"font-weight: 400;\">\u00bfpronto? Busco   <\/span><b>lugares inspiradores<\/b><span style=\"font-weight: 400;\">  para captar im\u00e1genes realmente bellas ? Por supuesto, trabajar con un fot\u00f3grafo que conozca la ciudad es siempre una buena idea. Pero tambi\u00e9n ayuda conocer algunos lugares emblem\u00e1ticos que constituyen un tel\u00f3n de fondo excepcional para una sesi\u00f3n de fotos en Par\u00eds. Aqu\u00ed tienes varios lugares que gustan especialmente a los fot\u00f3grafos profesionales.  <\/span><\/p>\t\t\t\t\t\t\t\t<\/div>\n\t\t\t\t<\/div>\n\t\t\t\t<div class=\"elementor-element elementor-element-99e6eee de_scroll_animation_no elementor-widget elementor-widget-button\" data-id=\"99e6eee\" data-element_type=\"widget\" data-e-type=\"widget\" data-widget_type=\"button.default\">\n\t\t\t\t<div class=\"elementor-widget-container\">\n\t\t\t\t\t\t\t\t\t<div class=\"elementor-button-wrapper\">\n\t\t\t\t\t<a class=\"elementor-button elementor-button-link elementor-size-sm\" href=\"#more\">\n\t\t\t\t\t\t<span class=\"elementor-button-content-wrapper\">\n\t\t\t\t\t\t\t\t\t<span class=\"elementor-button-text\">SABER M\u00c1S<\/span>\n\t\t\t\t\t<\/span>\n\t\t\t\t\t<\/a>\n\t\t\t\t<\/div>\n\t\t\t\t\t\t\t\t<\/div>\n\t\t\t\t<\/div>\n\t\t\t\t<\/div>\n\t\t<div class=\"elementor-element elementor-element-2d432b0 e-con-full e-flex e-con e-child\" data-id=\"2d432b0\" data-element_type=\"container\" data-e-type=\"container\">\n\t\t\t\t<div class=\"elementor-element elementor-element-b97c8a3 de_scroll_animation_no elementor-widget elementor-widget-image\" data-id=\"b97c8a3\" data-element_type=\"widget\" data-e-type=\"widget\" data-widget_type=\"image.default\">\n\t\t\t\t<div class=\"elementor-widget-container\">\n\t\t\t\t\t\t\t\t\t\t\t\t\t\t\t<img fetchpriority=\"high\" decoding=\"async\" width=\"1024\" height=\"731\" src=\"https:\/\/paris-photoshoot.com\/wp-content\/uploads\/2026\/03\/SOL_6887-1024x731-1.jpg\" class=\"attachment-large size-large wp-image-2455\" alt=\"Con Photographe Paris, te beneficiar\u00e1s de la experiencia de un fot\u00f3grafo profesional que conoce al dedillo los mejores lugares de la capital. Sea cual sea tu proyecto, reserva tu sesi\u00f3n de fotos con nuestro equipo y d\u00e9janos crear para ti im\u00e1genes \u00fanicas en una de las ciudades m\u00e1s fotog\u00e9nicas del mundo.\" srcset=\"https:\/\/paris-photoshoot.com\/wp-content\/uploads\/2026\/03\/SOL_6887-1024x731-1.jpg 1024w, https:\/\/paris-photoshoot.com\/wp-content\/uploads\/2026\/03\/SOL_6887-1024x731-1-300x214.jpg 300w, https:\/\/paris-photoshoot.com\/wp-content\/uploads\/2026\/03\/SOL_6887-1024x731-1-768x548.jpg 768w, https:\/\/paris-photoshoot.com\/wp-content\/uploads\/2026\/03\/SOL_6887-1024x731-1-600x428.jpg 600w\" sizes=\"(max-width: 1024px) 100vw, 1024px\" \/>\t\t\t\t\t\t\t\t\t\t\t\t\t\t\t<\/div>\n\t\t\t\t<\/div>\n\t\t\t\t<\/div>\n\t\t\t\t\t<\/div>\n\t\t\t\t<\/div>\n\t\t<div class=\"elementor-element elementor-element-8a8e4cc e-flex e-con-boxed e-con e-parent\" data-id=\"8a8e4cc\" data-element_type=\"container\" data-e-type=\"container\">\n\t\t\t\t\t<div class=\"e-con-inner\">\n\t\t<div class=\"elementor-element elementor-element-42b621b e-con-full e-flex e-con e-child\" data-id=\"42b621b\" data-element_type=\"container\" data-e-type=\"container\" id=\"more\">\n\t\t\t\t<div class=\"elementor-element elementor-element-3a42ac3 de_scroll_animation_no elementor-widget elementor-widget-text-editor\" data-id=\"3a42ac3\" data-element_type=\"widget\" data-e-type=\"widget\" data-widget_type=\"text-editor.default\">\n\t\t\t\t<div class=\"elementor-widget-container\">\n\t\t\t\t\t\t\t\t\t<h2><span style=\"font-weight: 400;\">Sesi\u00f3n de fotos en la Torre Eiffel, Par\u00eds<\/span><\/h2><p><span style=\"font-weight: 400;\">Es dif\u00edcil imaginar una <\/span><b>sesi\u00f3n de fotos en Par\u00eds<\/b><span style=\"font-weight: 400;\"> sin la famosa <\/span><b>Torre Eiffel.<\/b><span style=\"font-weight: 400;\"> Como uno de los monumentos m\u00e1s emblem\u00e1ticos de la ciudad, ofrece uno de los escenarios m\u00e1s espectaculares para :<\/span><\/p><ul><li aria-level=\"1\"><a href=\"https:\/\/paris-photoshoot.com\/es\/sesion-de-fotos-de-pareja\/\"><b>Una rom\u00e1ntica sesi\u00f3n de fotos en pareja<\/b><\/a><\/li><\/ul><ul><li aria-level=\"1\"><b>Retratos individuales<\/b><\/li><\/ul><p><span style=\"font-weight: 400;\">Seg\u00fan el \u00e1ngulo y la perspectiva, la torre puede parecer majestuosa, elegante o sorprendentemente \u00edntima.<\/span><\/p><p><span style=\"font-weight: 400;\">Para una de las vistas m\u00e1s impresionantes de la <\/span><b>Torre Eiffel, los fot\u00f3grafos <\/b><span style=\"font-weight: 400;\">suelen dirigirse a los <\/span><b>Jardines del Trocadero.<\/b><span style=\"font-weight: 400;\"> Sus terrazas abiertas y sus fuentes crean una composici\u00f3n visual impactante que enmarca perfectamente el monumento.<\/span><\/p><p> <\/p><h2><span style=\"font-weight: 400;\">Sesi\u00f3n de fotos en el Museo del Louvre, Par\u00eds<\/span><\/h2><p><span style=\"font-weight: 400;\">El majestuoso<\/span><b> Museo del Louvre<\/b><span style=\"font-weight: 400;\"> es uno de los lugares m\u00e1s refinados<\/span><b> para una sesi\u00f3n de fotos elegante en Par\u00eds.<\/b><span style=\"font-weight: 400;\"> Con sus grandes patios, arcos y fachadas hist\u00f3ricas, el escenario es ideal para :<\/span><\/p><ul><li aria-level=\"1\"><b>Retratos sofisticados<\/b><\/li><\/ul><ul><li aria-level=\"1\"><b>Sesiones de pareja<\/b><\/li><\/ul><ul><li aria-level=\"1\"><b>Sesiones fotogr\u00e1ficas de estilo editorial<\/b><\/li><\/ul><p> <\/p><h2><span style=\"font-weight: 400;\">Sesi\u00f3n de fotos en Montmartre, Par\u00eds<\/span><\/h2><p><span style=\"font-weight: 400;\">Para un ambiente m\u00e1s \u00edntimo y aut\u00e9ntico, pocos barrios son comparables a <\/span><b>Montmartre<\/b><span style=\"font-weight: 400;\">. Encaramado en una colina del norte de Par\u00eds, este barrio hist\u00f3rico es famoso por sus calles empedradas, sus pintorescas escaleras y sus encantadoras fachadas.<\/span><\/p><p><span style=\"font-weight: 400;\">Montmartre es perfecto para captar una visi\u00f3n rom\u00e1ntica y art\u00edstica de<\/span><b>  Par\u00eds. Es una ubicaci\u00f3n excelente para : <\/b><\/p><ul><li aria-level=\"1\"><b>Sesi\u00f3n fotogr\u00e1fica de pareja<\/b><\/li><\/ul><ul><li aria-level=\"1\"><b>Una sesi\u00f3n de fotos de estilo de vida  <\/b><\/li><\/ul><ul><li aria-level=\"1\"><a href=\"https:\/\/paris-photoshoot.com\/es\/sesion-de-fotos-familiar\/\"><b>Una sesi\u00f3n de fotos familiar<\/b><\/a><\/li><\/ul><p> <\/p><h2><span style=\"font-weight: 400;\">Sesi\u00f3n de fotos a orillas del Sena, Par\u00eds<\/span><\/h2><p><b>El Sena<\/b><span style=\"font-weight: 400;\">  fluye por el coraz\u00f3n de la ciudad, uniendo muchos de los monumentos m\u00e1s famosos de Par\u00eds. Sus orillas, puentes y reflejos en el agua crean una atm\u00f3sfera elegante y cinematogr\u00e1fica. <\/span><\/p><p><b>Disparar a lo largo del Sena permite a los fot\u00f3grafos<\/b><span style=\"font-weight: 400;\">  para captar la esencia rom\u00e1ntica de Par\u00eds. Al atardecer, la luz se vuelve especialmente suave y dorada, condiciones ideales para una fotograf\u00eda natural y po\u00e9tica. <\/span><b>  sesi\u00f3n fotogr\u00e1fica.<\/b><\/p><p> <\/p><h2><span style=\"font-weight: 400;\">Sesi\u00f3n de fotos en el puente Bir-Hakeim, Par\u00eds<\/span><\/h2><p><span style=\"font-weight: 400;\">El famoso <\/span><b>Puente de Bir-Hakeim<\/b><span style=\"font-weight: 400;\">  es uno de los puentes m\u00e1s fotog\u00e9nicos de Par\u00eds. Sus arcos met\u00e1licos y sus l\u00edneas perfectamente sim\u00e9tricas crean una atm\u00f3sfera cinematogr\u00e1fica inconfundible. <\/span><\/p><p><b>Este lugar de Par\u00eds<\/b><span style=\"font-weight: 400;\"> es especialmente popular por :<\/span><\/p><ul><li aria-level=\"1\"><b>Sesiones fotogr\u00e1ficas de moda<\/b><\/li><\/ul><ul><li aria-level=\"1\"><b>Retratos art\u00edsticos<\/b><\/li><\/ul><ul><li aria-level=\"1\"><b>Sesiones de pareja<\/b><\/li><\/ul><p><span style=\"font-weight: 400;\">Desde el puente tambi\u00e9n puedes contemplar una hermosa vista de la <\/span><b>Torre Eiffel.<\/b><\/p><p><span style=\"font-weight: 400;\">Esta lista no es ni mucho menos exhaustiva. Par\u00eds ofrece una incre\u00edble variedad de escenarios para la fotograf\u00eda. M\u00e1s all\u00e1 de estos  <\/span> <b> lugares emblem\u00e1ticos<\/b><span style=\"font-weight: 400;\">Tambi\u00e9n puedes r<\/span><b>entar en espacios privados como casas<\/b><span style=\"font-weight: 400;\">o fotografiar en caf\u00e9s, jardines y muchos otros lugares \u00fanicos.<\/span><\/p><h2><span style=\"font-weight: 400;\">Planifica tu sesi\u00f3n de fotos en los lugares m\u00e1s bellos con Photographe Paris<\/span><\/h2><p><span style=\"font-weight: 400;\">\u00bfQuieres fotos espectaculares en el escenario perfecto? Con   <\/span><a href=\"https:\/\/paris-photoshoot.com\/es\/\"><b>Fot\u00f3grafo Par\u00eds<\/b><\/a><span style=\"font-weight: 400;\">te beneficias de la experiencia de un <\/span><b>fot\u00f3grafo profesional <\/b><span style=\"font-weight: 400;\">que conoce los mejores <\/span><b>de la capital<\/b><span style=\"font-weight: 400;\">  del rev\u00e9s. Sea cual sea tu proyecto,   <\/span><b>reserva tu sesi\u00f3n de fotos<\/b><span style=\"font-weight: 400;\"> con nuestro equipo y d\u00e9janos crear im\u00e1genes \u00fanicas para ti en una de las ciudades m\u00e1s fotog\u00e9nicas del mundo. <\/span> <\/p>\t\t\t\t\t\t\t\t<\/div>\n\t\t\t\t<\/div>\n\t\t\t\t<\/div>\n\t\t\t\t\t<\/div>\n\t\t\t\t<\/div>\n\t\t\t\t<\/div>\n\t\t","protected":false},"excerpt":{"rendered":"<p>\u00bfEst\u00e1s planeando una sesi\u00f3n de fotos en Par\u00eds \u00bfpronto? Busco lugares inspiradores para captar im\u00e1genes realmente bellas ? Por supuesto, trabajar con un fot\u00f3grafo que conozca la ciudad es siempre una buena idea. Pero tambi\u00e9n ayuda conocer algunos lugares emblem\u00e1ticos que constituyen un tel\u00f3n de fondo excepcional para una sesi\u00f3n de fotos en Par\u00eds. Aqu\u00ed [&hellip;]<\/p>\n","protected":false},"author":1,"featured_media":0,"parent":0,"menu_order":0,"comment_status":"closed","ping_status":"closed","template":"","meta":{"site-sidebar-layout":"no-sidebar","site-content-layout":"","ast-site-content-layout":"full-width-container","site-content-style":"default","site-sidebar-style":"default","ast-global-header-display":"","ast-banner-title-visibility":"","ast-main-header-display":"","ast-hfb-above-header-display":"","ast-hfb-below-header-display":"","ast-hfb-mobile-header-display":"","site-post-title":"disabled","ast-breadcrumbs-content":"","ast-featured-img":"disabled","footer-sml-layout":"","ast-disable-related-posts":"","theme-transparent-header-meta":"","adv-header-id-meta":"","stick-header-meta":"","header-above-stick-meta":"","header-main-stick-meta":"","header-below-stick-meta":"","astra-migrate-meta-layouts":"default","ast-page-background-enabled":"default","ast-page-background-meta":{"desktop":{"background-color":"var(--ast-global-color-4)","background-image":"","background-repeat":"repeat","background-position":"center center","background-size":"auto","background-attachment":"scroll","background-type":"","background-media":"","overlay-type":"","overlay-color":"","overlay-opacity":"","overlay-gradient":""},"tablet":{"background-color":"","background-image":"","background-repeat":"repeat","background-position":"center center","background-size":"auto","background-attachment":"scroll","background-type":"","background-media":"","overlay-type":"","overlay-color":"","overlay-opacity":"","overlay-gradient":""},"mobile":{"background-color":"","background-image":"","background-repeat":"repeat","background-position":"center center","background-size":"auto","background-attachment":"scroll","background-type":"","background-media":"","overlay-type":"","overlay-color":"","overlay-opacity":"","overlay-gradient":""}},"ast-content-background-meta":{"desktop":{"background-color":"var(--ast-global-color-5)","background-image":"","background-repeat":"repeat","background-position":"center center","background-size":"auto","background-attachment":"scroll","background-type":"","background-media":"","overlay-type":"","overlay-color":"","overlay-opacity":"","overlay-gradient":""},"tablet":{"background-color":"var(--ast-global-color-5)","background-image":"","background-repeat":"repeat","background-position":"center center","background-size":"auto","background-attachment":"scroll","background-type":"","background-media":"","overlay-type":"","overlay-color":"","overlay-opacity":"","overlay-gradient":""},"mobile":{"background-color":"var(--ast-global-color-5)","background-image":"","background-repeat":"repeat","background-position":"center center","background-size":"auto","background-attachment":"scroll","background-type":"","background-media":"","overlay-type":"","overlay-color":"","overlay-opacity":"","overlay-gradient":""}},"footnotes":""},"class_list":["post-2445","page","type-page","status-publish","hentry"],"yoast_head":"<!-- This site is optimized with the Yoast SEO plugin v27.4 - https:\/\/yoast.com\/product\/yoast-seo-wordpress\/ -->\n<title>Los mejores lugares para hacer fotos en Par\u00eds - Paris Photoshoot<\/title>\n<meta name=\"description\" content=\"Descubre los mejores lugares para sesiones fotogr\u00e1ficas en Par\u00eds, como la Torre Eiffel, el Louvre, Montmartre y m\u00e1s. Encuentra el lugar perfecto para tu sesi\u00f3n de fotos en Par\u00eds.\" \/>\n<meta name=\"robots\" content=\"index, follow, max-snippet:-1, max-image-preview:large, max-video-preview:-1\" \/>\n<link rel=\"canonical\" href=\"https:\/\/paris-photoshoot.com\/es\/cuales-son-los-mejores-lugares-para-hacer-fotos-en-paris\/\" \/>\n<meta property=\"og:locale\" content=\"es_ES\" \/>\n<meta property=\"og:type\" content=\"article\" \/>\n<meta property=\"og:title\" content=\"Los mejores lugares para hacer fotos en Par\u00eds - Paris Photoshoot\" \/>\n<meta property=\"og:description\" content=\"Descubre los mejores lugares para sesiones fotogr\u00e1ficas en Par\u00eds, como la Torre Eiffel, el Louvre, Montmartre y m\u00e1s. Encuentra el lugar perfecto para tu sesi\u00f3n de fotos en Par\u00eds.\" \/>\n<meta property=\"og:url\" content=\"https:\/\/paris-photoshoot.com\/es\/cuales-son-los-mejores-lugares-para-hacer-fotos-en-paris\/\" \/>\n<meta property=\"og:site_name\" content=\"Paris Photoshoot\" \/>\n<meta property=\"article:modified_time\" content=\"2026-03-26T13:33:50+00:00\" \/>\n<meta property=\"og:image\" content=\"https:\/\/paris-photoshoot.com\/wp-content\/uploads\/2026\/03\/SOL_6887-1024x731-1.jpg\" \/>\n\t<meta property=\"og:image:width\" content=\"1024\" \/>\n\t<meta property=\"og:image:height\" content=\"731\" \/>\n\t<meta property=\"og:image:type\" content=\"image\/jpeg\" \/>\n<meta name=\"twitter:card\" content=\"summary_large_image\" \/>\n<meta name=\"twitter:label1\" content=\"Tiempo de lectura\" \/>\n\t<meta name=\"twitter:data1\" content=\"3 minutos\" \/>\n<script type=\"application\/ld+json\" class=\"yoast-schema-graph\">{\"@context\":\"https:\\\/\\\/schema.org\",\"@graph\":[{\"@type\":\"WebPage\",\"@id\":\"https:\\\/\\\/paris-photoshoot.com\\\/es\\\/cuales-son-los-mejores-lugares-para-hacer-fotos-en-paris\\\/\",\"url\":\"https:\\\/\\\/paris-photoshoot.com\\\/es\\\/cuales-son-los-mejores-lugares-para-hacer-fotos-en-paris\\\/\",\"name\":\"Los mejores lugares para hacer fotos en Par\u00eds - Paris Photoshoot\",\"isPartOf\":{\"@id\":\"https:\\\/\\\/paris-photoshoot.com\\\/es\\\/#website\"},\"primaryImageOfPage\":{\"@id\":\"https:\\\/\\\/paris-photoshoot.com\\\/es\\\/cuales-son-los-mejores-lugares-para-hacer-fotos-en-paris\\\/#primaryimage\"},\"image\":{\"@id\":\"https:\\\/\\\/paris-photoshoot.com\\\/es\\\/cuales-son-los-mejores-lugares-para-hacer-fotos-en-paris\\\/#primaryimage\"},\"thumbnailUrl\":\"https:\\\/\\\/paris-photoshoot.com\\\/wp-content\\\/uploads\\\/2026\\\/03\\\/SOL_6887-1024x731-1.jpg\",\"datePublished\":\"2026-03-13T08:20:17+00:00\",\"dateModified\":\"2026-03-26T13:33:50+00:00\",\"description\":\"Descubre los mejores lugares para sesiones fotogr\u00e1ficas en Par\u00eds, como la Torre Eiffel, el Louvre, Montmartre y m\u00e1s. Encuentra el lugar perfecto para tu sesi\u00f3n de fotos en Par\u00eds.\",\"breadcrumb\":{\"@id\":\"https:\\\/\\\/paris-photoshoot.com\\\/es\\\/cuales-son-los-mejores-lugares-para-hacer-fotos-en-paris\\\/#breadcrumb\"},\"inLanguage\":\"es\",\"potentialAction\":[{\"@type\":\"ReadAction\",\"target\":[\"https:\\\/\\\/paris-photoshoot.com\\\/es\\\/cuales-son-los-mejores-lugares-para-hacer-fotos-en-paris\\\/\"]}]},{\"@type\":\"ImageObject\",\"inLanguage\":\"es\",\"@id\":\"https:\\\/\\\/paris-photoshoot.com\\\/es\\\/cuales-son-los-mejores-lugares-para-hacer-fotos-en-paris\\\/#primaryimage\",\"url\":\"https:\\\/\\\/paris-photoshoot.com\\\/wp-content\\\/uploads\\\/2026\\\/03\\\/SOL_6887-1024x731-1.jpg\",\"contentUrl\":\"https:\\\/\\\/paris-photoshoot.com\\\/wp-content\\\/uploads\\\/2026\\\/03\\\/SOL_6887-1024x731-1.jpg\"},{\"@type\":\"BreadcrumbList\",\"@id\":\"https:\\\/\\\/paris-photoshoot.com\\\/es\\\/cuales-son-los-mejores-lugares-para-hacer-fotos-en-paris\\\/#breadcrumb\",\"itemListElement\":[{\"@type\":\"ListItem\",\"position\":1,\"name\":\"Home\",\"item\":\"https:\\\/\\\/paris-photoshoot.com\\\/es\\\/\"},{\"@type\":\"ListItem\",\"position\":2,\"name\":\"\u00bfCu\u00e1les son los mejores lugares para hacer fotos en Par\u00eds?\"}]},{\"@type\":\"WebSite\",\"@id\":\"https:\\\/\\\/paris-photoshoot.com\\\/es\\\/#website\",\"url\":\"https:\\\/\\\/paris-photoshoot.com\\\/es\\\/\",\"name\":\"Paris Photoshoot\",\"description\":\"The best Parisian Photoshoot Experience\",\"potentialAction\":[{\"@type\":\"SearchAction\",\"target\":{\"@type\":\"EntryPoint\",\"urlTemplate\":\"https:\\\/\\\/paris-photoshoot.com\\\/es\\\/?s={search_term_string}\"},\"query-input\":{\"@type\":\"PropertyValueSpecification\",\"valueRequired\":true,\"valueName\":\"search_term_string\"}}],\"inLanguage\":\"es\"}]}<\/script>\n<!-- \/ Yoast SEO plugin. -->","yoast_head_json":{"title":"Los mejores lugares para hacer fotos en Par\u00eds - Paris Photoshoot","description":"Descubre los mejores lugares para sesiones fotogr\u00e1ficas en Par\u00eds, como la Torre Eiffel, el Louvre, Montmartre y m\u00e1s. Encuentra el lugar perfecto para tu sesi\u00f3n de fotos en Par\u00eds.","robots":{"index":"index","follow":"follow","max-snippet":"max-snippet:-1","max-image-preview":"max-image-preview:large","max-video-preview":"max-video-preview:-1"},"canonical":"https:\/\/paris-photoshoot.com\/es\/cuales-son-los-mejores-lugares-para-hacer-fotos-en-paris\/","og_locale":"es_ES","og_type":"article","og_title":"Los mejores lugares para hacer fotos en Par\u00eds - Paris Photoshoot","og_description":"Descubre los mejores lugares para sesiones fotogr\u00e1ficas en Par\u00eds, como la Torre Eiffel, el Louvre, Montmartre y m\u00e1s. Encuentra el lugar perfecto para tu sesi\u00f3n de fotos en Par\u00eds.","og_url":"https:\/\/paris-photoshoot.com\/es\/cuales-son-los-mejores-lugares-para-hacer-fotos-en-paris\/","og_site_name":"Paris Photoshoot","article_modified_time":"2026-03-26T13:33:50+00:00","og_image":[{"width":1024,"height":731,"url":"https:\/\/paris-photoshoot.com\/wp-content\/uploads\/2026\/03\/SOL_6887-1024x731-1.jpg","type":"image\/jpeg"}],"twitter_card":"summary_large_image","twitter_misc":{"Tiempo de lectura":"3 minutos"},"schema":{"@context":"https:\/\/schema.org","@graph":[{"@type":"WebPage","@id":"https:\/\/paris-photoshoot.com\/es\/cuales-son-los-mejores-lugares-para-hacer-fotos-en-paris\/","url":"https:\/\/paris-photoshoot.com\/es\/cuales-son-los-mejores-lugares-para-hacer-fotos-en-paris\/","name":"Los mejores lugares para hacer fotos en Par\u00eds - Paris Photoshoot","isPartOf":{"@id":"https:\/\/paris-photoshoot.com\/es\/#website"},"primaryImageOfPage":{"@id":"https:\/\/paris-photoshoot.com\/es\/cuales-son-los-mejores-lugares-para-hacer-fotos-en-paris\/#primaryimage"},"image":{"@id":"https:\/\/paris-photoshoot.com\/es\/cuales-son-los-mejores-lugares-para-hacer-fotos-en-paris\/#primaryimage"},"thumbnailUrl":"https:\/\/paris-photoshoot.com\/wp-content\/uploads\/2026\/03\/SOL_6887-1024x731-1.jpg","datePublished":"2026-03-13T08:20:17+00:00","dateModified":"2026-03-26T13:33:50+00:00","description":"Descubre los mejores lugares para sesiones fotogr\u00e1ficas en Par\u00eds, como la Torre Eiffel, el Louvre, Montmartre y m\u00e1s. Encuentra el lugar perfecto para tu sesi\u00f3n de fotos en Par\u00eds.","breadcrumb":{"@id":"https:\/\/paris-photoshoot.com\/es\/cuales-son-los-mejores-lugares-para-hacer-fotos-en-paris\/#breadcrumb"},"inLanguage":"es","potentialAction":[{"@type":"ReadAction","target":["https:\/\/paris-photoshoot.com\/es\/cuales-son-los-mejores-lugares-para-hacer-fotos-en-paris\/"]}]},{"@type":"ImageObject","inLanguage":"es","@id":"https:\/\/paris-photoshoot.com\/es\/cuales-son-los-mejores-lugares-para-hacer-fotos-en-paris\/#primaryimage","url":"https:\/\/paris-photoshoot.com\/wp-content\/uploads\/2026\/03\/SOL_6887-1024x731-1.jpg","contentUrl":"https:\/\/paris-photoshoot.com\/wp-content\/uploads\/2026\/03\/SOL_6887-1024x731-1.jpg"},{"@type":"BreadcrumbList","@id":"https:\/\/paris-photoshoot.com\/es\/cuales-son-los-mejores-lugares-para-hacer-fotos-en-paris\/#breadcrumb","itemListElement":[{"@type":"ListItem","position":1,"name":"Home","item":"https:\/\/paris-photoshoot.com\/es\/"},{"@type":"ListItem","position":2,"name":"\u00bfCu\u00e1les son los mejores lugares para hacer fotos en Par\u00eds?"}]},{"@type":"WebSite","@id":"https:\/\/paris-photoshoot.com\/es\/#website","url":"https:\/\/paris-photoshoot.com\/es\/","name":"Paris Photoshoot","description":"The best Parisian Photoshoot Experience","potentialAction":[{"@type":"SearchAction","target":{"@type":"EntryPoint","urlTemplate":"https:\/\/paris-photoshoot.com\/es\/?s={search_term_string}"},"query-input":{"@type":"PropertyValueSpecification","valueRequired":true,"valueName":"search_term_string"}}],"inLanguage":"es"}]}},"_links":{"self":[{"href":"https:\/\/paris-photoshoot.com\/es\/wp-json\/wp\/v2\/pages\/2445","targetHints":{"allow":["GET"]}}],"collection":[{"href":"https:\/\/paris-photoshoot.com\/es\/wp-json\/wp\/v2\/pages"}],"about":[{"href":"https:\/\/paris-photoshoot.com\/es\/wp-json\/wp\/v2\/types\/page"}],"author":[{"embeddable":true,"href":"https:\/\/paris-photoshoot.com\/es\/wp-json\/wp\/v2\/users\/1"}],"replies":[{"embeddable":true,"href":"https:\/\/paris-photoshoot.com\/es\/wp-json\/wp\/v2\/comments?post=2445"}],"version-history":[{"count":12,"href":"https:\/\/paris-photoshoot.com\/es\/wp-json\/wp\/v2\/pages\/2445\/revisions"}],"predecessor-version":[{"id":2526,"href":"https:\/\/paris-photoshoot.com\/es\/wp-json\/wp\/v2\/pages\/2445\/revisions\/2526"}],"wp:attachment":[{"href":"https:\/\/paris-photoshoot.com\/es\/wp-json\/wp\/v2\/media?parent=2445"}],"curies":[{"name":"wp","href":"https:\/\/api.w.org\/{rel}","templated":true}]}}