{"id":2077,"date":"2025-08-10T14:49:46","date_gmt":"2025-08-10T14:49:46","guid":{"rendered":"https:\/\/paris-photoshoot.com\/aviso-legal-y-condiciones-de-uso\/"},"modified":"2025-09-03T12:00:06","modified_gmt":"2025-09-03T12:00:06","slug":"aviso-legal-y-condiciones-de-uso","status":"publish","type":"page","link":"https:\/\/paris-photoshoot.com\/es\/aviso-legal-y-condiciones-de-uso\/","title":{"rendered":"Aviso legal y condiciones de uso"},"content":{"rendered":"\t\t<div data-elementor-type=\"wp-page\" data-elementor-id=\"2077\" class=\"elementor elementor-2077 elementor-1710\" data-elementor-post-type=\"page\">\n\t\t\t\t\t\t<section class=\"elementor-section elementor-top-section elementor-element elementor-element-ae5aa16 elementor-section-height-min-height elementor-section-stretched elementor-section-boxed elementor-section-height-default elementor-section-items-middle\" data-id=\"ae5aa16\" data-element_type=\"section\" data-e-type=\"section\" data-settings=\"{&quot;background_background&quot;:&quot;classic&quot;,&quot;stretch_section&quot;:&quot;section-stretched&quot;}\">\n\t\t\t\t\t\t\t<div class=\"elementor-background-overlay\"><\/div>\n\t\t\t\t\t\t\t<div class=\"elementor-container elementor-column-gap-default\">\n\t\t\t\t\t<div class=\"elementor-column elementor-col-100 elementor-top-column elementor-element elementor-element-c696cb9\" data-id=\"c696cb9\" data-element_type=\"column\" data-e-type=\"column\">\n\t\t\t<div class=\"elementor-widget-wrap elementor-element-populated\">\n\t\t\t\t\t\t\t<\/div>\n\t\t<\/div>\n\t\t\t\t\t<\/div>\n\t\t<\/section>\n\t\t\t\t<section class=\"elementor-section elementor-top-section elementor-element elementor-element-e01df3f elementor-section-boxed elementor-section-height-default elementor-section-height-default\" data-id=\"e01df3f\" data-element_type=\"section\" data-e-type=\"section\">\n\t\t\t\t\t\t<div class=\"elementor-container elementor-column-gap-default\">\n\t\t\t\t\t<div class=\"elementor-column elementor-col-100 elementor-top-column elementor-element elementor-element-03285ed\" data-id=\"03285ed\" data-element_type=\"column\" data-e-type=\"column\">\n\t\t\t<div class=\"elementor-widget-wrap elementor-element-populated\">\n\t\t\t\t\t\t<div class=\"elementor-element elementor-element-5883f7b6 de_scroll_animation_no elementor-widget elementor-widget-text-editor\" data-id=\"5883f7b6\" data-element_type=\"widget\" data-e-type=\"widget\" data-widget_type=\"text-editor.default\">\n\t\t\t\t<div class=\"elementor-widget-container\">\n\t\t\t\t\t\t\t\t\t<p data-start=\"269\" data-end=\"322\">1. PROPIEDAD DEL SITIO<br>Este sitio web est\u00e1 gestionado por: Paris Media<br data-start=\"450\" data-end=\"453\">Forma jur\u00eddica: SAS (Sociedad An\u00f3nima Francesa)<br data-start=\"493\" data-end=\"496\">SIREN: 94.38.29.01<br data-start=\"514\" data-end=\"517\">Direcci\u00f3n comercial: Par\u00eds<br data-start=\"588\" data-end=\"591\">Correo electr\u00f3nico: bax.paris.photographer@gmail.com<br data-start=\"630\" data-end=\"633\">Director de la publicaci\u00f3n: Par\u00eds Media<\/p><hr data-start=\"670\" data-end=\"673\"><p data-start=\"675\" data-end=\"704\">2. PROVEEDOR DE HOSTING<br>El sitio web Paris Photoshoot (\u00abhttps:\/\/paris-photoshoot.com\u00bb) est\u00e1 alojado en bluehost.com, con sede en 5335 Gate Pkwy, 2nd Floor, Jacksonville, FL 32256.<\/p><p data-start=\"887\" data-end=\"921\">3. PROPIEDAD INTELECTUAL<br>Todo el contenido de este sitio web, incluidos textos, im\u00e1genes, fotograf\u00edas, gr\u00e1ficos, logotipos y v\u00eddeos, es propiedad exclusiva de Paris Media, que opera como Paris Photoshoot, o de sus respectivos autores, y est\u00e1 protegido por las leyes de propiedad intelectual aplicables.<br data-start=\"1166\" data-end=\"1169\">Cualquier reproducci\u00f3n, representaci\u00f3n, modificaci\u00f3n, distribuci\u00f3n o republicaci\u00f3n, total o parcial, est\u00e1 estrictamente prohibida sin el consentimiento previo por escrito de Paris Media.<\/p><p data-start=\"1372\" data-end=\"1397\">4. CONDICIONES DE USO<br>Al acceder y utilizar este sitio web, aceptas las siguientes condiciones:<br>Puedes utilizar el contenido de este sitio \u00fanicamente con fines personales y no comerciales.<br>No puedes copiar, reproducir, distribuir ni explotar ninguna parte del sitio sin autorizaci\u00f3n por escrito.<br>Te comprometes a no utilizar el sitio con fines il\u00edcitos o perjudiciales, incluidos los intentos de perturbar su funcionamiento.<br>Paris Media se reserva el derecho a modificar, suspender o eliminar el sitio web o cualquier parte de su contenido sin previo aviso.<\/p><p data-start=\"1928\" data-end=\"1964\">5. LIMITACI\u00d3N DE RESPONSABILIDAD<br>Paris Medi, trading as Paris Photoshoot no se hace responsable de ning\u00fan da\u00f1o directo o indirecto derivado del uso del sitio web, incluida la p\u00e9rdida de datos o la interrupci\u00f3n del servicio.<br data-start=\"2151\" data-end=\"2154\">El sitio web puede contener enlaces a sitios web de terceros. Paris Media, comercializando como Paris Photoshoot no es responsable del contenido, pol\u00edticas o pr\u00e1cticas de dichos sitios. <\/p><p data-start=\"2327\" data-end=\"2363\">6. DATOS PERSONALES Y PRIVACIDAD<br>Para obtener informaci\u00f3n sobre c\u00f3mo recopilamos, procesamos y protegemos tus datos personales, consulta nuestra Pol\u00edtica de Privacidad.<\/p><p data-start=\"2510\" data-end=\"2536\">7. LEY APLICABLE<br>El presente Aviso Legal y las Condiciones de Uso se rigen por la legislaci\u00f3n francesa. Cualquier litigio se someter\u00e1 a la jurisdicci\u00f3n exclusiva de los tribunales franceses. <\/p>\t\t\t\t\t\t\t\t<\/div>\n\t\t\t\t<\/div>\n\t\t\t\t\t<\/div>\n\t\t<\/div>\n\t\t\t\t\t<\/div>\n\t\t<\/section>\n\t\t\t\t<\/div>\n\t\t","protected":false},"excerpt":{"rendered":"<p>1. PROPIEDAD DEL SITIOEste sitio web est\u00e1 gestionado por: Paris MediaForma jur\u00eddica: SAS (Sociedad An\u00f3nima Francesa)SIREN: 94.38.29.01Direcci\u00f3n comercial: Par\u00edsCorreo electr\u00f3nico: bax.paris.photographer@gmail.comDirector de la publicaci\u00f3n: Par\u00eds Media 2. PROVEEDOR DE HOSTINGEl sitio web Paris Photoshoot (\u00abhttps:\/\/paris-photoshoot.com\u00bb) est\u00e1 alojado en bluehost.com, con sede en 5335 Gate Pkwy, 2nd Floor, Jacksonville, FL 32256. 3. PROPIEDAD INTELECTUALTodo el contenido [&hellip;]<\/p>\n","protected":false},"author":2,"featured_media":0,"parent":0,"menu_order":0,"comment_status":"closed","ping_status":"closed","template":"","meta":{"site-sidebar-layout":"default","site-content-layout":"","ast-site-content-layout":"default","site-content-style":"default","site-sidebar-style":"default","ast-global-header-display":"","ast-banner-title-visibility":"","ast-main-header-display":"","ast-hfb-above-header-display":"","ast-hfb-below-header-display":"","ast-hfb-mobile-header-display":"","site-post-title":"disabled","ast-breadcrumbs-content":"","ast-featured-img":"","footer-sml-layout":"","ast-disable-related-posts":"","theme-transparent-header-meta":"","adv-header-id-meta":"","stick-header-meta":"","header-above-stick-meta":"","header-main-stick-meta":"","header-below-stick-meta":"","astra-migrate-meta-layouts":"default","ast-page-background-enabled":"default","ast-page-background-meta":{"desktop":{"background-color":"var(--ast-global-color-4)","background-image":"","background-repeat":"repeat","background-position":"center center","background-size":"auto","background-attachment":"scroll","background-type":"","background-media":"","overlay-type":"","overlay-color":"","overlay-opacity":"","overlay-gradient":""},"tablet":{"background-color":"","background-image":"","background-repeat":"repeat","background-position":"center center","background-size":"auto","background-attachment":"scroll","background-type":"","background-media":"","overlay-type":"","overlay-color":"","overlay-opacity":"","overlay-gradient":""},"mobile":{"background-color":"","background-image":"","background-repeat":"repeat","background-position":"center center","background-size":"auto","background-attachment":"scroll","background-type":"","background-media":"","overlay-type":"","overlay-color":"","overlay-opacity":"","overlay-gradient":""}},"ast-content-background-meta":{"desktop":{"background-color":"var(--ast-global-color-5)","background-image":"","background-repeat":"repeat","background-position":"center center","background-size":"auto","background-attachment":"scroll","background-type":"","background-media":"","overlay-type":"","overlay-color":"","overlay-opacity":"","overlay-gradient":""},"tablet":{"background-color":"var(--ast-global-color-5)","background-image":"","background-repeat":"repeat","background-position":"center center","background-size":"auto","background-attachment":"scroll","background-type":"","background-media":"","overlay-type":"","overlay-color":"","overlay-opacity":"","overlay-gradient":""},"mobile":{"background-color":"var(--ast-global-color-5)","background-image":"","background-repeat":"repeat","background-position":"center center","background-size":"auto","background-attachment":"scroll","background-type":"","background-media":"","overlay-type":"","overlay-color":"","overlay-opacity":"","overlay-gradient":""}},"footnotes":""},"class_list":["post-2077","page","type-page","status-publish","hentry"],"yoast_head":"<!-- This site is optimized with the Yoast SEO plugin v27.4 - https:\/\/yoast.com\/product\/yoast-seo-wordpress\/ -->\n<title>Aviso legal y condiciones de uso - Paris Photoshoot<\/title>\n<meta name=\"robots\" content=\"index, follow, max-snippet:-1, max-image-preview:large, max-video-preview:-1\" \/>\n<link rel=\"canonical\" href=\"https:\/\/paris-photoshoot.com\/es\/aviso-legal-y-condiciones-de-uso\/\" \/>\n<meta property=\"og:locale\" content=\"es_ES\" \/>\n<meta property=\"og:type\" content=\"article\" \/>\n<meta property=\"og:title\" content=\"Aviso legal y condiciones de uso - Paris Photoshoot\" \/>\n<meta property=\"og:description\" content=\"1. PROPIEDAD DEL SITIOEste sitio web est\u00e1 gestionado por: Paris MediaForma jur\u00eddica: SAS (Sociedad An\u00f3nima Francesa)SIREN: 94.38.29.01Direcci\u00f3n comercial: Par\u00edsCorreo electr\u00f3nico: bax.paris.photographer@gmail.comDirector de la publicaci\u00f3n: Par\u00eds Media 2. PROVEEDOR DE HOSTINGEl sitio web Paris Photoshoot (\u00abhttps:\/\/paris-photoshoot.com\u00bb) est\u00e1 alojado en bluehost.com, con sede en 5335 Gate Pkwy, 2nd Floor, Jacksonville, FL 32256. 3. PROPIEDAD INTELECTUALTodo el contenido [&hellip;]\" \/>\n<meta property=\"og:url\" content=\"https:\/\/paris-photoshoot.com\/es\/aviso-legal-y-condiciones-de-uso\/\" \/>\n<meta property=\"og:site_name\" content=\"Paris Photoshoot\" \/>\n<meta property=\"article:modified_time\" content=\"2025-09-03T12:00:06+00:00\" \/>\n<meta name=\"twitter:card\" content=\"summary_large_image\" \/>\n<meta name=\"twitter:label1\" content=\"Tiempo de lectura\" \/>\n\t<meta name=\"twitter:data1\" content=\"2 minutos\" \/>\n<script type=\"application\/ld+json\" class=\"yoast-schema-graph\">{\"@context\":\"https:\\\/\\\/schema.org\",\"@graph\":[{\"@type\":\"WebPage\",\"@id\":\"https:\\\/\\\/paris-photoshoot.com\\\/es\\\/aviso-legal-y-condiciones-de-uso\\\/\",\"url\":\"https:\\\/\\\/paris-photoshoot.com\\\/es\\\/aviso-legal-y-condiciones-de-uso\\\/\",\"name\":\"Aviso legal y condiciones de uso - Paris Photoshoot\",\"isPartOf\":{\"@id\":\"https:\\\/\\\/paris-photoshoot.com\\\/es\\\/#website\"},\"datePublished\":\"2025-08-10T14:49:46+00:00\",\"dateModified\":\"2025-09-03T12:00:06+00:00\",\"breadcrumb\":{\"@id\":\"https:\\\/\\\/paris-photoshoot.com\\\/es\\\/aviso-legal-y-condiciones-de-uso\\\/#breadcrumb\"},\"inLanguage\":\"es\",\"potentialAction\":[{\"@type\":\"ReadAction\",\"target\":[\"https:\\\/\\\/paris-photoshoot.com\\\/es\\\/aviso-legal-y-condiciones-de-uso\\\/\"]}]},{\"@type\":\"BreadcrumbList\",\"@id\":\"https:\\\/\\\/paris-photoshoot.com\\\/es\\\/aviso-legal-y-condiciones-de-uso\\\/#breadcrumb\",\"itemListElement\":[{\"@type\":\"ListItem\",\"position\":1,\"name\":\"Home\",\"item\":\"https:\\\/\\\/paris-photoshoot.com\\\/es\\\/\"},{\"@type\":\"ListItem\",\"position\":2,\"name\":\"Aviso legal y condiciones de uso\"}]},{\"@type\":\"WebSite\",\"@id\":\"https:\\\/\\\/paris-photoshoot.com\\\/es\\\/#website\",\"url\":\"https:\\\/\\\/paris-photoshoot.com\\\/es\\\/\",\"name\":\"Paris Photoshoot\",\"description\":\"The best Parisian Photoshoot Experience\",\"potentialAction\":[{\"@type\":\"SearchAction\",\"target\":{\"@type\":\"EntryPoint\",\"urlTemplate\":\"https:\\\/\\\/paris-photoshoot.com\\\/es\\\/?s={search_term_string}\"},\"query-input\":{\"@type\":\"PropertyValueSpecification\",\"valueRequired\":true,\"valueName\":\"search_term_string\"}}],\"inLanguage\":\"es\"}]}<\/script>\n<!-- \/ Yoast SEO plugin. -->","yoast_head_json":{"title":"Aviso legal y condiciones de uso - Paris Photoshoot","robots":{"index":"index","follow":"follow","max-snippet":"max-snippet:-1","max-image-preview":"max-image-preview:large","max-video-preview":"max-video-preview:-1"},"canonical":"https:\/\/paris-photoshoot.com\/es\/aviso-legal-y-condiciones-de-uso\/","og_locale":"es_ES","og_type":"article","og_title":"Aviso legal y condiciones de uso - Paris Photoshoot","og_description":"1. PROPIEDAD DEL SITIOEste sitio web est\u00e1 gestionado por: Paris MediaForma jur\u00eddica: SAS (Sociedad An\u00f3nima Francesa)SIREN: 94.38.29.01Direcci\u00f3n comercial: Par\u00edsCorreo electr\u00f3nico: bax.paris.photographer@gmail.comDirector de la publicaci\u00f3n: Par\u00eds Media 2. PROVEEDOR DE HOSTINGEl sitio web Paris Photoshoot (\u00abhttps:\/\/paris-photoshoot.com\u00bb) est\u00e1 alojado en bluehost.com, con sede en 5335 Gate Pkwy, 2nd Floor, Jacksonville, FL 32256. 3. PROPIEDAD INTELECTUALTodo el contenido [&hellip;]","og_url":"https:\/\/paris-photoshoot.com\/es\/aviso-legal-y-condiciones-de-uso\/","og_site_name":"Paris Photoshoot","article_modified_time":"2025-09-03T12:00:06+00:00","twitter_card":"summary_large_image","twitter_misc":{"Tiempo de lectura":"2 minutos"},"schema":{"@context":"https:\/\/schema.org","@graph":[{"@type":"WebPage","@id":"https:\/\/paris-photoshoot.com\/es\/aviso-legal-y-condiciones-de-uso\/","url":"https:\/\/paris-photoshoot.com\/es\/aviso-legal-y-condiciones-de-uso\/","name":"Aviso legal y condiciones de uso - Paris Photoshoot","isPartOf":{"@id":"https:\/\/paris-photoshoot.com\/es\/#website"},"datePublished":"2025-08-10T14:49:46+00:00","dateModified":"2025-09-03T12:00:06+00:00","breadcrumb":{"@id":"https:\/\/paris-photoshoot.com\/es\/aviso-legal-y-condiciones-de-uso\/#breadcrumb"},"inLanguage":"es","potentialAction":[{"@type":"ReadAction","target":["https:\/\/paris-photoshoot.com\/es\/aviso-legal-y-condiciones-de-uso\/"]}]},{"@type":"BreadcrumbList","@id":"https:\/\/paris-photoshoot.com\/es\/aviso-legal-y-condiciones-de-uso\/#breadcrumb","itemListElement":[{"@type":"ListItem","position":1,"name":"Home","item":"https:\/\/paris-photoshoot.com\/es\/"},{"@type":"ListItem","position":2,"name":"Aviso legal y condiciones de uso"}]},{"@type":"WebSite","@id":"https:\/\/paris-photoshoot.com\/es\/#website","url":"https:\/\/paris-photoshoot.com\/es\/","name":"Paris Photoshoot","description":"The best Parisian Photoshoot Experience","potentialAction":[{"@type":"SearchAction","target":{"@type":"EntryPoint","urlTemplate":"https:\/\/paris-photoshoot.com\/es\/?s={search_term_string}"},"query-input":{"@type":"PropertyValueSpecification","valueRequired":true,"valueName":"search_term_string"}}],"inLanguage":"es"}]}},"_links":{"self":[{"href":"https:\/\/paris-photoshoot.com\/es\/wp-json\/wp\/v2\/pages\/2077","targetHints":{"allow":["GET"]}}],"collection":[{"href":"https:\/\/paris-photoshoot.com\/es\/wp-json\/wp\/v2\/pages"}],"about":[{"href":"https:\/\/paris-photoshoot.com\/es\/wp-json\/wp\/v2\/types\/page"}],"author":[{"embeddable":true,"href":"https:\/\/paris-photoshoot.com\/es\/wp-json\/wp\/v2\/users\/2"}],"replies":[{"embeddable":true,"href":"https:\/\/paris-photoshoot.com\/es\/wp-json\/wp\/v2\/comments?post=2077"}],"version-history":[{"count":2,"href":"https:\/\/paris-photoshoot.com\/es\/wp-json\/wp\/v2\/pages\/2077\/revisions"}],"predecessor-version":[{"id":2085,"href":"https:\/\/paris-photoshoot.com\/es\/wp-json\/wp\/v2\/pages\/2077\/revisions\/2085"}],"wp:attachment":[{"href":"https:\/\/paris-photoshoot.com\/es\/wp-json\/wp\/v2\/media?parent=2077"}],"curies":[{"name":"wp","href":"https:\/\/api.w.org\/{rel}","templated":true}]}}